{"id":3520,"date":"2023-12-27T16:40:36","date_gmt":"2023-12-27T15:40:36","guid":{"rendered":"https:\/\/staging.microlabhard.com\/toldosros\/producto\/exclusive\/"},"modified":"2023-12-27T16:40:36","modified_gmt":"2023-12-27T15:40:36","slug":"exclusive","status":"publish","type":"product","link":"https:\/\/toldosros.com\/ca\/producto\/exclusive\/","title":{"rendered":"Exclusive"},"content":{"rendered":"<p>Ideal per cobrir espais de fins a 6,00 mts de l\u00ednia ja sigui a una terrassa o un balc\u00f3. Els seus bra\u00e7os articulats projecten el teixit fins a l&#8217;exterior de manera constant i mantenint-lo tensat durant tot el recorregut.<\/p>\n","protected":false},"excerpt":{"rendered":"<p>Ideal per cobrir espais de fins a 6,00 mts de l\u00ednia ja sigui a una terrassa o un balc\u00f3. Els seus bra\u00e7os articulats projecten el teixit fins a l&#8217;exterior de manera constant i mantenint-lo tensat durant tot el recorregut.<\/p>\n","protected":false},"featured_media":2152,"template":"","meta":{"_seopress_robots_primary_cat":"","_seopress_titles_title":"","_seopress_titles_desc":"","_seopress_robots_index":"","_joinchat":[]},"product_brand":[],"product_cat":[177,176],"product_tag":[],"class_list":{"0":"post-3520","1":"product","2":"type-product","3":"status-publish","4":"has-post-thumbnail","6":"product_cat-brac-invisible","7":"product_cat-tendals","9":"first","10":"instock","11":"shipping-taxable","12":"product-type-simple"},"_links":{"self":[{"href":"https:\/\/toldosros.com\/ca\/wp-json\/wp\/v2\/product\/3520","targetHints":{"allow":["GET"]}}],"collection":[{"href":"https:\/\/toldosros.com\/ca\/wp-json\/wp\/v2\/product"}],"about":[{"href":"https:\/\/toldosros.com\/ca\/wp-json\/wp\/v2\/types\/product"}],"wp:featuredmedia":[{"embeddable":true,"href":"https:\/\/toldosros.com\/ca\/wp-json\/wp\/v2\/media\/2152"}],"wp:attachment":[{"href":"https:\/\/toldosros.com\/ca\/wp-json\/wp\/v2\/media?parent=3520"}],"wp:term":[{"taxonomy":"product_brand","embeddable":true,"href":"https:\/\/toldosros.com\/ca\/wp-json\/wp\/v2\/product_brand?post=3520"},{"taxonomy":"product_cat","embeddable":true,"href":"https:\/\/toldosros.com\/ca\/wp-json\/wp\/v2\/product_cat?post=3520"},{"taxonomy":"product_tag","embeddable":true,"href":"https:\/\/toldosros.com\/ca\/wp-json\/wp\/v2\/product_tag?post=3520"}],"curies":[{"name":"wp","href":"https:\/\/api.w.org\/{rel}","templated":true}]}}