{"id":3518,"date":"2023-12-27T16:44:33","date_gmt":"2023-12-27T15:44:33","guid":{"rendered":"https:\/\/staging.microlabhard.com\/toldosros\/producto\/nadesmo\/"},"modified":"2023-12-27T16:44:33","modified_gmt":"2023-12-27T15:44:33","slug":"nadesmo","status":"publish","type":"product","link":"https:\/\/toldosros.com\/ca\/producto\/nadesmo\/","title":{"rendered":"Nadesmo"},"content":{"rendered":"<p>Aquest model \u00e9s ideal per cobrir grans fa\u00e7anes, gr\u00e0cies al seu sistema de subjecci\u00f3 especial. Es poden afegir tants bra\u00e7os com calgui en funci\u00f3 de les mides.<\/p>\n","protected":false},"excerpt":{"rendered":"<p>Aquest model \u00e9s ideal per cobrir grans fa\u00e7anes, gr\u00e0cies al seu sistema de subjecci\u00f3 especial. Es poden afegir tants bra\u00e7os com calgui en funci\u00f3 de les mides.<\/p>\n","protected":false},"featured_media":2154,"template":"","meta":{"_seopress_robots_primary_cat":"none","_seopress_titles_title":"","_seopress_titles_desc":"","_seopress_robots_index":"","_joinchat":[]},"product_brand":[],"product_cat":[177,176],"product_tag":[],"class_list":{"0":"post-3518","1":"product","2":"type-product","3":"status-publish","4":"has-post-thumbnail","6":"product_cat-brac-invisible","7":"product_cat-tendals","9":"first","10":"instock","11":"shipping-taxable","12":"product-type-simple"},"_links":{"self":[{"href":"https:\/\/toldosros.com\/ca\/wp-json\/wp\/v2\/product\/3518","targetHints":{"allow":["GET"]}}],"collection":[{"href":"https:\/\/toldosros.com\/ca\/wp-json\/wp\/v2\/product"}],"about":[{"href":"https:\/\/toldosros.com\/ca\/wp-json\/wp\/v2\/types\/product"}],"wp:featuredmedia":[{"embeddable":true,"href":"https:\/\/toldosros.com\/ca\/wp-json\/wp\/v2\/media\/2154"}],"wp:attachment":[{"href":"https:\/\/toldosros.com\/ca\/wp-json\/wp\/v2\/media?parent=3518"}],"wp:term":[{"taxonomy":"product_brand","embeddable":true,"href":"https:\/\/toldosros.com\/ca\/wp-json\/wp\/v2\/product_brand?post=3518"},{"taxonomy":"product_cat","embeddable":true,"href":"https:\/\/toldosros.com\/ca\/wp-json\/wp\/v2\/product_cat?post=3518"},{"taxonomy":"product_tag","embeddable":true,"href":"https:\/\/toldosros.com\/ca\/wp-json\/wp\/v2\/product_tag?post=3518"}],"curies":[{"name":"wp","href":"https:\/\/api.w.org\/{rel}","templated":true}]}}