{"id":3515,"date":"2023-12-27T17:01:18","date_gmt":"2023-12-27T16:01:18","guid":{"rendered":"https:\/\/staging.microlabhard.com\/toldosros\/producto\/cofre-novo\/"},"modified":"2023-12-27T17:01:18","modified_gmt":"2023-12-27T16:01:18","slug":"cofre-novo","status":"publish","type":"product","link":"https:\/\/toldosros.com\/ca\/producto\/cofre-novo\/","title":{"rendered":"Cofre Novo"},"content":{"rendered":"<p>El disseny combina formes suaus i angles amb car\u00e0cter. El resultat \u00e9s una est\u00e8tica inspirada en la varietat de formes de la natura. La protecci\u00f3 que ofereix el cofre \u00e9s total, un cop recollit. Model amb motor incl\u00f2s.<\/p>\n","protected":false},"excerpt":{"rendered":"<p>El disseny combina formes suaus i angles amb car\u00e0cter. El resultat \u00e9s una est\u00e8tica inspirada en la varietat de formes de la natura. La protecci\u00f3 que ofereix el cofre \u00e9s total, un cop recollit. Model amb motor incl\u00f2s.<\/p>\n","protected":false},"featured_media":2157,"template":"","meta":{"_seopress_robots_primary_cat":"","_seopress_titles_title":"","_seopress_titles_desc":"","_seopress_robots_index":"","_joinchat":[]},"product_brand":[],"product_cat":[177,176],"product_tag":[],"class_list":{"0":"post-3515","1":"product","2":"type-product","3":"status-publish","4":"has-post-thumbnail","6":"product_cat-brac-invisible","7":"product_cat-tendals","9":"first","10":"instock","11":"shipping-taxable","12":"product-type-simple"},"_links":{"self":[{"href":"https:\/\/toldosros.com\/ca\/wp-json\/wp\/v2\/product\/3515","targetHints":{"allow":["GET"]}}],"collection":[{"href":"https:\/\/toldosros.com\/ca\/wp-json\/wp\/v2\/product"}],"about":[{"href":"https:\/\/toldosros.com\/ca\/wp-json\/wp\/v2\/types\/product"}],"wp:featuredmedia":[{"embeddable":true,"href":"https:\/\/toldosros.com\/ca\/wp-json\/wp\/v2\/media\/2157"}],"wp:attachment":[{"href":"https:\/\/toldosros.com\/ca\/wp-json\/wp\/v2\/media?parent=3515"}],"wp:term":[{"taxonomy":"product_brand","embeddable":true,"href":"https:\/\/toldosros.com\/ca\/wp-json\/wp\/v2\/product_brand?post=3515"},{"taxonomy":"product_cat","embeddable":true,"href":"https:\/\/toldosros.com\/ca\/wp-json\/wp\/v2\/product_cat?post=3515"},{"taxonomy":"product_tag","embeddable":true,"href":"https:\/\/toldosros.com\/ca\/wp-json\/wp\/v2\/product_tag?post=3515"}],"curies":[{"name":"wp","href":"https:\/\/api.w.org\/{rel}","templated":true}]}}