{"id":3512,"date":"2023-12-27T17:14:48","date_gmt":"2023-12-27T16:14:48","guid":{"rendered":"https:\/\/staging.microlabhard.com\/toldosros\/producto\/cofre-infinity\/"},"modified":"2023-12-27T17:14:48","modified_gmt":"2023-12-27T16:14:48","slug":"cofre-infinity","status":"publish","type":"product","link":"https:\/\/toldosros.com\/ca\/producto\/cofre-infinity\/","title":{"rendered":"Cofre Infinity"},"content":{"rendered":"<p>Model dintegraci\u00f3 total a larquitectura contempor\u00e0nia, l\u00ednies rectes i vives. El cofre protegir\u00e0 completament el teixit del seu tendal. Motor incorporat.<\/p>\n","protected":false},"excerpt":{"rendered":"<p>Model dintegraci\u00f3 total a larquitectura contempor\u00e0nia, l\u00ednies rectes i vives. El cofre protegir\u00e0 completament el teixit del seu tendal. Motor incorporat.<\/p>\n","protected":false},"featured_media":2160,"template":"","meta":{"_seopress_robots_primary_cat":"","_seopress_titles_title":"","_seopress_titles_desc":"","_seopress_robots_index":"","_joinchat":[]},"product_brand":[],"product_cat":[177,176],"product_tag":[],"class_list":{"0":"post-3512","1":"product","2":"type-product","3":"status-publish","4":"has-post-thumbnail","6":"product_cat-brac-invisible","7":"product_cat-tendals","9":"first","10":"instock","11":"shipping-taxable","12":"product-type-simple"},"_links":{"self":[{"href":"https:\/\/toldosros.com\/ca\/wp-json\/wp\/v2\/product\/3512","targetHints":{"allow":["GET"]}}],"collection":[{"href":"https:\/\/toldosros.com\/ca\/wp-json\/wp\/v2\/product"}],"about":[{"href":"https:\/\/toldosros.com\/ca\/wp-json\/wp\/v2\/types\/product"}],"wp:featuredmedia":[{"embeddable":true,"href":"https:\/\/toldosros.com\/ca\/wp-json\/wp\/v2\/media\/2160"}],"wp:attachment":[{"href":"https:\/\/toldosros.com\/ca\/wp-json\/wp\/v2\/media?parent=3512"}],"wp:term":[{"taxonomy":"product_brand","embeddable":true,"href":"https:\/\/toldosros.com\/ca\/wp-json\/wp\/v2\/product_brand?post=3512"},{"taxonomy":"product_cat","embeddable":true,"href":"https:\/\/toldosros.com\/ca\/wp-json\/wp\/v2\/product_cat?post=3512"},{"taxonomy":"product_tag","embeddable":true,"href":"https:\/\/toldosros.com\/ca\/wp-json\/wp\/v2\/product_tag?post=3512"}],"curies":[{"name":"wp","href":"https:\/\/api.w.org\/{rel}","templated":true}]}}