{"id":3509,"date":"2023-12-27T17:35:56","date_gmt":"2023-12-27T16:35:56","guid":{"rendered":"https:\/\/staging.microlabhard.com\/toldosros\/producto\/correder-mari\/"},"modified":"2023-12-27T17:35:56","modified_gmt":"2023-12-27T16:35:56","slug":"correder-mari","status":"publish","type":"product","link":"https:\/\/toldosros.com\/ca\/producto\/correder-mari\/","title":{"rendered":"Correder Mar\u00ed"},"content":{"rendered":"<p>Aquest tipus de tendal \u00e9s tamb\u00e9 conegut com a tendal corredor d&#8217;ones. Ofereix una m\u00e0xima seguretat gr\u00e0cies als seus ancoratges i perfils d&#8217;alumini. El seu accionament pot ser manual o motoritzat i es poden aplicar tendals verticals o un altre tipus de tendal per al tancament lateral.<\/p>\n","protected":false},"excerpt":{"rendered":"<p>Aquest tipus de tendal \u00e9s tamb\u00e9 conegut com a tendal corredor d&#8217;ones. Ofereix una m\u00e0xima seguretat gr\u00e0cies als seus ancoratges i perfils d&#8217;alumini. El seu accionament pot ser manual o motoritzat i es poden aplicar tendals verticals o un altre tipus de tendal per al tancament lateral.<\/p>\n","protected":false},"featured_media":2163,"template":"","meta":{"_seopress_robots_primary_cat":"","_seopress_titles_title":"","_seopress_titles_desc":"","_seopress_robots_index":"","_joinchat":[]},"product_brand":[],"product_cat":[180,182,176],"product_tag":[],"class_list":{"0":"post-3509","1":"product","2":"type-product","3":"status-publish","4":"has-post-thumbnail","6":"product_cat-corredors-pergoles","7":"product_cat-gamma-estandard","8":"product_cat-tendals","10":"first","11":"instock","12":"shipping-taxable","13":"product-type-simple"},"_links":{"self":[{"href":"https:\/\/toldosros.com\/ca\/wp-json\/wp\/v2\/product\/3509","targetHints":{"allow":["GET"]}}],"collection":[{"href":"https:\/\/toldosros.com\/ca\/wp-json\/wp\/v2\/product"}],"about":[{"href":"https:\/\/toldosros.com\/ca\/wp-json\/wp\/v2\/types\/product"}],"wp:featuredmedia":[{"embeddable":true,"href":"https:\/\/toldosros.com\/ca\/wp-json\/wp\/v2\/media\/2163"}],"wp:attachment":[{"href":"https:\/\/toldosros.com\/ca\/wp-json\/wp\/v2\/media?parent=3509"}],"wp:term":[{"taxonomy":"product_brand","embeddable":true,"href":"https:\/\/toldosros.com\/ca\/wp-json\/wp\/v2\/product_brand?post=3509"},{"taxonomy":"product_cat","embeddable":true,"href":"https:\/\/toldosros.com\/ca\/wp-json\/wp\/v2\/product_cat?post=3509"},{"taxonomy":"product_tag","embeddable":true,"href":"https:\/\/toldosros.com\/ca\/wp-json\/wp\/v2\/product_tag?post=3509"}],"curies":[{"name":"wp","href":"https:\/\/api.w.org\/{rel}","templated":true}]}}