{"id":3507,"date":"2023-12-27T17:41:41","date_gmt":"2023-12-27T16:41:41","guid":{"rendered":"https:\/\/staging.microlabhard.com\/toldosros\/producto\/correder-mari-amb-vertical-frontal\/"},"modified":"2023-12-27T17:41:41","modified_gmt":"2023-12-27T16:41:41","slug":"correder-mari-amb-vertical-frontal","status":"publish","type":"product","link":"https:\/\/toldosros.com\/ca\/producto\/correder-mari-amb-vertical-frontal\/","title":{"rendered":"Correder Mar\u00ed amb vertical frontal"},"content":{"rendered":"<p>Tancament frontal d&#8217;un corred\u00eds mar\u00ed, amb un tendal vertical amb guia ampla i barres interm\u00e8dies, per refor\u00e7ar i donar m\u00e9s consist\u00e8ncia a aquest tendal.<\/p>\n","protected":false},"excerpt":{"rendered":"<p>Tancament frontal d&#8217;un corred\u00eds mar\u00ed, amb un tendal vertical amb guia ampla i barres interm\u00e8dies, per refor\u00e7ar i donar m\u00e9s consist\u00e8ncia a aquest tendal.<\/p>\n","protected":false},"featured_media":2165,"template":"","meta":{"_seopress_robots_primary_cat":"none","_seopress_titles_title":"","_seopress_titles_desc":"","_seopress_robots_index":"","_joinchat":[]},"product_brand":[],"product_cat":[180,182,176],"product_tag":[],"class_list":{"0":"post-3507","1":"product","2":"type-product","3":"status-publish","4":"has-post-thumbnail","6":"product_cat-corredors-pergoles","7":"product_cat-gamma-estandard","8":"product_cat-tendals","10":"first","11":"instock","12":"shipping-taxable","13":"product-type-simple"},"_links":{"self":[{"href":"https:\/\/toldosros.com\/ca\/wp-json\/wp\/v2\/product\/3507","targetHints":{"allow":["GET"]}}],"collection":[{"href":"https:\/\/toldosros.com\/ca\/wp-json\/wp\/v2\/product"}],"about":[{"href":"https:\/\/toldosros.com\/ca\/wp-json\/wp\/v2\/types\/product"}],"wp:featuredmedia":[{"embeddable":true,"href":"https:\/\/toldosros.com\/ca\/wp-json\/wp\/v2\/media\/2165"}],"wp:attachment":[{"href":"https:\/\/toldosros.com\/ca\/wp-json\/wp\/v2\/media?parent=3507"}],"wp:term":[{"taxonomy":"product_brand","embeddable":true,"href":"https:\/\/toldosros.com\/ca\/wp-json\/wp\/v2\/product_brand?post=3507"},{"taxonomy":"product_cat","embeddable":true,"href":"https:\/\/toldosros.com\/ca\/wp-json\/wp\/v2\/product_cat?post=3507"},{"taxonomy":"product_tag","embeddable":true,"href":"https:\/\/toldosros.com\/ca\/wp-json\/wp\/v2\/product_tag?post=3507"}],"curies":[{"name":"wp","href":"https:\/\/api.w.org\/{rel}","templated":true}]}}