{"id":3505,"date":"2023-12-27T17:55:02","date_gmt":"2023-12-27T16:55:02","guid":{"rendered":"https:\/\/staging.microlabhard.com\/toldosros\/producto\/discovery-veranda\/"},"modified":"2023-12-27T17:55:02","modified_gmt":"2023-12-27T16:55:02","slug":"discovery-veranda","status":"publish","type":"product","link":"https:\/\/toldosros.com\/ca\/producto\/discovery-veranda\/","title":{"rendered":"Discovery Veranda"},"content":{"rendered":"<p>Model de tendal corred\u00eds funcional per excel\u00b7l\u00e8ncia, ho t\u00e9 tot. Realitzat \u00edntegrament en alumini, accionat sempre mitjan\u00e7ant motor i amb moll inferior que permet la tensi\u00f3 del teixit, cofre superior per a protecci\u00f3 de la lona.<\/p>\n","protected":false},"excerpt":{"rendered":"<p>Model de tendal corred\u00eds funcional per excel\u00b7l\u00e8ncia, ho t\u00e9 tot. Realitzat \u00edntegrament en alumini, accionat sempre mitjan\u00e7ant motor i amb moll inferior que permet la tensi\u00f3 del teixit, cofre superior per a protecci\u00f3 de la lona.<\/p>\n","protected":false},"featured_media":2167,"template":"","meta":{"_seopress_robots_primary_cat":"","_seopress_titles_title":"","_seopress_titles_desc":"","_seopress_robots_index":"","_joinchat":[]},"product_brand":[],"product_cat":[180,183,176],"product_tag":[],"class_list":{"0":"post-3505","1":"product","2":"type-product","3":"status-publish","4":"has-post-thumbnail","6":"product_cat-corredors-pergoles","7":"product_cat-gamma-mitja","8":"product_cat-tendals","10":"first","11":"instock","12":"shipping-taxable","13":"product-type-simple"},"_links":{"self":[{"href":"https:\/\/toldosros.com\/ca\/wp-json\/wp\/v2\/product\/3505","targetHints":{"allow":["GET"]}}],"collection":[{"href":"https:\/\/toldosros.com\/ca\/wp-json\/wp\/v2\/product"}],"about":[{"href":"https:\/\/toldosros.com\/ca\/wp-json\/wp\/v2\/types\/product"}],"wp:featuredmedia":[{"embeddable":true,"href":"https:\/\/toldosros.com\/ca\/wp-json\/wp\/v2\/media\/2167"}],"wp:attachment":[{"href":"https:\/\/toldosros.com\/ca\/wp-json\/wp\/v2\/media?parent=3505"}],"wp:term":[{"taxonomy":"product_brand","embeddable":true,"href":"https:\/\/toldosros.com\/ca\/wp-json\/wp\/v2\/product_brand?post=3505"},{"taxonomy":"product_cat","embeddable":true,"href":"https:\/\/toldosros.com\/ca\/wp-json\/wp\/v2\/product_cat?post=3505"},{"taxonomy":"product_tag","embeddable":true,"href":"https:\/\/toldosros.com\/ca\/wp-json\/wp\/v2\/product_tag?post=3505"}],"curies":[{"name":"wp","href":"https:\/\/api.w.org\/{rel}","templated":true}]}}