{"id":3503,"date":"2023-12-27T17:57:18","date_gmt":"2023-12-27T16:57:18","guid":{"rendered":"https:\/\/staging.microlabhard.com\/toldosros\/producto\/pergola-c110\/"},"modified":"2023-12-27T17:57:18","modified_gmt":"2023-12-27T16:57:18","slug":"pergola-c110","status":"publish","type":"product","link":"https:\/\/toldosros.com\/ca\/producto\/pergola-c110\/","title":{"rendered":"P\u00e8rgola C110"},"content":{"rendered":"<p>P\u00e8rgola de l\u00ednies rectes en perfils de cantons lleugerament arrodonits. Estructura formada per tubs i guies de 110&#215;110. Coberta plegable amb perfils d&#8217;alumini &#8220;palillers&#8221; que sostenen la lona. Indicada per protegir dels agents atmosf\u00e8rics especialment del sol en terrasses, porxos, locals comercials&#8230;<\/p>\n","protected":false},"excerpt":{"rendered":"<p>P\u00e8rgola de l\u00ednies rectes en perfils de cantons lleugerament arrodonits. Estructura formada per tubs i guies de 110&#215;110. Coberta plegable amb perfils d&#8217;alumini &#8220;palillers&#8221; que sostenen la lona. Indicada per protegir dels agents atmosf\u00e8rics especialment del sol en terrasses, porxos, locals comercials&#8230;<\/p>\n","protected":false},"featured_media":2169,"template":"","meta":{"_seopress_robots_primary_cat":"none","_seopress_titles_title":"","_seopress_titles_desc":"","_seopress_robots_index":"","_joinchat":[]},"product_brand":[],"product_cat":[180,183,176],"product_tag":[],"class_list":{"0":"post-3503","1":"product","2":"type-product","3":"status-publish","4":"has-post-thumbnail","6":"product_cat-corredors-pergoles","7":"product_cat-gamma-mitja","8":"product_cat-tendals","10":"first","11":"instock","12":"shipping-taxable","13":"product-type-simple"},"_links":{"self":[{"href":"https:\/\/toldosros.com\/ca\/wp-json\/wp\/v2\/product\/3503","targetHints":{"allow":["GET"]}}],"collection":[{"href":"https:\/\/toldosros.com\/ca\/wp-json\/wp\/v2\/product"}],"about":[{"href":"https:\/\/toldosros.com\/ca\/wp-json\/wp\/v2\/types\/product"}],"wp:featuredmedia":[{"embeddable":true,"href":"https:\/\/toldosros.com\/ca\/wp-json\/wp\/v2\/media\/2169"}],"wp:attachment":[{"href":"https:\/\/toldosros.com\/ca\/wp-json\/wp\/v2\/media?parent=3503"}],"wp:term":[{"taxonomy":"product_brand","embeddable":true,"href":"https:\/\/toldosros.com\/ca\/wp-json\/wp\/v2\/product_brand?post=3503"},{"taxonomy":"product_cat","embeddable":true,"href":"https:\/\/toldosros.com\/ca\/wp-json\/wp\/v2\/product_cat?post=3503"},{"taxonomy":"product_tag","embeddable":true,"href":"https:\/\/toldosros.com\/ca\/wp-json\/wp\/v2\/product_tag?post=3503"}],"curies":[{"name":"wp","href":"https:\/\/api.w.org\/{rel}","templated":true}]}}