{"id":3502,"date":"2023-12-27T18:00:06","date_gmt":"2023-12-27T17:00:06","guid":{"rendered":"https:\/\/staging.microlabhard.com\/toldosros\/producto\/pergola-praga-90x50\/"},"modified":"2023-12-27T18:00:06","modified_gmt":"2023-12-27T17:00:06","slug":"pergola-praga-90x50","status":"publish","type":"product","link":"https:\/\/toldosros.com\/ca\/producto\/pergola-praga-90x50\/","title":{"rendered":"P\u00e8rgola Praga 90&#215;50"},"content":{"rendered":"<p>P\u00e8rgola forta i est\u00e8tica, amb perfil d&#8217;alumini de 90\u00d750 es pot col\u00b7locar a qualsevol jard\u00ed ja sigui a la muntanya, la ciutat o la costa. La pau i la tranquil\u00b7litat que transmet aquest model amb les seves ones l&#8217;han convertit en un dels tendals m\u00e9s apreciats.<\/p>\n","protected":false},"excerpt":{"rendered":"<p>P\u00e8rgola forta i est\u00e8tica, amb perfil d&#8217;alumini de 90\u00d750 es pot col\u00b7locar a qualsevol jard\u00ed ja sigui a la muntanya, la ciutat o la costa. La pau i la tranquil\u00b7litat que transmet aquest model amb les seves ones l&#8217;han convertit en un dels tendals m\u00e9s apreciats.<\/p>\n","protected":false},"featured_media":2170,"template":"","meta":{"_seopress_robots_primary_cat":"none","_seopress_titles_title":"","_seopress_titles_desc":"","_seopress_robots_index":"","_joinchat":[]},"product_brand":[],"product_cat":[180,183,176],"product_tag":[],"class_list":{"0":"post-3502","1":"product","2":"type-product","3":"status-publish","4":"has-post-thumbnail","6":"product_cat-corredors-pergoles","7":"product_cat-gamma-mitja","8":"product_cat-tendals","10":"first","11":"instock","12":"shipping-taxable","13":"product-type-simple"},"_links":{"self":[{"href":"https:\/\/toldosros.com\/ca\/wp-json\/wp\/v2\/product\/3502","targetHints":{"allow":["GET"]}}],"collection":[{"href":"https:\/\/toldosros.com\/ca\/wp-json\/wp\/v2\/product"}],"about":[{"href":"https:\/\/toldosros.com\/ca\/wp-json\/wp\/v2\/types\/product"}],"wp:featuredmedia":[{"embeddable":true,"href":"https:\/\/toldosros.com\/ca\/wp-json\/wp\/v2\/media\/2170"}],"wp:attachment":[{"href":"https:\/\/toldosros.com\/ca\/wp-json\/wp\/v2\/media?parent=3502"}],"wp:term":[{"taxonomy":"product_brand","embeddable":true,"href":"https:\/\/toldosros.com\/ca\/wp-json\/wp\/v2\/product_brand?post=3502"},{"taxonomy":"product_cat","embeddable":true,"href":"https:\/\/toldosros.com\/ca\/wp-json\/wp\/v2\/product_cat?post=3502"},{"taxonomy":"product_tag","embeddable":true,"href":"https:\/\/toldosros.com\/ca\/wp-json\/wp\/v2\/product_tag?post=3502"}],"curies":[{"name":"wp","href":"https:\/\/api.w.org\/{rel}","templated":true}]}}