{"id":3501,"date":"2023-12-29T16:17:22","date_gmt":"2023-12-29T15:17:22","guid":{"rendered":"https:\/\/staging.microlabhard.com\/toldosros\/producto\/pergola-varna-de-120x120\/"},"modified":"2023-12-29T16:17:22","modified_gmt":"2023-12-29T15:17:22","slug":"pergola-varna-de-120x120","status":"publish","type":"product","link":"https:\/\/toldosros.com\/ca\/producto\/pergola-varna-de-120x120\/","title":{"rendered":"P\u00e8rgola Varna de 120&#215;120"},"content":{"rendered":"<p>Una estructura amb m\u00e9s gruix del que \u00e9s habitual, per crear un entorn m\u00e9s decoratiu i una p\u00e8rgola forta i amb m\u00e9s pres\u00e8ncia. Ofereix grans dimensions i \u00e9s compatible amb sistemes de verticals i cortines.<\/p>\n","protected":false},"excerpt":{"rendered":"<p>Una estructura amb m\u00e9s gruix del que \u00e9s habitual, per crear un entorn m\u00e9s decoratiu i una p\u00e8rgola forta i amb m\u00e9s pres\u00e8ncia. Ofereix grans dimensions i \u00e9s compatible amb sistemes de verticals i cortines.<\/p>\n","protected":false},"featured_media":2171,"template":"","meta":{"_seopress_robots_primary_cat":"none","_seopress_titles_title":"","_seopress_titles_desc":"","_seopress_robots_index":"","_joinchat":[]},"product_brand":[],"product_cat":[180,183,176],"product_tag":[],"class_list":{"0":"post-3501","1":"product","2":"type-product","3":"status-publish","4":"has-post-thumbnail","6":"product_cat-corredors-pergoles","7":"product_cat-gamma-mitja","8":"product_cat-tendals","10":"first","11":"instock","12":"shipping-taxable","13":"product-type-simple"},"_links":{"self":[{"href":"https:\/\/toldosros.com\/ca\/wp-json\/wp\/v2\/product\/3501","targetHints":{"allow":["GET"]}}],"collection":[{"href":"https:\/\/toldosros.com\/ca\/wp-json\/wp\/v2\/product"}],"about":[{"href":"https:\/\/toldosros.com\/ca\/wp-json\/wp\/v2\/types\/product"}],"wp:featuredmedia":[{"embeddable":true,"href":"https:\/\/toldosros.com\/ca\/wp-json\/wp\/v2\/media\/2171"}],"wp:attachment":[{"href":"https:\/\/toldosros.com\/ca\/wp-json\/wp\/v2\/media?parent=3501"}],"wp:term":[{"taxonomy":"product_brand","embeddable":true,"href":"https:\/\/toldosros.com\/ca\/wp-json\/wp\/v2\/product_brand?post=3501"},{"taxonomy":"product_cat","embeddable":true,"href":"https:\/\/toldosros.com\/ca\/wp-json\/wp\/v2\/product_cat?post=3501"},{"taxonomy":"product_tag","embeddable":true,"href":"https:\/\/toldosros.com\/ca\/wp-json\/wp\/v2\/product_tag?post=3501"}],"curies":[{"name":"wp","href":"https:\/\/api.w.org\/{rel}","templated":true}]}}