{"id":3498,"date":"2023-12-29T16:24:35","date_gmt":"2023-12-29T15:24:35","guid":{"rendered":"https:\/\/staging.microlabhard.com\/toldosros\/producto\/pergola-climatik\/"},"modified":"2023-12-29T16:24:35","modified_gmt":"2023-12-29T15:24:35","slug":"pergola-climatik","status":"publish","type":"product","link":"https:\/\/toldosros.com\/ca\/producto\/pergola-climatik\/","title":{"rendered":"P\u00e8rgola Climatik"},"content":{"rendered":"<p>L&#8217;estructura de lamel\u00b7les d&#8217;alumini permet que la protecci\u00f3 sigui totalment personalitzada per aportar el confort que l&#8217;usuari necessita a cada moment. Amb un f\u00e0cil funcionament mitjan\u00e7ant un sistema motoritzat.<\/p>\n","protected":false},"excerpt":{"rendered":"<p>L&#8217;estructura de lamel\u00b7les d&#8217;alumini permet que la protecci\u00f3 sigui totalment personalitzada per aportar el confort que l&#8217;usuari necessita a cada moment. Amb un f\u00e0cil funcionament mitjan\u00e7ant un sistema motoritzat.<\/p>\n","protected":false},"featured_media":2174,"template":"","meta":{"_seopress_robots_primary_cat":"none","_seopress_titles_title":"","_seopress_titles_desc":"","_seopress_robots_index":"","_joinchat":[]},"product_brand":[],"product_cat":[180,181,176],"product_tag":[],"class_list":{"0":"post-3498","1":"product","2":"type-product","3":"status-publish","4":"has-post-thumbnail","6":"product_cat-corredors-pergoles","7":"product_cat-gamma-alta","8":"product_cat-tendals","10":"first","11":"instock","12":"shipping-taxable","13":"product-type-simple"},"_links":{"self":[{"href":"https:\/\/toldosros.com\/ca\/wp-json\/wp\/v2\/product\/3498","targetHints":{"allow":["GET"]}}],"collection":[{"href":"https:\/\/toldosros.com\/ca\/wp-json\/wp\/v2\/product"}],"about":[{"href":"https:\/\/toldosros.com\/ca\/wp-json\/wp\/v2\/types\/product"}],"wp:featuredmedia":[{"embeddable":true,"href":"https:\/\/toldosros.com\/ca\/wp-json\/wp\/v2\/media\/2174"}],"wp:attachment":[{"href":"https:\/\/toldosros.com\/ca\/wp-json\/wp\/v2\/media?parent=3498"}],"wp:term":[{"taxonomy":"product_brand","embeddable":true,"href":"https:\/\/toldosros.com\/ca\/wp-json\/wp\/v2\/product_brand?post=3498"},{"taxonomy":"product_cat","embeddable":true,"href":"https:\/\/toldosros.com\/ca\/wp-json\/wp\/v2\/product_cat?post=3498"},{"taxonomy":"product_tag","embeddable":true,"href":"https:\/\/toldosros.com\/ca\/wp-json\/wp\/v2\/product_tag?post=3498"}],"curies":[{"name":"wp","href":"https:\/\/api.w.org\/{rel}","templated":true}]}}