{"id":3496,"date":"2023-12-29T16:29:33","date_gmt":"2023-12-29T15:29:33","guid":{"rendered":"https:\/\/staging.microlabhard.com\/toldosros\/producto\/zerro-uniq\/"},"modified":"2023-12-29T16:29:33","modified_gmt":"2023-12-29T15:29:33","slug":"zerro-uniq","status":"publish","type":"product","link":"https:\/\/toldosros.com\/ca\/producto\/zerro-uniq\/","title":{"rendered":"Zerro Uniq"},"content":{"rendered":"<p>Les seves l\u00ednies simples i la l\u00f2gica quadrada del disseny donen la visi\u00f3 ideal per a qualsevol espai. Les potes i el canal de desgu\u00e0s completen el disseny final, fent que el sistema, no sols sigui bonic, sin\u00f3 tamb\u00e9 funcional.<\/p>\n","protected":false},"excerpt":{"rendered":"<p>Les seves l\u00ednies simples i la l\u00f2gica quadrada del disseny donen la visi\u00f3 ideal per a qualsevol espai. Les potes i el canal de desgu\u00e0s completen el disseny final, fent que el sistema, no sols sigui bonic, sin\u00f3 tamb\u00e9 funcional.<\/p>\n","protected":false},"featured_media":2176,"template":"","meta":{"_seopress_robots_primary_cat":"none","_seopress_titles_title":"","_seopress_titles_desc":"","_seopress_robots_index":"","_joinchat":[]},"product_brand":[],"product_cat":[180,181,176],"product_tag":[],"class_list":{"0":"post-3496","1":"product","2":"type-product","3":"status-publish","4":"has-post-thumbnail","6":"product_cat-corredors-pergoles","7":"product_cat-gamma-alta","8":"product_cat-tendals","10":"first","11":"instock","12":"shipping-taxable","13":"product-type-simple"},"_links":{"self":[{"href":"https:\/\/toldosros.com\/ca\/wp-json\/wp\/v2\/product\/3496","targetHints":{"allow":["GET"]}}],"collection":[{"href":"https:\/\/toldosros.com\/ca\/wp-json\/wp\/v2\/product"}],"about":[{"href":"https:\/\/toldosros.com\/ca\/wp-json\/wp\/v2\/types\/product"}],"wp:featuredmedia":[{"embeddable":true,"href":"https:\/\/toldosros.com\/ca\/wp-json\/wp\/v2\/media\/2176"}],"wp:attachment":[{"href":"https:\/\/toldosros.com\/ca\/wp-json\/wp\/v2\/media?parent=3496"}],"wp:term":[{"taxonomy":"product_brand","embeddable":true,"href":"https:\/\/toldosros.com\/ca\/wp-json\/wp\/v2\/product_brand?post=3496"},{"taxonomy":"product_cat","embeddable":true,"href":"https:\/\/toldosros.com\/ca\/wp-json\/wp\/v2\/product_cat?post=3496"},{"taxonomy":"product_tag","embeddable":true,"href":"https:\/\/toldosros.com\/ca\/wp-json\/wp\/v2\/product_tag?post=3496"}],"curies":[{"name":"wp","href":"https:\/\/api.w.org\/{rel}","templated":true}]}}