{"id":3495,"date":"2023-12-29T16:32:13","date_gmt":"2023-12-29T15:32:13","guid":{"rendered":"https:\/\/staging.microlabhard.com\/toldosros\/producto\/idea-fl\/"},"modified":"2023-12-29T16:32:13","modified_gmt":"2023-12-29T15:32:13","slug":"idea-fl","status":"publish","type":"product","link":"https:\/\/toldosros.com\/ca\/producto\/idea-fl\/","title":{"rendered":"Idea FL"},"content":{"rendered":"<p>El model Idea FL, presenta una construcci\u00f3 diferent dels altres. El seu disseny el\u00b7l\u00edptic crea un ambient c\u00e0lid i acollidor, alhora que modern. Ideal per a restaurants i comer\u00e7os.<\/p>\n","protected":false},"excerpt":{"rendered":"<p>El model Idea FL, presenta una construcci\u00f3 diferent dels altres. El seu disseny el\u00b7l\u00edptic crea un ambient c\u00e0lid i acollidor, alhora que modern. Ideal per a restaurants i comer\u00e7os.<\/p>\n","protected":false},"featured_media":2177,"template":"","meta":{"_seopress_robots_primary_cat":"none","_seopress_titles_title":"","_seopress_titles_desc":"","_seopress_robots_index":"","_joinchat":[]},"product_brand":[],"product_cat":[180,181,176],"product_tag":[],"class_list":{"0":"post-3495","1":"product","2":"type-product","3":"status-publish","4":"has-post-thumbnail","6":"product_cat-corredors-pergoles","7":"product_cat-gamma-alta","8":"product_cat-tendals","10":"first","11":"instock","12":"shipping-taxable","13":"product-type-simple"},"_links":{"self":[{"href":"https:\/\/toldosros.com\/ca\/wp-json\/wp\/v2\/product\/3495","targetHints":{"allow":["GET"]}}],"collection":[{"href":"https:\/\/toldosros.com\/ca\/wp-json\/wp\/v2\/product"}],"about":[{"href":"https:\/\/toldosros.com\/ca\/wp-json\/wp\/v2\/types\/product"}],"wp:featuredmedia":[{"embeddable":true,"href":"https:\/\/toldosros.com\/ca\/wp-json\/wp\/v2\/media\/2177"}],"wp:attachment":[{"href":"https:\/\/toldosros.com\/ca\/wp-json\/wp\/v2\/media?parent=3495"}],"wp:term":[{"taxonomy":"product_brand","embeddable":true,"href":"https:\/\/toldosros.com\/ca\/wp-json\/wp\/v2\/product_brand?post=3495"},{"taxonomy":"product_cat","embeddable":true,"href":"https:\/\/toldosros.com\/ca\/wp-json\/wp\/v2\/product_cat?post=3495"},{"taxonomy":"product_tag","embeddable":true,"href":"https:\/\/toldosros.com\/ca\/wp-json\/wp\/v2\/product_tag?post=3495"}],"curies":[{"name":"wp","href":"https:\/\/api.w.org\/{rel}","templated":true}]}}