{"id":3490,"date":"2023-12-29T16:43:58","date_gmt":"2023-12-29T15:43:58","guid":{"rendered":"https:\/\/staging.microlabhard.com\/toldosros\/producto\/elit-desplacat\/"},"modified":"2023-12-29T16:43:58","modified_gmt":"2023-12-29T15:43:58","slug":"elit-desplacat","status":"publish","type":"product","link":"https:\/\/toldosros.com\/ca\/producto\/elit-desplacat\/","title":{"rendered":"Elit despla\u00e7at"},"content":{"rendered":"<p>Para-sol de la col\u00b7lecci\u00f3 elit amb la particularitat que t\u00e9 el pal despla\u00e7at de l&#8217;eix central, situat a 50cm del lateral. Ideal per a terrasses amb un espai estret. Juntament amb els complements de tancaments laterals i canaletes permet crear espais \u00edntims sense la mol\u00e8stia d&#8217;un pal al mig.<\/p>\n","protected":false},"excerpt":{"rendered":"<p>Para-sol de la col\u00b7lecci\u00f3 elit amb la particularitat que t\u00e9 el pal despla\u00e7at de l&#8217;eix central, situat a 50cm del lateral. Ideal per a terrasses amb un espai estret. Juntament amb els complements de tancaments laterals i canaletes permet crear espais \u00edntims sense la mol\u00e8stia d&#8217;un pal al mig.<\/p>\n","protected":false},"featured_media":2182,"template":"","meta":{"_seopress_robots_primary_cat":"none","_seopress_titles_title":"","_seopress_titles_desc":"","_seopress_robots_index":"","_joinchat":[]},"product_brand":[],"product_cat":[188,186,176],"product_tag":[],"class_list":{"0":"post-3490","1":"product","2":"type-product","3":"status-publish","4":"has-post-thumbnail","6":"product_cat-alumini","7":"product_cat-para-sols","8":"product_cat-tendals","10":"first","11":"instock","12":"shipping-taxable","13":"product-type-simple"},"_links":{"self":[{"href":"https:\/\/toldosros.com\/ca\/wp-json\/wp\/v2\/product\/3490","targetHints":{"allow":["GET"]}}],"collection":[{"href":"https:\/\/toldosros.com\/ca\/wp-json\/wp\/v2\/product"}],"about":[{"href":"https:\/\/toldosros.com\/ca\/wp-json\/wp\/v2\/types\/product"}],"wp:featuredmedia":[{"embeddable":true,"href":"https:\/\/toldosros.com\/ca\/wp-json\/wp\/v2\/media\/2182"}],"wp:attachment":[{"href":"https:\/\/toldosros.com\/ca\/wp-json\/wp\/v2\/media?parent=3490"}],"wp:term":[{"taxonomy":"product_brand","embeddable":true,"href":"https:\/\/toldosros.com\/ca\/wp-json\/wp\/v2\/product_brand?post=3490"},{"taxonomy":"product_cat","embeddable":true,"href":"https:\/\/toldosros.com\/ca\/wp-json\/wp\/v2\/product_cat?post=3490"},{"taxonomy":"product_tag","embeddable":true,"href":"https:\/\/toldosros.com\/ca\/wp-json\/wp\/v2\/product_tag?post=3490"}],"curies":[{"name":"wp","href":"https:\/\/api.w.org\/{rel}","templated":true}]}}