{"id":3488,"date":"2023-12-29T16:47:47","date_gmt":"2023-12-29T15:47:47","guid":{"rendered":"https:\/\/staging.microlabhard.com\/toldosros\/producto\/altino\/"},"modified":"2023-12-29T16:47:47","modified_gmt":"2023-12-29T15:47:47","slug":"altino","status":"publish","type":"product","link":"https:\/\/toldosros.com\/ca\/producto\/altino\/","title":{"rendered":"Altino"},"content":{"rendered":"<p>Para-sol en alumini lacat blanc, acabat opcional en altres colors RAL, pal telesc\u00f2pic de 70 mm di\u00e0metre, 8 varetes de perfil 20 mm x 40 mm, colant i corona d&#8217;alumini, subjecci\u00f3 de varetes mitjan\u00e7ant cargols, sistema d&#8217;obertura telesc\u00f2pic amb mecanisme de maneta . Pes 23-42 Kg.<\/p>\n","protected":false},"excerpt":{"rendered":"<p>Para-sol en alumini lacat blanc, acabat opcional en altres colors RAL, pal telesc\u00f2pic de 70 mm di\u00e0metre, 8 varetes de perfil 20 mm x 40 mm, colant i corona d&#8217;alumini, subjecci\u00f3 de varetes mitjan\u00e7ant cargols, sistema d&#8217;obertura telesc\u00f2pic amb mecanisme de maneta . Pes 23-42 Kg.<\/p>\n","protected":false},"featured_media":2185,"template":"","meta":{"_seopress_robots_primary_cat":"none","_seopress_titles_title":"","_seopress_titles_desc":"","_seopress_robots_index":"","_joinchat":[]},"product_brand":[],"product_cat":[188,186,176],"product_tag":[],"class_list":{"0":"post-3488","1":"product","2":"type-product","3":"status-publish","4":"has-post-thumbnail","6":"product_cat-alumini","7":"product_cat-para-sols","8":"product_cat-tendals","10":"first","11":"instock","12":"shipping-taxable","13":"product-type-simple"},"_links":{"self":[{"href":"https:\/\/toldosros.com\/ca\/wp-json\/wp\/v2\/product\/3488","targetHints":{"allow":["GET"]}}],"collection":[{"href":"https:\/\/toldosros.com\/ca\/wp-json\/wp\/v2\/product"}],"about":[{"href":"https:\/\/toldosros.com\/ca\/wp-json\/wp\/v2\/types\/product"}],"wp:featuredmedia":[{"embeddable":true,"href":"https:\/\/toldosros.com\/ca\/wp-json\/wp\/v2\/media\/2185"}],"wp:attachment":[{"href":"https:\/\/toldosros.com\/ca\/wp-json\/wp\/v2\/media?parent=3488"}],"wp:term":[{"taxonomy":"product_brand","embeddable":true,"href":"https:\/\/toldosros.com\/ca\/wp-json\/wp\/v2\/product_brand?post=3488"},{"taxonomy":"product_cat","embeddable":true,"href":"https:\/\/toldosros.com\/ca\/wp-json\/wp\/v2\/product_cat?post=3488"},{"taxonomy":"product_tag","embeddable":true,"href":"https:\/\/toldosros.com\/ca\/wp-json\/wp\/v2\/product_tag?post=3488"}],"curies":[{"name":"wp","href":"https:\/\/api.w.org\/{rel}","templated":true}]}}