{"id":3484,"date":"2023-12-29T17:02:46","date_gmt":"2023-12-29T16:02:46","guid":{"rendered":"https:\/\/staging.microlabhard.com\/toldosros\/producto\/venezia\/"},"modified":"2023-12-29T17:02:46","modified_gmt":"2023-12-29T16:02:46","slug":"venezia","status":"publish","type":"product","link":"https:\/\/toldosros.com\/ca\/producto\/venezia\/","title":{"rendered":"Venezia"},"content":{"rendered":"<p>Alumini d&#8217;importaci\u00f3 color blanc, pal de 38 mm di\u00e0metre, 8 varetes de perfil de 19 mm di\u00e0metre, colant i corona de pl\u00e0stic, subjecci\u00f3 mitjan\u00e7ant cargols, sistema d&#8217;obertura mitjan\u00e7ant dues politges. Pes 2-5 Kg.<\/p>\n","protected":false},"excerpt":{"rendered":"<p>Alumini d&#8217;importaci\u00f3 color blanc, pal de 38 mm di\u00e0metre, 8 varetes de perfil de 19 mm di\u00e0metre, colant i corona de pl\u00e0stic, subjecci\u00f3 mitjan\u00e7ant cargols, sistema d&#8217;obertura mitjan\u00e7ant dues politges. Pes 2-5 Kg.<\/p>\n","protected":false},"featured_media":2188,"template":"","meta":{"_seopress_robots_primary_cat":"none","_seopress_titles_title":"","_seopress_titles_desc":"","_seopress_robots_index":"","_joinchat":[]},"product_brand":[],"product_cat":[188,186,176],"product_tag":[],"class_list":{"0":"post-3484","1":"product","2":"type-product","3":"status-publish","4":"has-post-thumbnail","6":"product_cat-alumini","7":"product_cat-para-sols","8":"product_cat-tendals","10":"first","11":"instock","12":"shipping-taxable","13":"product-type-simple"},"_links":{"self":[{"href":"https:\/\/toldosros.com\/ca\/wp-json\/wp\/v2\/product\/3484","targetHints":{"allow":["GET"]}}],"collection":[{"href":"https:\/\/toldosros.com\/ca\/wp-json\/wp\/v2\/product"}],"about":[{"href":"https:\/\/toldosros.com\/ca\/wp-json\/wp\/v2\/types\/product"}],"wp:featuredmedia":[{"embeddable":true,"href":"https:\/\/toldosros.com\/ca\/wp-json\/wp\/v2\/media\/2188"}],"wp:attachment":[{"href":"https:\/\/toldosros.com\/ca\/wp-json\/wp\/v2\/media?parent=3484"}],"wp:term":[{"taxonomy":"product_brand","embeddable":true,"href":"https:\/\/toldosros.com\/ca\/wp-json\/wp\/v2\/product_brand?post=3484"},{"taxonomy":"product_cat","embeddable":true,"href":"https:\/\/toldosros.com\/ca\/wp-json\/wp\/v2\/product_cat?post=3484"},{"taxonomy":"product_tag","embeddable":true,"href":"https:\/\/toldosros.com\/ca\/wp-json\/wp\/v2\/product_tag?post=3484"}],"curies":[{"name":"wp","href":"https:\/\/api.w.org\/{rel}","templated":true}]}}