{"id":3482,"date":"2023-12-29T17:06:54","date_gmt":"2023-12-29T16:06:54","guid":{"rendered":"https:\/\/staging.microlabhard.com\/toldosros\/producto\/beach\/"},"modified":"2023-12-29T17:06:54","modified_gmt":"2023-12-29T16:06:54","slug":"beach","status":"publish","type":"product","link":"https:\/\/toldosros.com\/ca\/producto\/beach\/","title":{"rendered":"Beach"},"content":{"rendered":"<p>Alumini d&#8217;importaci\u00f3 color plata, pal de 32 mm di\u00e0metre de 2 peces, 10 varetes de perfil de 6 mm de fibra, colant i corona de pl\u00e0stic. Pes 2-4 kg.<\/p>\n","protected":false},"excerpt":{"rendered":"<p>Alumini d&#8217;importaci\u00f3 color plata, pal de 32 mm di\u00e0metre de 2 peces, 10 varetes de perfil de 6 mm de fibra, colant i corona de pl\u00e0stic. Pes 2-4 kg.<\/p>\n","protected":false},"featured_media":2190,"template":"","meta":{"_seopress_robots_primary_cat":"none","_seopress_titles_title":"","_seopress_titles_desc":"","_seopress_robots_index":"","_joinchat":[]},"product_brand":[],"product_cat":[188,186,176],"product_tag":[],"class_list":{"0":"post-3482","1":"product","2":"type-product","3":"status-publish","4":"has-post-thumbnail","6":"product_cat-alumini","7":"product_cat-para-sols","8":"product_cat-tendals","10":"first","11":"instock","12":"shipping-taxable","13":"product-type-simple"},"_links":{"self":[{"href":"https:\/\/toldosros.com\/ca\/wp-json\/wp\/v2\/product\/3482","targetHints":{"allow":["GET"]}}],"collection":[{"href":"https:\/\/toldosros.com\/ca\/wp-json\/wp\/v2\/product"}],"about":[{"href":"https:\/\/toldosros.com\/ca\/wp-json\/wp\/v2\/types\/product"}],"wp:featuredmedia":[{"embeddable":true,"href":"https:\/\/toldosros.com\/ca\/wp-json\/wp\/v2\/media\/2190"}],"wp:attachment":[{"href":"https:\/\/toldosros.com\/ca\/wp-json\/wp\/v2\/media?parent=3482"}],"wp:term":[{"taxonomy":"product_brand","embeddable":true,"href":"https:\/\/toldosros.com\/ca\/wp-json\/wp\/v2\/product_brand?post=3482"},{"taxonomy":"product_cat","embeddable":true,"href":"https:\/\/toldosros.com\/ca\/wp-json\/wp\/v2\/product_cat?post=3482"},{"taxonomy":"product_tag","embeddable":true,"href":"https:\/\/toldosros.com\/ca\/wp-json\/wp\/v2\/product_tag?post=3482"}],"curies":[{"name":"wp","href":"https:\/\/api.w.org\/{rel}","templated":true}]}}