{"id":3481,"date":"2023-12-29T17:08:00","date_gmt":"2023-12-29T16:08:00","guid":{"rendered":"https:\/\/staging.microlabhard.com\/toldosros\/producto\/brac-exterior\/"},"modified":"2023-12-29T17:08:00","modified_gmt":"2023-12-29T16:08:00","slug":"brac-exterior","status":"publish","type":"product","link":"https:\/\/toldosros.com\/ca\/producto\/brac-exterior\/","title":{"rendered":"Bra\u00e7 Exterior"},"content":{"rendered":"<p>D&#8217;importaci\u00f3 d&#8217;alumini gris, pal de 100 mm x 65 mm, colant i corona de pl\u00e0stic, diferents inclinacions, com mostra la fotografia, sistema d&#8217;obertura mitjan\u00e7ant mecanisme de maneta, base inclosa de 80x80x20 cm emplenable amb aigua o sorra, funda de protecci\u00f3 inclosa. Pes 40 Kg.<\/p>\n","protected":false},"excerpt":{"rendered":"<p>D&#8217;importaci\u00f3 d&#8217;alumini gris, pal de 100 mm x 65 mm, colant i corona de pl\u00e0stic, diferents inclinacions, com mostra la fotografia, sistema d&#8217;obertura mitjan\u00e7ant mecanisme de maneta, base inclosa de 80x80x20 cm emplenable amb aigua o sorra, funda de protecci\u00f3 inclosa. Pes 40 Kg.<\/p>\n","protected":false},"featured_media":2191,"template":"","meta":{"_seopress_robots_primary_cat":"none","_seopress_titles_title":"","_seopress_titles_desc":"","_seopress_robots_index":"","_joinchat":[]},"product_brand":[],"product_cat":[188,186,176],"product_tag":[],"class_list":{"0":"post-3481","1":"product","2":"type-product","3":"status-publish","4":"has-post-thumbnail","6":"product_cat-alumini","7":"product_cat-para-sols","8":"product_cat-tendals","10":"first","11":"instock","12":"shipping-taxable","13":"product-type-simple"},"_links":{"self":[{"href":"https:\/\/toldosros.com\/ca\/wp-json\/wp\/v2\/product\/3481","targetHints":{"allow":["GET"]}}],"collection":[{"href":"https:\/\/toldosros.com\/ca\/wp-json\/wp\/v2\/product"}],"about":[{"href":"https:\/\/toldosros.com\/ca\/wp-json\/wp\/v2\/types\/product"}],"wp:featuredmedia":[{"embeddable":true,"href":"https:\/\/toldosros.com\/ca\/wp-json\/wp\/v2\/media\/2191"}],"wp:attachment":[{"href":"https:\/\/toldosros.com\/ca\/wp-json\/wp\/v2\/media?parent=3481"}],"wp:term":[{"taxonomy":"product_brand","embeddable":true,"href":"https:\/\/toldosros.com\/ca\/wp-json\/wp\/v2\/product_brand?post=3481"},{"taxonomy":"product_cat","embeddable":true,"href":"https:\/\/toldosros.com\/ca\/wp-json\/wp\/v2\/product_cat?post=3481"},{"taxonomy":"product_tag","embeddable":true,"href":"https:\/\/toldosros.com\/ca\/wp-json\/wp\/v2\/product_tag?post=3481"}],"curies":[{"name":"wp","href":"https:\/\/api.w.org\/{rel}","templated":true}]}}