{"id":3479,"date":"2023-12-29T17:14:29","date_gmt":"2023-12-29T16:14:29","guid":{"rendered":"https:\/\/staging.microlabhard.com\/toldosros\/producto\/classic\/"},"modified":"2023-12-29T17:14:29","modified_gmt":"2023-12-29T16:14:29","slug":"classic","status":"publish","type":"product","link":"https:\/\/toldosros.com\/ca\/producto\/classic\/","title":{"rendered":"Classic"},"content":{"rendered":"<p>Para-sol lleuger i de dimensions redu\u00efdes, ideal per recollir di\u00e0riament. T\u00e9 un disseny c\u00e0lid i bonic, perfecte per adaptar-se als entorns naturals m\u00e9s bonics.<\/p>\n","protected":false},"excerpt":{"rendered":"<p>Para-sol lleuger i de dimensions redu\u00efdes, ideal per recollir di\u00e0riament. T\u00e9 un disseny c\u00e0lid i bonic, perfecte per adaptar-se als entorns naturals m\u00e9s bonics.<\/p>\n","protected":false},"featured_media":2193,"template":"","meta":{"_seopress_robots_primary_cat":"none","_seopress_titles_title":"","_seopress_titles_desc":"","_seopress_robots_index":"","_joinchat":[]},"product_brand":[],"product_cat":[189,186,176],"product_tag":[],"class_list":{"0":"post-3479","1":"product","2":"type-product","3":"status-publish","4":"has-post-thumbnail","6":"product_cat-fusta","7":"product_cat-para-sols","8":"product_cat-tendals","10":"first","11":"instock","12":"shipping-taxable","13":"product-type-simple"},"_links":{"self":[{"href":"https:\/\/toldosros.com\/ca\/wp-json\/wp\/v2\/product\/3479","targetHints":{"allow":["GET"]}}],"collection":[{"href":"https:\/\/toldosros.com\/ca\/wp-json\/wp\/v2\/product"}],"about":[{"href":"https:\/\/toldosros.com\/ca\/wp-json\/wp\/v2\/types\/product"}],"wp:featuredmedia":[{"embeddable":true,"href":"https:\/\/toldosros.com\/ca\/wp-json\/wp\/v2\/media\/2193"}],"wp:attachment":[{"href":"https:\/\/toldosros.com\/ca\/wp-json\/wp\/v2\/media?parent=3479"}],"wp:term":[{"taxonomy":"product_brand","embeddable":true,"href":"https:\/\/toldosros.com\/ca\/wp-json\/wp\/v2\/product_brand?post=3479"},{"taxonomy":"product_cat","embeddable":true,"href":"https:\/\/toldosros.com\/ca\/wp-json\/wp\/v2\/product_cat?post=3479"},{"taxonomy":"product_tag","embeddable":true,"href":"https:\/\/toldosros.com\/ca\/wp-json\/wp\/v2\/product_tag?post=3479"}],"curies":[{"name":"wp","href":"https:\/\/api.w.org\/{rel}","templated":true}]}}