{"id":3477,"date":"2023-12-29T17:17:44","date_gmt":"2023-12-29T16:17:44","guid":{"rendered":"https:\/\/staging.microlabhard.com\/toldosros\/producto\/luxe\/"},"modified":"2023-12-29T17:17:44","modified_gmt":"2023-12-29T16:17:44","slug":"luxe","status":"publish","type":"product","link":"https:\/\/toldosros.com\/ca\/producto\/luxe\/","title":{"rendered":"Luxe"},"content":{"rendered":"<p>Para-sol fort i robust caracteritzat pel seu pal quadrat de fusta i el seu elegant colant de fusta. \u00c9s un para-sol idoni per donar-li un ambient r\u00fastic i c\u00e0lid a la terrassa luxosa.<\/p>\n","protected":false},"excerpt":{"rendered":"<p>Para-sol fort i robust caracteritzat pel seu pal quadrat de fusta i el seu elegant colant de fusta. \u00c9s un para-sol idoni per donar-li un ambient r\u00fastic i c\u00e0lid a la terrassa luxosa.<\/p>\n","protected":false},"featured_media":2195,"template":"","meta":{"_seopress_robots_primary_cat":"none","_seopress_titles_title":"","_seopress_titles_desc":"","_seopress_robots_index":"","_joinchat":[]},"product_brand":[],"product_cat":[189,186,176],"product_tag":[],"class_list":{"0":"post-3477","1":"product","2":"type-product","3":"status-publish","4":"has-post-thumbnail","6":"product_cat-fusta","7":"product_cat-para-sols","8":"product_cat-tendals","10":"first","11":"instock","12":"shipping-taxable","13":"product-type-simple"},"_links":{"self":[{"href":"https:\/\/toldosros.com\/ca\/wp-json\/wp\/v2\/product\/3477","targetHints":{"allow":["GET"]}}],"collection":[{"href":"https:\/\/toldosros.com\/ca\/wp-json\/wp\/v2\/product"}],"about":[{"href":"https:\/\/toldosros.com\/ca\/wp-json\/wp\/v2\/types\/product"}],"wp:featuredmedia":[{"embeddable":true,"href":"https:\/\/toldosros.com\/ca\/wp-json\/wp\/v2\/media\/2195"}],"wp:attachment":[{"href":"https:\/\/toldosros.com\/ca\/wp-json\/wp\/v2\/media?parent=3477"}],"wp:term":[{"taxonomy":"product_brand","embeddable":true,"href":"https:\/\/toldosros.com\/ca\/wp-json\/wp\/v2\/product_brand?post=3477"},{"taxonomy":"product_cat","embeddable":true,"href":"https:\/\/toldosros.com\/ca\/wp-json\/wp\/v2\/product_cat?post=3477"},{"taxonomy":"product_tag","embeddable":true,"href":"https:\/\/toldosros.com\/ca\/wp-json\/wp\/v2\/product_tag?post=3477"}],"curies":[{"name":"wp","href":"https:\/\/api.w.org\/{rel}","templated":true}]}}