{"id":3476,"date":"2023-12-29T17:19:10","date_gmt":"2023-12-29T16:19:10","guid":{"rendered":"https:\/\/staging.microlabhard.com\/toldosros\/producto\/basic-fusta\/"},"modified":"2023-12-29T17:19:10","modified_gmt":"2023-12-29T16:19:10","slug":"basic-fusta","status":"publish","type":"product","link":"https:\/\/toldosros.com\/ca\/producto\/basic-fusta\/","title":{"rendered":"Basic Fusta"},"content":{"rendered":"<p>Para-sol de fusta petit i lleuger. L&#8217;estructura \u00e9s desmuntable en dues peces, ideal per poder guardar en espais molt redu\u00efts. Aquest para-sol es pot utilitzar tant en petites terrasses com per a \u00fas particular. Disponible en teixit spunpoly de colors crema, verd i terracota (servei immediat) i teixit polisilk amb els nostres colors d&#8217;estoc.<\/p>\n","protected":false},"excerpt":{"rendered":"<p>Para-sol de fusta petit i lleuger. L&#8217;estructura \u00e9s desmuntable en dues peces, ideal per poder guardar en espais molt redu\u00efts. Aquest para-sol es pot utilitzar tant en petites terrasses com per a \u00fas particular. Disponible en teixit spunpoly de colors crema, verd i terracota (servei immediat) i teixit polisilk amb els nostres colors d&#8217;estoc.<\/p>\n","protected":false},"featured_media":2196,"template":"","meta":{"_seopress_robots_primary_cat":"none","_seopress_titles_title":"","_seopress_titles_desc":"","_seopress_robots_index":"","_joinchat":[]},"product_brand":[],"product_cat":[189,186,176],"product_tag":[],"class_list":{"0":"post-3476","1":"product","2":"type-product","3":"status-publish","4":"has-post-thumbnail","6":"product_cat-fusta","7":"product_cat-para-sols","8":"product_cat-tendals","10":"first","11":"instock","12":"shipping-taxable","13":"product-type-simple"},"_links":{"self":[{"href":"https:\/\/toldosros.com\/ca\/wp-json\/wp\/v2\/product\/3476","targetHints":{"allow":["GET"]}}],"collection":[{"href":"https:\/\/toldosros.com\/ca\/wp-json\/wp\/v2\/product"}],"about":[{"href":"https:\/\/toldosros.com\/ca\/wp-json\/wp\/v2\/types\/product"}],"wp:featuredmedia":[{"embeddable":true,"href":"https:\/\/toldosros.com\/ca\/wp-json\/wp\/v2\/media\/2196"}],"wp:attachment":[{"href":"https:\/\/toldosros.com\/ca\/wp-json\/wp\/v2\/media?parent=3476"}],"wp:term":[{"taxonomy":"product_brand","embeddable":true,"href":"https:\/\/toldosros.com\/ca\/wp-json\/wp\/v2\/product_brand?post=3476"},{"taxonomy":"product_cat","embeddable":true,"href":"https:\/\/toldosros.com\/ca\/wp-json\/wp\/v2\/product_cat?post=3476"},{"taxonomy":"product_tag","embeddable":true,"href":"https:\/\/toldosros.com\/ca\/wp-json\/wp\/v2\/product_tag?post=3476"}],"curies":[{"name":"wp","href":"https:\/\/api.w.org\/{rel}","templated":true}]}}