{"id":3472,"date":"2023-12-29T17:27:15","date_gmt":"2023-12-29T16:27:15","guid":{"rendered":"https:\/\/staging.microlabhard.com\/toldosros\/producto\/fundes-parasol\/"},"modified":"2023-12-29T17:27:15","modified_gmt":"2023-12-29T16:27:15","slug":"fundes-parasol","status":"publish","type":"product","link":"https:\/\/toldosros.com\/ca\/producto\/fundes-parasol\/","title":{"rendered":"Fundes Parasol"},"content":{"rendered":"<p>El complement perfecte per al teu para-sol quan no el faci servir, aix\u00ed allargar\u00e0 la vida de la lona i de tota la seva estructura. Opci\u00f3: teixit acr\u00edlic, teixit impermeable.<\/p>\n","protected":false},"excerpt":{"rendered":"<p>El complement perfecte per al teu para-sol quan no el faci servir, aix\u00ed allargar\u00e0 la vida de la lona i de tota la seva estructura. Opci\u00f3: teixit acr\u00edlic, teixit impermeable.<\/p>\n","protected":false},"featured_media":2200,"template":"","meta":{"_seopress_robots_primary_cat":"none","_seopress_titles_title":"","_seopress_titles_desc":"","_seopress_robots_index":"","_joinchat":[]},"product_brand":[],"product_cat":[187,186,176],"product_tag":[],"class_list":{"0":"post-3472","1":"product","2":"type-product","3":"status-publish","4":"has-post-thumbnail","6":"product_cat-accessoris","7":"product_cat-para-sols","8":"product_cat-tendals","10":"first","11":"instock","12":"shipping-taxable","13":"product-type-simple"},"_links":{"self":[{"href":"https:\/\/toldosros.com\/ca\/wp-json\/wp\/v2\/product\/3472","targetHints":{"allow":["GET"]}}],"collection":[{"href":"https:\/\/toldosros.com\/ca\/wp-json\/wp\/v2\/product"}],"about":[{"href":"https:\/\/toldosros.com\/ca\/wp-json\/wp\/v2\/types\/product"}],"wp:featuredmedia":[{"embeddable":true,"href":"https:\/\/toldosros.com\/ca\/wp-json\/wp\/v2\/media\/2200"}],"wp:attachment":[{"href":"https:\/\/toldosros.com\/ca\/wp-json\/wp\/v2\/media?parent=3472"}],"wp:term":[{"taxonomy":"product_brand","embeddable":true,"href":"https:\/\/toldosros.com\/ca\/wp-json\/wp\/v2\/product_brand?post=3472"},{"taxonomy":"product_cat","embeddable":true,"href":"https:\/\/toldosros.com\/ca\/wp-json\/wp\/v2\/product_cat?post=3472"},{"taxonomy":"product_tag","embeddable":true,"href":"https:\/\/toldosros.com\/ca\/wp-json\/wp\/v2\/product_tag?post=3472"}],"curies":[{"name":"wp","href":"https:\/\/api.w.org\/{rel}","templated":true}]}}