{"id":3470,"date":"2023-12-29T17:31:19","date_gmt":"2023-12-29T16:31:19","guid":{"rendered":"https:\/\/staging.microlabhard.com\/toldosros\/producto\/passadissos-de-ferro-zincat\/"},"modified":"2023-12-29T17:31:19","modified_gmt":"2023-12-29T16:31:19","slug":"passadissos-de-ferro-zincat","status":"publish","type":"product","link":"https:\/\/toldosros.com\/ca\/producto\/passadissos-de-ferro-zincat\/","title":{"rendered":"Passadissos de ferro zincat"},"content":{"rendered":"<p>L\u00ednies essencials i discretes formes, aquests passadissos resten austeritat a les fa\u00e7anes m\u00e9s s\u00f2bries. Ideal per a bars i restaurants. Possibilitat de personalitzar-los aix\u00ed com tamb\u00e9 afegir verticals o cortines.<\/p>\n","protected":false},"excerpt":{"rendered":"<p>L\u00ednies essencials i discretes formes, aquests passadissos resten austeritat a les fa\u00e7anes m\u00e9s s\u00f2bries. Ideal per a bars i restaurants. Possibilitat de personalitzar-los aix\u00ed com tamb\u00e9 afegir verticals o cortines.<\/p>\n","protected":false},"featured_media":2202,"template":"","meta":{"_seopress_robots_primary_cat":"none","_seopress_titles_title":"","_seopress_titles_desc":"","_seopress_robots_index":"","_joinchat":[]},"product_brand":[],"product_cat":[190,176],"product_tag":[],"class_list":{"0":"post-3470","1":"product","2":"type-product","3":"status-publish","4":"has-post-thumbnail","6":"product_cat-passadissos-de-ferro","7":"product_cat-tendals","9":"first","10":"instock","11":"shipping-taxable","12":"product-type-simple"},"_links":{"self":[{"href":"https:\/\/toldosros.com\/ca\/wp-json\/wp\/v2\/product\/3470","targetHints":{"allow":["GET"]}}],"collection":[{"href":"https:\/\/toldosros.com\/ca\/wp-json\/wp\/v2\/product"}],"about":[{"href":"https:\/\/toldosros.com\/ca\/wp-json\/wp\/v2\/types\/product"}],"wp:featuredmedia":[{"embeddable":true,"href":"https:\/\/toldosros.com\/ca\/wp-json\/wp\/v2\/media\/2202"}],"wp:attachment":[{"href":"https:\/\/toldosros.com\/ca\/wp-json\/wp\/v2\/media?parent=3470"}],"wp:term":[{"taxonomy":"product_brand","embeddable":true,"href":"https:\/\/toldosros.com\/ca\/wp-json\/wp\/v2\/product_brand?post=3470"},{"taxonomy":"product_cat","embeddable":true,"href":"https:\/\/toldosros.com\/ca\/wp-json\/wp\/v2\/product_cat?post=3470"},{"taxonomy":"product_tag","embeddable":true,"href":"https:\/\/toldosros.com\/ca\/wp-json\/wp\/v2\/product_tag?post=3470"}],"curies":[{"name":"wp","href":"https:\/\/api.w.org\/{rel}","templated":true}]}}