{"id":3469,"date":"2023-12-29T17:37:56","date_gmt":"2023-12-29T16:37:56","guid":{"rendered":"https:\/\/staging.microlabhard.com\/toldosros\/producto\/plec\/"},"modified":"2023-12-29T17:37:56","modified_gmt":"2023-12-29T16:37:56","slug":"plec","status":"publish","type":"product","link":"https:\/\/toldosros.com\/ca\/producto\/plec\/","title":{"rendered":"Plec"},"content":{"rendered":"<p>Element decoratiu per a fa\u00e7anes per excel\u00b7l\u00e8ncia. Recollida amb tir de corda, per\u00f2 tamb\u00e9 pot ser amb maneta o motor. Possibilitat de retolar per a comer\u00e7os, hotels, etc.<\/p>\n","protected":false},"excerpt":{"rendered":"<p>Element decoratiu per a fa\u00e7anes per excel\u00b7l\u00e8ncia. Recollida amb tir de corda, per\u00f2 tamb\u00e9 pot ser amb maneta o motor. Possibilitat de retolar per a comer\u00e7os, hotels, etc.<\/p>\n","protected":false},"featured_media":2203,"template":"","meta":{"_seopress_robots_primary_cat":"none","_seopress_titles_title":"","_seopress_titles_desc":"","_seopress_robots_index":"","_joinchat":[]},"product_brand":[],"product_cat":[178,176],"product_tag":[],"class_list":{"0":"post-3469","1":"product","2":"type-product","3":"status-publish","4":"has-post-thumbnail","6":"product_cat-capotes","7":"product_cat-tendals","9":"first","10":"instock","11":"shipping-taxable","12":"product-type-simple"},"_links":{"self":[{"href":"https:\/\/toldosros.com\/ca\/wp-json\/wp\/v2\/product\/3469","targetHints":{"allow":["GET"]}}],"collection":[{"href":"https:\/\/toldosros.com\/ca\/wp-json\/wp\/v2\/product"}],"about":[{"href":"https:\/\/toldosros.com\/ca\/wp-json\/wp\/v2\/types\/product"}],"wp:featuredmedia":[{"embeddable":true,"href":"https:\/\/toldosros.com\/ca\/wp-json\/wp\/v2\/media\/2203"}],"wp:attachment":[{"href":"https:\/\/toldosros.com\/ca\/wp-json\/wp\/v2\/media?parent=3469"}],"wp:term":[{"taxonomy":"product_brand","embeddable":true,"href":"https:\/\/toldosros.com\/ca\/wp-json\/wp\/v2\/product_brand?post=3469"},{"taxonomy":"product_cat","embeddable":true,"href":"https:\/\/toldosros.com\/ca\/wp-json\/wp\/v2\/product_cat?post=3469"},{"taxonomy":"product_tag","embeddable":true,"href":"https:\/\/toldosros.com\/ca\/wp-json\/wp\/v2\/product_tag?post=3469"}],"curies":[{"name":"wp","href":"https:\/\/api.w.org\/{rel}","templated":true}]}}