{"id":3456,"date":"2024-01-03T15:42:22","date_gmt":"2024-01-03T14:42:22","guid":{"rendered":"https:\/\/staging.microlabhard.com\/toldosros\/producto\/loggia-rts\/"},"modified":"2024-01-03T15:42:22","modified_gmt":"2024-01-03T14:42:22","slug":"loggia-rts","status":"publish","type":"product","link":"https:\/\/toldosros.com\/ca\/producto\/loggia-rts\/","title":{"rendered":"Loggia RTS"},"content":{"rendered":"<p>El motor r\u00e0dio electr\u00f2nic per a tendals tel\u00f3 amb sistema de bloqueig manual. Controla des d\u00b4un \u00fanic comandament qualsevol sistema RTS de la terrassa o la casa.<\/p>\n","protected":false},"excerpt":{"rendered":"<p>El motor r\u00e0dio electr\u00f2nic per a tendals tel\u00f3 amb sistema de bloqueig manual. Controla des d\u00b4un \u00fanic comandament qualsevol sistema RTS de la terrassa o la casa.<\/p>\n","protected":false},"featured_media":2216,"template":"","meta":{"_seopress_robots_primary_cat":"none","_seopress_titles_title":"","_seopress_titles_desc":"","_seopress_robots_index":"","_joinchat":[]},"product_brand":[],"product_cat":[150,149,152],"product_tag":[],"class_list":{"0":"post-3456","1":"product","2":"type-product","3":"status-publish","4":"has-post-thumbnail","6":"product_cat-motors","7":"product_cat-motors-i-sensors","8":"product_cat-motors-somfy","10":"first","11":"instock","12":"shipping-taxable","13":"product-type-simple"},"_links":{"self":[{"href":"https:\/\/toldosros.com\/ca\/wp-json\/wp\/v2\/product\/3456","targetHints":{"allow":["GET"]}}],"collection":[{"href":"https:\/\/toldosros.com\/ca\/wp-json\/wp\/v2\/product"}],"about":[{"href":"https:\/\/toldosros.com\/ca\/wp-json\/wp\/v2\/types\/product"}],"wp:featuredmedia":[{"embeddable":true,"href":"https:\/\/toldosros.com\/ca\/wp-json\/wp\/v2\/media\/2216"}],"wp:attachment":[{"href":"https:\/\/toldosros.com\/ca\/wp-json\/wp\/v2\/media?parent=3456"}],"wp:term":[{"taxonomy":"product_brand","embeddable":true,"href":"https:\/\/toldosros.com\/ca\/wp-json\/wp\/v2\/product_brand?post=3456"},{"taxonomy":"product_cat","embeddable":true,"href":"https:\/\/toldosros.com\/ca\/wp-json\/wp\/v2\/product_cat?post=3456"},{"taxonomy":"product_tag","embeddable":true,"href":"https:\/\/toldosros.com\/ca\/wp-json\/wp\/v2\/product_tag?post=3456"}],"curies":[{"name":"wp","href":"https:\/\/api.w.org\/{rel}","templated":true}]}}