{"id":3455,"date":"2024-01-03T15:44:21","date_gmt":"2024-01-03T14:44:21","guid":{"rendered":"https:\/\/staging.microlabhard.com\/toldosros\/producto\/orea-rts\/"},"modified":"2024-01-03T15:44:21","modified_gmt":"2024-01-03T14:44:21","slug":"orea-rts","status":"publish","type":"product","link":"https:\/\/toldosros.com\/ca\/producto\/orea-rts\/","title":{"rendered":"Orea RTS"},"content":{"rendered":"<p>El motor electr\u00f2nic r\u00e0dio de confian\u00e7a que protegir\u00e0 el teu cofre durant anys. Control qualsevol equip RTS de la terrassa o casa des d&#8217;un \u00fanic comandament a dist\u00e0ncia.<\/p>\n","protected":false},"excerpt":{"rendered":"<p>El motor electr\u00f2nic r\u00e0dio de confian\u00e7a que protegir\u00e0 el teu cofre durant anys. Control qualsevol equip RTS de la terrassa o casa des d&#8217;un \u00fanic comandament a dist\u00e0ncia.<\/p>\n","protected":false},"featured_media":2217,"template":"","meta":{"_seopress_robots_primary_cat":"none","_seopress_titles_title":"","_seopress_titles_desc":"","_seopress_robots_index":"","_joinchat":[]},"product_brand":[],"product_cat":[150,149,152],"product_tag":[],"class_list":{"0":"post-3455","1":"product","2":"type-product","3":"status-publish","4":"has-post-thumbnail","6":"product_cat-motors","7":"product_cat-motors-i-sensors","8":"product_cat-motors-somfy","10":"first","11":"instock","12":"shipping-taxable","13":"product-type-simple"},"_links":{"self":[{"href":"https:\/\/toldosros.com\/ca\/wp-json\/wp\/v2\/product\/3455","targetHints":{"allow":["GET"]}}],"collection":[{"href":"https:\/\/toldosros.com\/ca\/wp-json\/wp\/v2\/product"}],"about":[{"href":"https:\/\/toldosros.com\/ca\/wp-json\/wp\/v2\/types\/product"}],"wp:featuredmedia":[{"embeddable":true,"href":"https:\/\/toldosros.com\/ca\/wp-json\/wp\/v2\/media\/2217"}],"wp:attachment":[{"href":"https:\/\/toldosros.com\/ca\/wp-json\/wp\/v2\/media?parent=3455"}],"wp:term":[{"taxonomy":"product_brand","embeddable":true,"href":"https:\/\/toldosros.com\/ca\/wp-json\/wp\/v2\/product_brand?post=3455"},{"taxonomy":"product_cat","embeddable":true,"href":"https:\/\/toldosros.com\/ca\/wp-json\/wp\/v2\/product_cat?post=3455"},{"taxonomy":"product_tag","embeddable":true,"href":"https:\/\/toldosros.com\/ca\/wp-json\/wp\/v2\/product_tag?post=3455"}],"curies":[{"name":"wp","href":"https:\/\/api.w.org\/{rel}","templated":true}]}}