{"id":3452,"date":"2024-01-03T15:50:17","date_gmt":"2024-01-03T14:50:17","guid":{"rendered":"https:\/\/staging.microlabhard.com\/toldosros\/producto\/motor-nice\/"},"modified":"2024-01-03T15:50:17","modified_gmt":"2024-01-03T14:50:17","slug":"motor-nice","status":"publish","type":"product","link":"https:\/\/toldosros.com\/ca\/producto\/motor-nice\/","title":{"rendered":"Motor Nice"},"content":{"rendered":"<p>Motors via r\u00e0dio amb les m\u00e0ximes prestacions, amb comandament a dist\u00e0ncia o per polsador. Precisi\u00f3 i fiabilitat.<\/p>\n","protected":false},"excerpt":{"rendered":"<p>Motors via r\u00e0dio amb les m\u00e0ximes prestacions, amb comandament a dist\u00e0ncia o per polsador. Precisi\u00f3 i fiabilitat.<\/p>\n","protected":false},"featured_media":2220,"template":"","meta":{"_seopress_robots_primary_cat":"none","_seopress_titles_title":"","_seopress_titles_desc":"","_seopress_robots_index":"","_joinchat":[]},"product_brand":[],"product_cat":[150,149,151],"product_tag":[],"class_list":{"0":"post-3452","1":"product","2":"type-product","3":"status-publish","4":"has-post-thumbnail","6":"product_cat-motors","7":"product_cat-motors-i-sensors","8":"product_cat-motors-nice","10":"first","11":"instock","12":"shipping-taxable","13":"product-type-simple"},"_links":{"self":[{"href":"https:\/\/toldosros.com\/ca\/wp-json\/wp\/v2\/product\/3452","targetHints":{"allow":["GET"]}}],"collection":[{"href":"https:\/\/toldosros.com\/ca\/wp-json\/wp\/v2\/product"}],"about":[{"href":"https:\/\/toldosros.com\/ca\/wp-json\/wp\/v2\/types\/product"}],"wp:featuredmedia":[{"embeddable":true,"href":"https:\/\/toldosros.com\/ca\/wp-json\/wp\/v2\/media\/2220"}],"wp:attachment":[{"href":"https:\/\/toldosros.com\/ca\/wp-json\/wp\/v2\/media?parent=3452"}],"wp:term":[{"taxonomy":"product_brand","embeddable":true,"href":"https:\/\/toldosros.com\/ca\/wp-json\/wp\/v2\/product_brand?post=3452"},{"taxonomy":"product_cat","embeddable":true,"href":"https:\/\/toldosros.com\/ca\/wp-json\/wp\/v2\/product_cat?post=3452"},{"taxonomy":"product_tag","embeddable":true,"href":"https:\/\/toldosros.com\/ca\/wp-json\/wp\/v2\/product_tag?post=3452"}],"curies":[{"name":"wp","href":"https:\/\/api.w.org\/{rel}","templated":true}]}}