{"id":3451,"date":"2024-01-03T15:52:41","date_gmt":"2024-01-03T14:52:41","guid":{"rendered":"https:\/\/staging.microlabhard.com\/toldosros\/producto\/sunis-io\/"},"modified":"2024-01-03T15:52:41","modified_gmt":"2024-01-03T14:52:41","slug":"sunis-io","status":"publish","type":"product","link":"https:\/\/toldosros.com\/ca\/producto\/sunis-io\/","title":{"rendered":"Sunis IO"},"content":{"rendered":"<p>El sensor de sol sense fils per a tendals, cortines enrotllables exteriors, persianes venecianes d&#8217;exterior i persianes enrotllables. Una soluci\u00f3 discreta per a la fa\u00e7ana: no necessita cablejat i proporciona efici\u00e8ncia on cal.<\/p>\n","protected":false},"excerpt":{"rendered":"<p>El sensor de sol sense fils per a tendals, cortines enrotllables exteriors, persianes venecianes d&#8217;exterior i persianes enrotllables. Una soluci\u00f3 discreta per a la fa\u00e7ana: no necessita cablejat i proporciona efici\u00e8ncia on cal.<\/p>\n","protected":false},"featured_media":2221,"template":"","meta":{"_seopress_robots_primary_cat":"none","_seopress_titles_title":"","_seopress_titles_desc":"","_seopress_robots_index":"","_seopress_analysis_target_kw":"","_joinchat":[]},"product_brand":[],"product_cat":[149,153,155],"product_tag":[],"class_list":{"0":"post-3451","1":"product","2":"type-product","3":"status-publish","4":"has-post-thumbnail","6":"product_cat-motors-i-sensors","7":"product_cat-sensors","8":"product_cat-sensors-somfy","10":"first","11":"instock","12":"shipping-taxable","13":"product-type-simple"},"_links":{"self":[{"href":"https:\/\/toldosros.com\/ca\/wp-json\/wp\/v2\/product\/3451","targetHints":{"allow":["GET"]}}],"collection":[{"href":"https:\/\/toldosros.com\/ca\/wp-json\/wp\/v2\/product"}],"about":[{"href":"https:\/\/toldosros.com\/ca\/wp-json\/wp\/v2\/types\/product"}],"wp:featuredmedia":[{"embeddable":true,"href":"https:\/\/toldosros.com\/ca\/wp-json\/wp\/v2\/media\/2221"}],"wp:attachment":[{"href":"https:\/\/toldosros.com\/ca\/wp-json\/wp\/v2\/media?parent=3451"}],"wp:term":[{"taxonomy":"product_brand","embeddable":true,"href":"https:\/\/toldosros.com\/ca\/wp-json\/wp\/v2\/product_brand?post=3451"},{"taxonomy":"product_cat","embeddable":true,"href":"https:\/\/toldosros.com\/ca\/wp-json\/wp\/v2\/product_cat?post=3451"},{"taxonomy":"product_tag","embeddable":true,"href":"https:\/\/toldosros.com\/ca\/wp-json\/wp\/v2\/product_tag?post=3451"}],"curies":[{"name":"wp","href":"https:\/\/api.w.org\/{rel}","templated":true}]}}