{"id":3447,"date":"2024-01-03T16:03:18","date_gmt":"2024-01-03T15:03:18","guid":{"rendered":"https:\/\/staging.microlabhard.com\/toldosros\/producto\/sunis-sensor-rts\/"},"modified":"2024-01-03T16:03:18","modified_gmt":"2024-01-03T15:03:18","slug":"sunis-sensor-rts","status":"publish","type":"product","link":"https:\/\/toldosros.com\/ca\/producto\/sunis-sensor-rts\/","title":{"rendered":"Sunis sensor RTS"},"content":{"rendered":"<p>El sensor de sol via r\u00e0dio 100% aut\u00f2nom per a tendals, cortines enrotllables, venecianes d&#8217;exterior i persianes. Producte intel\u00b7ligent i aut\u00f2nom per a la fa\u00e7ana: efici\u00e8ncia on es necessita.<\/p>\n","protected":false},"excerpt":{"rendered":"<p>El sensor de sol via r\u00e0dio 100% aut\u00f2nom per a tendals, cortines enrotllables, venecianes d&#8217;exterior i persianes. Producte intel\u00b7ligent i aut\u00f2nom per a la fa\u00e7ana: efici\u00e8ncia on es necessita.<\/p>\n","protected":false},"featured_media":2225,"template":"","meta":{"_seopress_robots_primary_cat":"none","_seopress_titles_title":"","_seopress_titles_desc":"","_seopress_robots_index":"","_joinchat":[]},"product_brand":[],"product_cat":[149,153,155],"product_tag":[],"class_list":{"0":"post-3447","1":"product","2":"type-product","3":"status-publish","4":"has-post-thumbnail","6":"product_cat-motors-i-sensors","7":"product_cat-sensors","8":"product_cat-sensors-somfy","10":"first","11":"instock","12":"shipping-taxable","13":"product-type-simple"},"_links":{"self":[{"href":"https:\/\/toldosros.com\/ca\/wp-json\/wp\/v2\/product\/3447","targetHints":{"allow":["GET"]}}],"collection":[{"href":"https:\/\/toldosros.com\/ca\/wp-json\/wp\/v2\/product"}],"about":[{"href":"https:\/\/toldosros.com\/ca\/wp-json\/wp\/v2\/types\/product"}],"wp:featuredmedia":[{"embeddable":true,"href":"https:\/\/toldosros.com\/ca\/wp-json\/wp\/v2\/media\/2225"}],"wp:attachment":[{"href":"https:\/\/toldosros.com\/ca\/wp-json\/wp\/v2\/media?parent=3447"}],"wp:term":[{"taxonomy":"product_brand","embeddable":true,"href":"https:\/\/toldosros.com\/ca\/wp-json\/wp\/v2\/product_brand?post=3447"},{"taxonomy":"product_cat","embeddable":true,"href":"https:\/\/toldosros.com\/ca\/wp-json\/wp\/v2\/product_cat?post=3447"},{"taxonomy":"product_tag","embeddable":true,"href":"https:\/\/toldosros.com\/ca\/wp-json\/wp\/v2\/product_tag?post=3447"}],"curies":[{"name":"wp","href":"https:\/\/api.w.org\/{rel}","templated":true}]}}