{"id":3439,"date":"2024-01-03T16:27:43","date_gmt":"2024-01-03T15:27:43","guid":{"rendered":"https:\/\/staging.microlabhard.com\/toldosros\/producto\/persiana-de-pvc\/"},"modified":"2024-01-03T16:27:43","modified_gmt":"2024-01-03T15:27:43","slug":"persiana-de-pvc","status":"publish","type":"product","link":"https:\/\/toldosros.com\/ca\/producto\/persiana-de-pvc\/","title":{"rendered":"Persiana de PVC"},"content":{"rendered":"<p>\u00c9s l&#8217;opci\u00f3 m\u00e9s econ\u00f2mica per instal\u00b7lar a casa seva, resistent, econ\u00f2mica i efectiva.<\/p>\n","protected":false},"excerpt":{"rendered":"<p>\u00c9s l&#8217;opci\u00f3 m\u00e9s econ\u00f2mica per instal\u00b7lar a casa seva, resistent, econ\u00f2mica i efectiva.<\/p>\n","protected":false},"featured_media":2233,"template":"","meta":{"_seopress_robots_primary_cat":"none","_seopress_titles_title":"","_seopress_titles_desc":"","_seopress_robots_index":"","_joinchat":[]},"product_brand":[],"product_cat":[156],"product_tag":[],"class_list":{"0":"post-3439","1":"product","2":"type-product","3":"status-publish","4":"has-post-thumbnail","6":"product_cat-persianes","8":"first","9":"instock","10":"shipping-taxable","11":"product-type-simple"},"_links":{"self":[{"href":"https:\/\/toldosros.com\/ca\/wp-json\/wp\/v2\/product\/3439","targetHints":{"allow":["GET"]}}],"collection":[{"href":"https:\/\/toldosros.com\/ca\/wp-json\/wp\/v2\/product"}],"about":[{"href":"https:\/\/toldosros.com\/ca\/wp-json\/wp\/v2\/types\/product"}],"wp:featuredmedia":[{"embeddable":true,"href":"https:\/\/toldosros.com\/ca\/wp-json\/wp\/v2\/media\/2233"}],"wp:attachment":[{"href":"https:\/\/toldosros.com\/ca\/wp-json\/wp\/v2\/media?parent=3439"}],"wp:term":[{"taxonomy":"product_brand","embeddable":true,"href":"https:\/\/toldosros.com\/ca\/wp-json\/wp\/v2\/product_brand?post=3439"},{"taxonomy":"product_cat","embeddable":true,"href":"https:\/\/toldosros.com\/ca\/wp-json\/wp\/v2\/product_cat?post=3439"},{"taxonomy":"product_tag","embeddable":true,"href":"https:\/\/toldosros.com\/ca\/wp-json\/wp\/v2\/product_tag?post=3439"}],"curies":[{"name":"wp","href":"https:\/\/api.w.org\/{rel}","templated":true}]}}