{"id":3434,"date":"2024-01-03T16:59:42","date_gmt":"2024-01-03T15:59:42","guid":{"rendered":"https:\/\/staging.microlabhard.com\/toldosros\/producto\/enrotllable-dinterior\/"},"modified":"2024-01-03T16:59:42","modified_gmt":"2024-01-03T15:59:42","slug":"enrotllable-dinterior","status":"publish","type":"product","link":"https:\/\/toldosros.com\/ca\/producto\/enrotllable-dinterior\/","title":{"rendered":"Enrotllable d&#8217;interior"},"content":{"rendered":"<p>Els estors enrotllables es fabriquen des de fa m\u00e9s de 100 anys, per\u00f2 \u00e9s des d&#8217;aquesta darrera d\u00e8cada on la seva pres\u00e8ncia s&#8217;ha fet m\u00e9s que notable. Els decoradors m\u00e9s exigents en coneixen les propietats i la utilitzen tant per a la decoraci\u00f3 de la llar com per a les oficines. No nom\u00e9s aporten una gran calidesa a la decoraci\u00f3 interior sin\u00f3 que s&#8217;ha convertit en el producte idoni per a vidrieres de grans dimensions. L&#8217;accionament pot ser amb maneta, cadena o motor.<\/p>\n","protected":false},"excerpt":{"rendered":"<p>Els estors enrotllables es fabriquen des de fa m\u00e9s de 100 anys, per\u00f2 \u00e9s des d&#8217;aquesta darrera d\u00e8cada on la seva pres\u00e8ncia s&#8217;ha fet m\u00e9s que notable. Els decoradors m\u00e9s exigents en coneixen les propietats i la utilitzen tant per a la decoraci\u00f3 de la llar com per a les oficines. No nom\u00e9s aporten una [&hellip;]<\/p>\n","protected":false},"featured_media":2238,"template":"","meta":{"_seopress_robots_primary_cat":"none","_seopress_titles_title":"","_seopress_titles_desc":"","_seopress_robots_index":"","_joinchat":[]},"product_brand":[],"product_cat":[143,145],"product_tag":[],"class_list":{"0":"post-3434","1":"product","2":"type-product","3":"status-publish","4":"has-post-thumbnail","6":"product_cat-cortines-dinterior-2","7":"product_cat-enrotllables-cortines-interior-2","9":"first","10":"instock","11":"shipping-taxable","12":"product-type-simple"},"_links":{"self":[{"href":"https:\/\/toldosros.com\/ca\/wp-json\/wp\/v2\/product\/3434","targetHints":{"allow":["GET"]}}],"collection":[{"href":"https:\/\/toldosros.com\/ca\/wp-json\/wp\/v2\/product"}],"about":[{"href":"https:\/\/toldosros.com\/ca\/wp-json\/wp\/v2\/types\/product"}],"wp:featuredmedia":[{"embeddable":true,"href":"https:\/\/toldosros.com\/ca\/wp-json\/wp\/v2\/media\/2238"}],"wp:attachment":[{"href":"https:\/\/toldosros.com\/ca\/wp-json\/wp\/v2\/media?parent=3434"}],"wp:term":[{"taxonomy":"product_brand","embeddable":true,"href":"https:\/\/toldosros.com\/ca\/wp-json\/wp\/v2\/product_brand?post=3434"},{"taxonomy":"product_cat","embeddable":true,"href":"https:\/\/toldosros.com\/ca\/wp-json\/wp\/v2\/product_cat?post=3434"},{"taxonomy":"product_tag","embeddable":true,"href":"https:\/\/toldosros.com\/ca\/wp-json\/wp\/v2\/product_tag?post=3434"}],"curies":[{"name":"wp","href":"https:\/\/api.w.org\/{rel}","templated":true}]}}