{"id":3305,"date":"2024-01-17T10:41:10","date_gmt":"2024-01-17T09:41:10","guid":{"rendered":"https:\/\/staging.microlabhard.com\/toldosros\/producto\/rescreen-3500-p\/"},"modified":"2024-01-17T10:41:10","modified_gmt":"2024-01-17T09:41:10","slug":"rescreen-3500-p","status":"publish","type":"product","link":"https:\/\/toldosros.com\/ca\/producto\/rescreen-3500-p\/","title":{"rendered":"Rescreen 3500 P"},"content":{"rendered":"<p>Teixit de screen de fil fi amb estructura panam\u00e0 (estoreta 2\/2). \u00c9s l&#8217;article m\u00e9s lleuger de la gamma amb un grau d&#8217;obertura mitj\u00e0-alt (5%). La construcci\u00f3 fa que sigui el m\u00e9s transparent, amb un bon equilibri entre la visi\u00f3 exterior i el confort visual, v\u00e0lid amb una radiaci\u00f3 solar comuna. \u00c9s apte davant de qualsevol aplicaci\u00f3 d&#8217;interior i d&#8217;exterior sempre que sigui sense tensions. La seva extensa gamma crom\u00e0tica el fa ideal en qualsevol ambient.<\/p>\n","protected":false},"excerpt":{"rendered":"<p>Teixit de screen de fil fi amb estructura panam\u00e0 (estoreta 2\/2). \u00c9s l&#8217;article m\u00e9s lleuger de la gamma amb un grau d&#8217;obertura mitj\u00e0-alt (5%). La construcci\u00f3 fa que sigui el m\u00e9s transparent, amb un bon equilibri entre la visi\u00f3 exterior i el confort visual, v\u00e0lid amb una radiaci\u00f3 solar comuna. \u00c9s apte davant de qualsevol [&hellip;]<\/p>\n","protected":false},"featured_media":2367,"template":"","meta":{"_seopress_robots_primary_cat":"none","_seopress_titles_title":"","_seopress_titles_desc":"","_seopress_robots_index":"","_seopress_analysis_target_kw":"","_joinchat":[]},"product_brand":[],"product_cat":[173,172],"product_tag":[],"class_list":{"0":"post-3305","1":"product","2":"type-product","3":"status-publish","4":"has-post-thumbnail","6":"product_cat-recscreen-ca","7":"product_cat-teixits-tecnics","9":"first","10":"instock","11":"shipping-taxable","12":"product-type-simple"},"_links":{"self":[{"href":"https:\/\/toldosros.com\/ca\/wp-json\/wp\/v2\/product\/3305","targetHints":{"allow":["GET"]}}],"collection":[{"href":"https:\/\/toldosros.com\/ca\/wp-json\/wp\/v2\/product"}],"about":[{"href":"https:\/\/toldosros.com\/ca\/wp-json\/wp\/v2\/types\/product"}],"wp:featuredmedia":[{"embeddable":true,"href":"https:\/\/toldosros.com\/ca\/wp-json\/wp\/v2\/media\/2367"}],"wp:attachment":[{"href":"https:\/\/toldosros.com\/ca\/wp-json\/wp\/v2\/media?parent=3305"}],"wp:term":[{"taxonomy":"product_brand","embeddable":true,"href":"https:\/\/toldosros.com\/ca\/wp-json\/wp\/v2\/product_brand?post=3305"},{"taxonomy":"product_cat","embeddable":true,"href":"https:\/\/toldosros.com\/ca\/wp-json\/wp\/v2\/product_cat?post=3305"},{"taxonomy":"product_tag","embeddable":true,"href":"https:\/\/toldosros.com\/ca\/wp-json\/wp\/v2\/product_tag?post=3305"}],"curies":[{"name":"wp","href":"https:\/\/api.w.org\/{rel}","templated":true}]}}