{"id":3304,"date":"2024-01-17T10:43:07","date_gmt":"2024-01-17T09:43:07","guid":{"rendered":"https:\/\/staging.microlabhard.com\/toldosros\/producto\/recscreen-4000-p\/"},"modified":"2024-01-17T10:43:07","modified_gmt":"2024-01-17T09:43:07","slug":"recscreen-4000-p","status":"publish","type":"product","link":"https:\/\/toldosros.com\/ca\/producto\/recscreen-4000-p\/","title":{"rendered":"RecScreen 4000 P"},"content":{"rendered":"<p>Teixit de screen de fil fi amb estructura panam\u00e0 (estoreta 2\/2). \u00c9s un article amb un grau d&#8217;obertura molt baix (1%) que proporciona molt bona protecci\u00f3 contra la radiaci\u00f3 solar, aportant una gran privadesa cap a l&#8217;exterior. Teixit molt t\u00e8cnic, est\u00e0 dissenyat per aconseguir un gran estalvi energ\u00e8tic. La seva estructura compacta \u00e9s molt estable, cosa que li permet suportar b\u00e9 les tensions. \u00c9s apte per a aplicacions interior o exterior.<\/p>\n","protected":false},"excerpt":{"rendered":"<p>Teixit de screen de fil fi amb estructura panam\u00e0 (estoreta 2\/2). \u00c9s un article amb un grau d&#8217;obertura molt baix (1%) que proporciona molt bona protecci\u00f3 contra la radiaci\u00f3 solar, aportant una gran privadesa cap a l&#8217;exterior. Teixit molt t\u00e8cnic, est\u00e0 dissenyat per aconseguir un gran estalvi energ\u00e8tic. La seva estructura compacta \u00e9s molt estable, [&hellip;]<\/p>\n","protected":false},"featured_media":2368,"template":"","meta":{"_seopress_robots_primary_cat":"none","_seopress_titles_title":"","_seopress_titles_desc":"","_seopress_robots_index":"","_seopress_analysis_target_kw":"","_joinchat":[]},"product_brand":[],"product_cat":[173,172],"product_tag":[],"class_list":{"0":"post-3304","1":"product","2":"type-product","3":"status-publish","4":"has-post-thumbnail","6":"product_cat-recscreen-ca","7":"product_cat-teixits-tecnics","9":"first","10":"instock","11":"shipping-taxable","12":"product-type-simple"},"_links":{"self":[{"href":"https:\/\/toldosros.com\/ca\/wp-json\/wp\/v2\/product\/3304","targetHints":{"allow":["GET"]}}],"collection":[{"href":"https:\/\/toldosros.com\/ca\/wp-json\/wp\/v2\/product"}],"about":[{"href":"https:\/\/toldosros.com\/ca\/wp-json\/wp\/v2\/types\/product"}],"wp:featuredmedia":[{"embeddable":true,"href":"https:\/\/toldosros.com\/ca\/wp-json\/wp\/v2\/media\/2368"}],"wp:attachment":[{"href":"https:\/\/toldosros.com\/ca\/wp-json\/wp\/v2\/media?parent=3304"}],"wp:term":[{"taxonomy":"product_brand","embeddable":true,"href":"https:\/\/toldosros.com\/ca\/wp-json\/wp\/v2\/product_brand?post=3304"},{"taxonomy":"product_cat","embeddable":true,"href":"https:\/\/toldosros.com\/ca\/wp-json\/wp\/v2\/product_cat?post=3304"},{"taxonomy":"product_tag","embeddable":true,"href":"https:\/\/toldosros.com\/ca\/wp-json\/wp\/v2\/product_tag?post=3304"}],"curies":[{"name":"wp","href":"https:\/\/api.w.org\/{rel}","templated":true}]}}