{"id":3303,"date":"2024-01-17T10:44:07","date_gmt":"2024-01-17T09:44:07","guid":{"rendered":"https:\/\/staging.microlabhard.com\/toldosros\/producto\/recscreen-5000-p\/"},"modified":"2024-01-17T10:44:07","modified_gmt":"2024-01-17T09:44:07","slug":"recscreen-5000-p","status":"publish","type":"product","link":"https:\/\/toldosros.com\/ca\/producto\/recscreen-5000-p\/","title":{"rendered":"RecScreen 5000 P"},"content":{"rendered":"<p>Teixit de screen de fil gruixut amb estructura panam\u00e0 (estoreta 2\/2). T\u00e9 un grau d&#8217;obertura mitj\u00e0-alt (5,5%), cosa que ofereix un bon confort visual alhora que permet una visi\u00f3 adequada de l&#8217;exterior. \u00c9s un article especialment dissenyat per utilitzar-lo en cortinatges i espais de grans dimensions. La seva estructura oberta i el pes li proporcionen una caiguda perfecta. \u00c9s apte per a qualsevol aplicaci\u00f3 sense tensions, tant per a interior com per a exterior.<\/p>\n","protected":false},"excerpt":{"rendered":"<p>Teixit de screen de fil gruixut amb estructura panam\u00e0 (estoreta 2\/2). T\u00e9 un grau d&#8217;obertura mitj\u00e0-alt (5,5%), cosa que ofereix un bon confort visual alhora que permet una visi\u00f3 adequada de l&#8217;exterior. \u00c9s un article especialment dissenyat per utilitzar-lo en cortinatges i espais de grans dimensions. La seva estructura oberta i el pes li proporcionen [&hellip;]<\/p>\n","protected":false},"featured_media":2369,"template":"","meta":{"_seopress_robots_primary_cat":"none","_seopress_titles_title":"","_seopress_titles_desc":"","_seopress_robots_index":"","_seopress_analysis_target_kw":"","_joinchat":[]},"product_brand":[],"product_cat":[173,172],"product_tag":[],"class_list":{"0":"post-3303","1":"product","2":"type-product","3":"status-publish","4":"has-post-thumbnail","6":"product_cat-recscreen-ca","7":"product_cat-teixits-tecnics","9":"first","10":"instock","11":"shipping-taxable","12":"product-type-simple"},"_links":{"self":[{"href":"https:\/\/toldosros.com\/ca\/wp-json\/wp\/v2\/product\/3303","targetHints":{"allow":["GET"]}}],"collection":[{"href":"https:\/\/toldosros.com\/ca\/wp-json\/wp\/v2\/product"}],"about":[{"href":"https:\/\/toldosros.com\/ca\/wp-json\/wp\/v2\/types\/product"}],"wp:featuredmedia":[{"embeddable":true,"href":"https:\/\/toldosros.com\/ca\/wp-json\/wp\/v2\/media\/2369"}],"wp:attachment":[{"href":"https:\/\/toldosros.com\/ca\/wp-json\/wp\/v2\/media?parent=3303"}],"wp:term":[{"taxonomy":"product_brand","embeddable":true,"href":"https:\/\/toldosros.com\/ca\/wp-json\/wp\/v2\/product_brand?post=3303"},{"taxonomy":"product_cat","embeddable":true,"href":"https:\/\/toldosros.com\/ca\/wp-json\/wp\/v2\/product_cat?post=3303"},{"taxonomy":"product_tag","embeddable":true,"href":"https:\/\/toldosros.com\/ca\/wp-json\/wp\/v2\/product_tag?post=3303"}],"curies":[{"name":"wp","href":"https:\/\/api.w.org\/{rel}","templated":true}]}}