{"id":3302,"date":"2024-01-17T10:45:00","date_gmt":"2024-01-17T09:45:00","guid":{"rendered":"https:\/\/staging.microlabhard.com\/toldosros\/producto\/rec-screen-6000-p\/"},"modified":"2024-01-17T10:45:00","modified_gmt":"2024-01-17T09:45:00","slug":"rec-screen-6000-p","status":"publish","type":"product","link":"https:\/\/toldosros.com\/ca\/producto\/rec-screen-6000-p\/","title":{"rendered":"Rec Screen 6000 P"},"content":{"rendered":"<p>Teixit de screen de fil gruixut amb estructura de sarja, amb dues cares diferents, que li aporta un relleu en diagonal i un augment de la seva resist\u00e8ncia. Aquesta caracter\u00edstica es real\u00e7a amb la utilitzaci\u00f3 d&#8217;ordits i trames de diferents colors. T\u00e9 un grau d&#8217;obertura mitj\u00e0 (3%) que permet al teixit el pas d&#8217;aire, afavorint la ventilaci\u00f3 i, per tant, l&#8217;estabilitat t\u00e8rmica de l&#8217;habitacle. \u00c9s un teixit amb un excel\u00b7lent comportament per la seva estabilitat dimensional, fins i tot sota tensi\u00f3, molt resistent i de pes elevat. \u00c9s apte per a qualsevol aplicaci\u00f3 tant d&#8217;interior com exterior, incloent cortines de grans dimensions, ZIP i tendals.<\/p>\n","protected":false},"excerpt":{"rendered":"<p>Teixit de screen de fil gruixut amb estructura de sarja, amb dues cares diferents, que li aporta un relleu en diagonal i un augment de la seva resist\u00e8ncia. Aquesta caracter\u00edstica es real\u00e7a amb la utilitzaci\u00f3 d&#8217;ordits i trames de diferents colors. T\u00e9 un grau d&#8217;obertura mitj\u00e0 (3%) que permet al teixit el pas d&#8217;aire, afavorint [&hellip;]<\/p>\n","protected":false},"featured_media":2370,"template":"","meta":{"_seopress_robots_primary_cat":"none","_seopress_titles_title":"","_seopress_titles_desc":"","_seopress_robots_index":"","_joinchat":[]},"product_brand":[],"product_cat":[173,172],"product_tag":[],"class_list":{"0":"post-3302","1":"product","2":"type-product","3":"status-publish","4":"has-post-thumbnail","6":"product_cat-recscreen-ca","7":"product_cat-teixits-tecnics","9":"first","10":"instock","11":"shipping-taxable","12":"product-type-simple"},"_links":{"self":[{"href":"https:\/\/toldosros.com\/ca\/wp-json\/wp\/v2\/product\/3302","targetHints":{"allow":["GET"]}}],"collection":[{"href":"https:\/\/toldosros.com\/ca\/wp-json\/wp\/v2\/product"}],"about":[{"href":"https:\/\/toldosros.com\/ca\/wp-json\/wp\/v2\/types\/product"}],"wp:featuredmedia":[{"embeddable":true,"href":"https:\/\/toldosros.com\/ca\/wp-json\/wp\/v2\/media\/2370"}],"wp:attachment":[{"href":"https:\/\/toldosros.com\/ca\/wp-json\/wp\/v2\/media?parent=3302"}],"wp:term":[{"taxonomy":"product_brand","embeddable":true,"href":"https:\/\/toldosros.com\/ca\/wp-json\/wp\/v2\/product_brand?post=3302"},{"taxonomy":"product_cat","embeddable":true,"href":"https:\/\/toldosros.com\/ca\/wp-json\/wp\/v2\/product_cat?post=3302"},{"taxonomy":"product_tag","embeddable":true,"href":"https:\/\/toldosros.com\/ca\/wp-json\/wp\/v2\/product_tag?post=3302"}],"curies":[{"name":"wp","href":"https:\/\/api.w.org\/{rel}","templated":true}]}}