{"id":3301,"date":"2024-01-17T10:45:58","date_gmt":"2024-01-17T09:45:58","guid":{"rendered":"https:\/\/staging.microlabhard.com\/toldosros\/producto\/recscreen-7000p\/"},"modified":"2024-01-17T10:45:58","modified_gmt":"2024-01-17T09:45:58","slug":"recscreen-7000p","status":"publish","type":"product","link":"https:\/\/toldosros.com\/ca\/producto\/recscreen-7000p\/","title":{"rendered":"RecScreen 7000P"},"content":{"rendered":"<p>Teixit de screen de fil fi amb estructura de sarja, amb dues cares diferents, que li aporta un relleu en diagonal i un augment de la resist\u00e8ncia. T\u00e9 un grau d&#8217;obertura mitj\u00e0 (3%) que sumat a l&#8217;estabilitat dimensional de la construcci\u00f3 de sarja i el pes m\u00e9s lleuger, permeten la confecci\u00f3 de tot tipus de productes d&#8217;interior i exterior. \u00c9s especialment adequat per a cortines i tendals de grans dimensions.<\/p>\n","protected":false},"excerpt":{"rendered":"<p>Teixit de screen de fil fi amb estructura de sarja, amb dues cares diferents, que li aporta un relleu en diagonal i un augment de la resist\u00e8ncia. T\u00e9 un grau d&#8217;obertura mitj\u00e0 (3%) que sumat a l&#8217;estabilitat dimensional de la construcci\u00f3 de sarja i el pes m\u00e9s lleuger, permeten la confecci\u00f3 de tot tipus de [&hellip;]<\/p>\n","protected":false},"featured_media":2371,"template":"","meta":{"_seopress_robots_primary_cat":"none","_seopress_titles_title":"","_seopress_titles_desc":"","_seopress_robots_index":"","_joinchat":[]},"product_brand":[],"product_cat":[173,172],"product_tag":[],"class_list":{"0":"post-3301","1":"product","2":"type-product","3":"status-publish","4":"has-post-thumbnail","6":"product_cat-recscreen-ca","7":"product_cat-teixits-tecnics","9":"first","10":"instock","11":"shipping-taxable","12":"product-type-simple"},"_links":{"self":[{"href":"https:\/\/toldosros.com\/ca\/wp-json\/wp\/v2\/product\/3301","targetHints":{"allow":["GET"]}}],"collection":[{"href":"https:\/\/toldosros.com\/ca\/wp-json\/wp\/v2\/product"}],"about":[{"href":"https:\/\/toldosros.com\/ca\/wp-json\/wp\/v2\/types\/product"}],"wp:featuredmedia":[{"embeddable":true,"href":"https:\/\/toldosros.com\/ca\/wp-json\/wp\/v2\/media\/2371"}],"wp:attachment":[{"href":"https:\/\/toldosros.com\/ca\/wp-json\/wp\/v2\/media?parent=3301"}],"wp:term":[{"taxonomy":"product_brand","embeddable":true,"href":"https:\/\/toldosros.com\/ca\/wp-json\/wp\/v2\/product_brand?post=3301"},{"taxonomy":"product_cat","embeddable":true,"href":"https:\/\/toldosros.com\/ca\/wp-json\/wp\/v2\/product_cat?post=3301"},{"taxonomy":"product_tag","embeddable":true,"href":"https:\/\/toldosros.com\/ca\/wp-json\/wp\/v2\/product_tag?post=3301"}],"curies":[{"name":"wp","href":"https:\/\/api.w.org\/{rel}","templated":true}]}}