{"id":3299,"date":"2024-01-17T10:47:41","date_gmt":"2024-01-17T09:47:41","guid":{"rendered":"https:\/\/staging.microlabhard.com\/toldosros\/producto\/recscreen-diamant\/"},"modified":"2024-01-17T10:47:41","modified_gmt":"2024-01-17T09:47:41","slug":"recscreen-diamant","status":"publish","type":"product","link":"https:\/\/toldosros.com\/ca\/producto\/recscreen-diamant\/","title":{"rendered":"RecScreen Diamant"},"content":{"rendered":"<p>Teixit de screen de fil fi amb estructura de fantasia. T\u00e9 un grau d&#8217;obertura mitj\u00e0-alt (5%) i \u00e9s apte per a qualsevol aplicaci\u00f3 lliure de tensions, encara que principalment orientat a la decoraci\u00f3 interior, creant un ambient m\u00e9s c\u00e0lid. El seu original disseny i el dibuix que es conforma fa que sigui un screen diferent, proporcionant un ambient m\u00e9s c\u00e0lid a qualsevol habitacle. RECscreen<\/p>\n","protected":false},"excerpt":{"rendered":"<p>Teixit de screen de fil fi amb estructura de fantasia. T\u00e9 un grau d&#8217;obertura mitj\u00e0-alt (5%) i \u00e9s apte per a qualsevol aplicaci\u00f3 lliure de tensions, encara que principalment orientat a la decoraci\u00f3 interior, creant un ambient m\u00e9s c\u00e0lid. El seu original disseny i el dibuix que es conforma fa que sigui un screen diferent, [&hellip;]<\/p>\n","protected":false},"featured_media":2373,"template":"","meta":{"_seopress_robots_primary_cat":"none","_seopress_titles_title":"","_seopress_titles_desc":"","_seopress_robots_index":"","_seopress_analysis_target_kw":"","_joinchat":[]},"product_brand":[],"product_cat":[173,172],"product_tag":[],"class_list":{"0":"post-3299","1":"product","2":"type-product","3":"status-publish","4":"has-post-thumbnail","6":"product_cat-recscreen-ca","7":"product_cat-teixits-tecnics","9":"first","10":"instock","11":"shipping-taxable","12":"product-type-simple"},"_links":{"self":[{"href":"https:\/\/toldosros.com\/ca\/wp-json\/wp\/v2\/product\/3299","targetHints":{"allow":["GET"]}}],"collection":[{"href":"https:\/\/toldosros.com\/ca\/wp-json\/wp\/v2\/product"}],"about":[{"href":"https:\/\/toldosros.com\/ca\/wp-json\/wp\/v2\/types\/product"}],"wp:featuredmedia":[{"embeddable":true,"href":"https:\/\/toldosros.com\/ca\/wp-json\/wp\/v2\/media\/2373"}],"wp:attachment":[{"href":"https:\/\/toldosros.com\/ca\/wp-json\/wp\/v2\/media?parent=3299"}],"wp:term":[{"taxonomy":"product_brand","embeddable":true,"href":"https:\/\/toldosros.com\/ca\/wp-json\/wp\/v2\/product_brand?post=3299"},{"taxonomy":"product_cat","embeddable":true,"href":"https:\/\/toldosros.com\/ca\/wp-json\/wp\/v2\/product_cat?post=3299"},{"taxonomy":"product_tag","embeddable":true,"href":"https:\/\/toldosros.com\/ca\/wp-json\/wp\/v2\/product_tag?post=3299"}],"curies":[{"name":"wp","href":"https:\/\/api.w.org\/{rel}","templated":true}]}}