{"id":3298,"date":"2024-01-17T10:48:26","date_gmt":"2024-01-17T09:48:26","guid":{"rendered":"https:\/\/staging.microlabhard.com\/toldosros\/producto\/recscreen-rustic\/"},"modified":"2024-01-17T10:48:26","modified_gmt":"2024-01-17T09:48:26","slug":"recscreen-rustic","status":"publish","type":"product","link":"https:\/\/toldosros.com\/ca\/producto\/recscreen-rustic\/","title":{"rendered":"RecScreen Rustic"},"content":{"rendered":"<p>Teixit de screen amb una estructura de fantasia que combina fil fi i fil gruixut de diferents colors. \u00c9s l&#8217;article de m\u00e9s grau d&#8217;obertura de tota la col\u00b7lecci\u00f3 (9%), cosa que el fa adequat per a ambients poc assolellats ja que deixa filtrar un alt percentatge de radiaci\u00f3 solar. Amb la combinaci\u00f3 de fils de diferents gruixos i colors s&#8217;aconsegueix un efecte r\u00fastic molt adequat en ambients rurals. Especialment indicat per a obertures de grans dimensions pel seu pes i estabilitat que donen al teixit un molt bon caient.<\/p>\n","protected":false},"excerpt":{"rendered":"<p>Teixit de screen amb una estructura de fantasia que combina fil fi i fil gruixut de diferents colors. \u00c9s l&#8217;article de m\u00e9s grau d&#8217;obertura de tota la col\u00b7lecci\u00f3 (9%), cosa que el fa adequat per a ambients poc assolellats ja que deixa filtrar un alt percentatge de radiaci\u00f3 solar. Amb la combinaci\u00f3 de fils de [&hellip;]<\/p>\n","protected":false},"featured_media":2374,"template":"","meta":{"_seopress_robots_primary_cat":"none","_seopress_titles_title":"","_seopress_titles_desc":"","_seopress_robots_index":"","_joinchat":[]},"product_brand":[],"product_cat":[173,172],"product_tag":[],"class_list":{"0":"post-3298","1":"product","2":"type-product","3":"status-publish","4":"has-post-thumbnail","6":"product_cat-recscreen-ca","7":"product_cat-teixits-tecnics","9":"first","10":"instock","11":"shipping-taxable","12":"product-type-simple"},"_links":{"self":[{"href":"https:\/\/toldosros.com\/ca\/wp-json\/wp\/v2\/product\/3298","targetHints":{"allow":["GET"]}}],"collection":[{"href":"https:\/\/toldosros.com\/ca\/wp-json\/wp\/v2\/product"}],"about":[{"href":"https:\/\/toldosros.com\/ca\/wp-json\/wp\/v2\/types\/product"}],"wp:featuredmedia":[{"embeddable":true,"href":"https:\/\/toldosros.com\/ca\/wp-json\/wp\/v2\/media\/2374"}],"wp:attachment":[{"href":"https:\/\/toldosros.com\/ca\/wp-json\/wp\/v2\/media?parent=3298"}],"wp:term":[{"taxonomy":"product_brand","embeddable":true,"href":"https:\/\/toldosros.com\/ca\/wp-json\/wp\/v2\/product_brand?post=3298"},{"taxonomy":"product_cat","embeddable":true,"href":"https:\/\/toldosros.com\/ca\/wp-json\/wp\/v2\/product_cat?post=3298"},{"taxonomy":"product_tag","embeddable":true,"href":"https:\/\/toldosros.com\/ca\/wp-json\/wp\/v2\/product_tag?post=3298"}],"curies":[{"name":"wp","href":"https:\/\/api.w.org\/{rel}","templated":true}]}}