{"id":3297,"date":"2024-01-17T10:49:32","date_gmt":"2024-01-17T09:49:32","guid":{"rendered":"https:\/\/staging.microlabhard.com\/toldosros\/producto\/recscreen-bicolor-3500-p\/"},"modified":"2024-01-17T10:49:32","modified_gmt":"2024-01-17T09:49:32","slug":"recscreen-bicolor-3500-p","status":"publish","type":"product","link":"https:\/\/toldosros.com\/ca\/producto\/recscreen-bicolor-3500-p\/","title":{"rendered":"RecScreen Bicolor 3500 P"},"content":{"rendered":"<p>Teixit de screen de fil fi amb estructura panam\u00e0 (estoreta 2\/2). \u00c9s un article molt lleuger amb un grau d&#8217;obertura mitj\u00e0-alt (5%), fabricat a partir de fils de screen que combinen dos colors en un mateix fil. Amb aix\u00f2 s&#8217;aconsegueix un efecte de jaspiat que trenca la monotonia del teixit i aporta un toc est\u00e8tic diferent molt interessant per a la decoraci\u00f3 interior. Especialment indicat per aplicar en ambients interiors per la seva extensa gamma crom\u00e0tica.<\/p>\n","protected":false},"excerpt":{"rendered":"<p>Teixit de screen de fil fi amb estructura panam\u00e0 (estoreta 2\/2). \u00c9s un article molt lleuger amb un grau d&#8217;obertura mitj\u00e0-alt (5%), fabricat a partir de fils de screen que combinen dos colors en un mateix fil. Amb aix\u00f2 s&#8217;aconsegueix un efecte de jaspiat que trenca la monotonia del teixit i aporta un toc est\u00e8tic [&hellip;]<\/p>\n","protected":false},"featured_media":2376,"template":"","meta":{"_seopress_robots_primary_cat":"none","_seopress_titles_title":"","_seopress_titles_desc":"","_seopress_robots_index":"","_joinchat":[]},"product_brand":[],"product_cat":[173,172],"product_tag":[],"class_list":{"0":"post-3297","1":"product","2":"type-product","3":"status-publish","4":"has-post-thumbnail","6":"product_cat-recscreen-ca","7":"product_cat-teixits-tecnics","9":"first","10":"instock","11":"shipping-taxable","12":"product-type-simple"},"_links":{"self":[{"href":"https:\/\/toldosros.com\/ca\/wp-json\/wp\/v2\/product\/3297","targetHints":{"allow":["GET"]}}],"collection":[{"href":"https:\/\/toldosros.com\/ca\/wp-json\/wp\/v2\/product"}],"about":[{"href":"https:\/\/toldosros.com\/ca\/wp-json\/wp\/v2\/types\/product"}],"wp:featuredmedia":[{"embeddable":true,"href":"https:\/\/toldosros.com\/ca\/wp-json\/wp\/v2\/media\/2376"}],"wp:attachment":[{"href":"https:\/\/toldosros.com\/ca\/wp-json\/wp\/v2\/media?parent=3297"}],"wp:term":[{"taxonomy":"product_brand","embeddable":true,"href":"https:\/\/toldosros.com\/ca\/wp-json\/wp\/v2\/product_brand?post=3297"},{"taxonomy":"product_cat","embeddable":true,"href":"https:\/\/toldosros.com\/ca\/wp-json\/wp\/v2\/product_cat?post=3297"},{"taxonomy":"product_tag","embeddable":true,"href":"https:\/\/toldosros.com\/ca\/wp-json\/wp\/v2\/product_tag?post=3297"}],"curies":[{"name":"wp","href":"https:\/\/api.w.org\/{rel}","templated":true}]}}