{"id":3139,"date":"2023-12-27T16:29:01","date_gmt":"2023-12-27T15:29:01","guid":{"rendered":"https:\/\/staging.microlabhard.com\/toldosros\/producto\/vertical-amb-vareta-o-cable\/"},"modified":"2023-12-27T16:29:01","modified_gmt":"2023-12-27T15:29:01","slug":"vertical-amb-vareta-o-cable","status":"publish","type":"product","link":"https:\/\/toldosros.com\/ca\/producto\/vertical-amb-vareta-o-cable\/","title":{"rendered":"Vertical amb vareta o cable"},"content":{"rendered":"<p>Tendal instal\u00b7lat en sentit vertical guiat per varetes o cables laterals, que el converteixen en l&#8217;opci\u00f3 perfecta per a l&#8217;exterior i amb una gran resist\u00e8ncia davant del vent i les possibles inclem\u00e8ncies meteorol\u00f2giques.<\/p>\n","protected":false},"excerpt":{"rendered":"<p>Tendal instal\u00b7lat en sentit vertical guiat per varetes o cables laterals, que el converteixen en l&#8217;opci\u00f3 perfecta per a l&#8217;exterior i amb una gran resist\u00e8ncia davant del vent i les possibles inclem\u00e8ncies meteorol\u00f2giques.<\/p>\n","protected":false},"featured_media":2148,"template":"","meta":{"_seopress_robots_primary_cat":"","_seopress_titles_title":"","_seopress_titles_desc":"","_seopress_robots_index":"","_joinchat":[]},"product_brand":[],"product_cat":[176,193],"product_tag":[],"class_list":{"0":"post-3139","1":"product","2":"type-product","3":"status-publish","4":"has-post-thumbnail","6":"product_cat-tendals","7":"product_cat-verticals","9":"first","10":"instock","11":"shipping-taxable","12":"product-type-simple"},"_links":{"self":[{"href":"https:\/\/toldosros.com\/ca\/wp-json\/wp\/v2\/product\/3139","targetHints":{"allow":["GET"]}}],"collection":[{"href":"https:\/\/toldosros.com\/ca\/wp-json\/wp\/v2\/product"}],"about":[{"href":"https:\/\/toldosros.com\/ca\/wp-json\/wp\/v2\/types\/product"}],"wp:featuredmedia":[{"embeddable":true,"href":"https:\/\/toldosros.com\/ca\/wp-json\/wp\/v2\/media\/2148"}],"wp:attachment":[{"href":"https:\/\/toldosros.com\/ca\/wp-json\/wp\/v2\/media?parent=3139"}],"wp:term":[{"taxonomy":"product_brand","embeddable":true,"href":"https:\/\/toldosros.com\/ca\/wp-json\/wp\/v2\/product_brand?post=3139"},{"taxonomy":"product_cat","embeddable":true,"href":"https:\/\/toldosros.com\/ca\/wp-json\/wp\/v2\/product_cat?post=3139"},{"taxonomy":"product_tag","embeddable":true,"href":"https:\/\/toldosros.com\/ca\/wp-json\/wp\/v2\/product_tag?post=3139"}],"curies":[{"name":"wp","href":"https:\/\/api.w.org\/{rel}","templated":true}]}}