{"id":4000,"date":"2026-02-09T12:53:48","date_gmt":"2026-02-09T11:53:48","guid":{"rendered":"https:\/\/toldosros.com\/?page_id=4000"},"modified":"2026-02-09T13:26:27","modified_gmt":"2026-02-09T12:26:27","slug":"politica-de-cookies","status":"publish","type":"page","link":"https:\/\/toldosros.com\/ca\/politica-de-cookies\/","title":{"rendered":"Pol\u00edtica de cookies"},"content":{"rendered":"<div class=\"wpb-content-wrapper\"><p>[vc_row][vc_column][vc_empty_space height=&#8221;50px&#8221;][vc_column_text css=&#8221;&#8221; css_params=&#8221;&#8221;]<\/p>\n<h2 style=\"text-align: center;\">I. POL\u00cdTICA DE COOKIES<\/h2>\n<p><strong>INFORMACI\u00d3 SOBRE COOKIES<\/strong><\/p>\n<p>D\u2019acord amb la Llei 34\/2002, de 11 de juliol, de serveis de la societat de la informaci\u00f3 i de comer\u00e7 electr\u00f2nic (LSSI), en relaci\u00f3 amb el Reglament (UE) 2016\/679 de el Parlament Europeu i de Consell, de 27 de abril de 2016, General de Protecci\u00f3 de Dades (GDPR) i la Llei Org\u00e0nica 3\/2018, de 5 de desembre, de Protecci\u00f3 de Dades i Garantia dels Drets Digitals (LOPDGDD), \u00e9s obligat obtenir el consentiment expr\u00e9s de l\u2019usuari de totes les p\u00e0gines web que fan servir cookies prescindibles, abans que aquest navegui per elles.<\/p>\n<p><strong>QU\u00c8 S\u00d3N LES COOKIES?<\/strong><\/p>\n<p>Les cookies i altres tecnologies similars com ara local shared objects, flash cookies o p\u00edxels, s\u00f3n eines emprades pels servidors Web per emmagatzemar i recuperar informaci\u00f3 sobre els seus visitants, aix\u00ed com per oferir un correcte funcionament del lloc.<\/p>\n<p>Mitjan\u00e7ant l\u2019\u00fas d\u2019aquests dispositius es permet al servidor Web recordar algunes dades referents a l\u2019usuari, com les seves prefer\u00e8ncies per a la visualitzaci\u00f3 de les p\u00e0gines d\u2019aquest servidor, nom i contrasenya, productes que m\u00e9s li interessen, etc.<\/p>\n<p><strong>COOKIES AFECTADES PER LA NORMATIVA I COOKIES EXCEPTUADES<\/strong><\/p>\n<p>Segons la directiva de la UE, les cookies que requereixen el consentiment informat per part de l\u2019usuari s\u00f3n les cookies anal\u00edtiques i les de publicitat i afiliaci\u00f3, i queden exceptuades les de car\u00e0cter t\u00e8cnic i les necess\u00e0ries per al funcionament del lloc web o la prestaci\u00f3 de serveis expressament sol\u00b7licitats per l\u2019usuari.<\/p>\n<p><strong>TIPUS DE COOKIES SEGONS LA FINALITAT<\/strong><\/p>\n<ul>\n<li><strong>Cookies t\u00e8cniques i funcionals:<\/strong> s\u00f3n les que permeten a l\u2019usuari navegar a trav\u00e9s d\u2019una p\u00e0gina web, plataforma o aplicaci\u00f3 i utilitzar les diferents opcions o serveis que hi hagi.<\/li>\n<li><strong>Cookies d\u2019an\u00e0lisi:<\/strong> s\u00f3n les que permeten al responsable d\u2019aquestes monitoritzar i analitzar el comportament dels usuaris dels llocs web als quals estan vinculats. La informaci\u00f3 recollida mitjan\u00e7ant aquest tipus de cookies s\u2019utilitza en el mesurament de l\u2019activitat dels llocs web, aplicaci\u00f3 o plataforma i per elaborar perfils de navegaci\u00f3 dels usuaris d\u2019aquests llocs, aplicacions i plataformes, per tal d\u2019introduir millores en funci\u00f3 de l\u2019an\u00e0lisi de les dades d\u2019\u00fas que fan els usuaris del servei.<\/li>\n<li><strong>Cookies publicit\u00e0ries:<\/strong> s\u00f3n aquelles que permeten gestionar, de la manera m\u00e9s efica\u00e7 possible, els espais publicitaris que, si escau, l\u2019editor hagi incl\u00f2s en una p\u00e0gina web, aplicaci\u00f3 o plataforma des de la qual presta el servei sol\u00b7licitat segons criteris com el contingut editat o la freq\u00fc\u00e8ncia en qu\u00e8 es mostren els anuncis.<\/li>\n<li><strong>Cookies de publicitat comportamental:<\/strong> recullen informaci\u00f3 sobre les prefer\u00e8ncies i eleccions personals de l\u2019usuari (retargeting) per permetre gestionar, de la manera m\u00e9s efica\u00e7 possible, els espais publicitaris que, si escau, l\u2019editor hagi incl\u00f2s en una p\u00e0gina web, aplicaci\u00f3 o plataforma des de la qual presta el servei sol\u00b7licitat.<\/li>\n<li><strong>Cookies socials:<\/strong> s\u00f3n aquelles que han estat instal\u00b7lades per les plataformes de xarxes socials en els serveis per permetre-us compartir contingut amb els vostres amics i xarxes. Les plataformes de mitjans socials tenen la capacitat de rastrejar la vostra activitat en l\u00ednia fora dels Serveis. Aix\u00f2 pot afectar el contingut i els missatges que veieu en altres serveis que visiteu.<\/li>\n<li><strong>Cookies d\u2019afiliats:<\/strong> permeten fer un seguiment de les visites procedents d\u2019altres webs, amb les quals el lloc web estableix un contracte d\u2019afiliaci\u00f3 (empreses d\u2019afiliaci\u00f3).<\/li>\n<li><strong>Cookies de seguretat:<\/strong> emmagatzemen informaci\u00f3 xifrada per evitar que les dades que s\u2019hi guarden siguin vulnerables a atacs maliciosos de tercers.<\/li>\n<\/ul>\n<p><strong>SEGONS LA PROPIETAT<\/strong><\/p>\n<ul>\n<li><strong>Cookies pr\u00f2pies:<\/strong> s\u00f3n les que s\u2019envien a l\u2019equip terminal de l\u2019usuari des d\u2019un equip o domini gestionat pel propi editor i des del qual es proporciona el servei sol\u00b7licitat per l\u2019usuari.<\/li>\n<li><strong>Cookies de tercers:<\/strong> s\u00f3n les que s\u2019envien a l\u2019equip terminal de l\u2019usuari des d\u2019un equip o domini que no \u00e9s gestionat per l\u2019editor, sin\u00f3 per una altra entitat que tracta les dades obtingudes mitjan\u00e7ant les cookies.<\/li>\n<\/ul>\n<p><strong>SEGONS EL TERMINI DE CONSERVACI\u00d3<\/strong><\/p>\n<ul>\n<li><strong>Cookies de sessi\u00f3:<\/strong> s\u00f3n un tipus de cookies dissenyades per obtenir i emmagatzemar dades mentre l\u2019usuari accedeix a una p\u00e0gina web.<\/li>\n<li><strong>Cookies persistents:<\/strong> s\u00f3n un tipus de cookies en qu\u00e8 les dades segueixen emmagatzemades en el terminal i poden ser accedides i tractades durant un per\u00edode definit pel responsable de la cookie, i que durar des d\u2019uns minuts a diversos anys.<\/li>\n<\/ul>\n<p><strong>TRACTAMENT DE DADES PERSONALS<\/strong><\/p>\n<p>TOT OMBRA, S.L. \u00e9s el <strong>Responsable del tractament<\/strong> de les dades personals de <strong>l\u2019Interessat<\/strong> i l\u2019informa que aquestes dades es tractaran de conformitat amb el que estableix el Reglament (UE) 2016\/679, de 27 d\u2019abril de 2016 (GDPR), per la qual cosa se li facilita la seg\u00fcent informaci\u00f3 del tractament:<\/p>\n<p><strong>Finalitats del tractament:<\/strong> segons s\u2019especifica en l\u2019apartat de cookies que s\u2019utilitzen en aquest lloc web.<\/p>\n<p><strong>Legitimaci\u00f3 del tractament:<\/strong> llevat dels casos en qu\u00e8 resulti necessari per a la navegaci\u00f3 per la web, per consentiment de l\u2019interessat (art. 6.1.a GDPR).<\/p>\n<p><strong>Criteris de conservaci\u00f3 de les dades:<\/strong> segons s\u2019especifica en l\u2019apartat de cookies utilitzades al web.<\/p>\n<p><strong>Comunicaci\u00f3 de les dades:<\/strong> no es comunicaran les dades a tercers, excepte en cookies propietat de tercers o per obligaci\u00f3 legal.<\/p>\n<p><strong>Drets que t\u00e9 l\u2019Interessat:<\/strong><\/p>\n<ul>\n<li>Dret a retirar el consentiment en qualsevol moment.<\/li>\n<li>Dret d\u2019acc\u00e9s, rectificaci\u00f3, portabilitat i supressi\u00f3 de les seves dades i de limitaci\u00f3 o oposici\u00f3 al seu tractament.<\/li>\n<li>Dret a presentar una reclamaci\u00f3 davant l\u2019Autoritat de control (www.aepd.es) si considera que el tractament no s\u2019ajusta a la normativa vigent.<\/li>\n<\/ul>\n<p><strong>Dades de contacte per exercir els seus drets:<\/strong><\/p>\n<p>TOT OMBRA, S.L.. PASSEIG DE MARAGALL, 72 Tienda 2 &#8211; 08041 BARCELONA (Barcelona). E-mail: info@toldosros.com<\/p>\n<h2 style=\"text-align: center;\"><strong>COOKIES UTILITZADES EN AQUEST LLOC WEB<\/strong><\/h2>\n<h3 data-path-to-node=\"10\">COOKIES T\u00c8CNIQUES I FUNCIONALS<\/h3>\n<table data-path-to-node=\"11\">\n<thead>\n<tr>\n<td><strong>Propietat<\/strong><\/td>\n<td><strong>Cookie<\/strong><\/td>\n<td><strong>Finalitat<\/strong><\/td>\n<td><strong>Termini<\/strong><\/td>\n<\/tr>\n<\/thead>\n<tbody>\n<tr>\n<td><span data-path-to-node=\"11,1,0,0\">google.com<\/span><\/td>\n<td><span data-path-to-node=\"11,1,1,0\">Secure-1PAPISID<\/span><\/td>\n<td>Cookie necess\u00e0ria per a la utilitzaci\u00f3 de les opcions i serveis de la p\u00e0gina web<\/td>\n<td><span data-path-to-node=\"11,1,3,0\">en un any<\/span><\/td>\n<\/tr>\n<tr>\n<td><span data-path-to-node=\"11,2,0,0\">google.com<\/span><\/td>\n<td><span data-path-to-node=\"11,2,1,0\">Secure-1PSID<\/span><\/td>\n<td>Cookie necess\u00e0ria per a la utilitzaci\u00f3 de les opcions i serveis de la p\u00e0gina web<\/td>\n<td><span data-path-to-node=\"11,2,3,0\">en un any<\/span><\/td>\n<\/tr>\n<tr>\n<td><span data-path-to-node=\"11,3,0,0\">google.com<\/span><\/td>\n<td><span data-path-to-node=\"11,3,1,0\">Secure-1PSIDCC<\/span><\/td>\n<td>Cookie necess\u00e0ria per a la utilitzaci\u00f3 de les opcions i serveis de la p\u00e0gina web<\/td>\n<td><span data-path-to-node=\"11,3,3,0\">en un any<\/span><\/td>\n<\/tr>\n<tr>\n<td><span data-path-to-node=\"11,4,0,0\">google.com<\/span><\/td>\n<td><span data-path-to-node=\"11,4,1,0\">Secure-1PSIDTS<\/span><\/td>\n<td>Cookie necess\u00e0ria per a la utilitzaci\u00f3 de les opcions i serveis de la p\u00e0gina web<\/td>\n<td><span data-path-to-node=\"11,4,3,0\">en un any<\/span><\/td>\n<\/tr>\n<tr>\n<td><span data-path-to-node=\"11,5,0,0\">google.com<\/span><\/td>\n<td><span data-path-to-node=\"11,5,1,0\">Secure-3PSIDCC<\/span><\/td>\n<td>Cookie necess\u00e0ria per a la utilitzaci\u00f3 de les opcions i serveis de la p\u00e0gina web<\/td>\n<td><span data-path-to-node=\"11,5,3,0\">en un any<\/span><\/td>\n<\/tr>\n<tr>\n<td><span data-path-to-node=\"11,6,0,0\">google.com<\/span><\/td>\n<td><span data-path-to-node=\"11,6,1,0\">Secure-3PSIDTS<\/span><\/td>\n<td>Cookie necess\u00e0ria per a la utilitzaci\u00f3 de les opcions i serveis de la p\u00e0gina web<\/td>\n<td><span data-path-to-node=\"11,6,3,0\">en un any<\/span><\/td>\n<\/tr>\n<tr>\n<td><span data-path-to-node=\"11,7,0,0\">google.com<\/span><\/td>\n<td><span data-path-to-node=\"11,7,1,0\">Secure-BUCKET<\/span><\/td>\n<td>Cookie necess\u00e0ria per a la utilitzaci\u00f3 de les opcions i serveis de la p\u00e0gina web<\/td>\n<td><span data-path-to-node=\"11,7,3,0\">en 6 mesos<\/span><\/td>\n<\/tr>\n<tr>\n<td><span data-path-to-node=\"11,8,0,0\">google.com<\/span><\/td>\n<td><span data-path-to-node=\"11,8,1,0\">Secure-ENID<\/span><\/td>\n<td>Cookie necess\u00e0ria per a la utilitzaci\u00f3 de les opcions i serveis de la p\u00e0gina web<\/td>\n<td><span data-path-to-node=\"11,8,3,0\">en un any<\/span><\/td>\n<\/tr>\n<tr>\n<td><span data-path-to-node=\"11,9,0,0\">google.com<\/span><\/td>\n<td><span data-path-to-node=\"11,9,1,0\">AEC<\/span><\/td>\n<td>Cookie necess\u00e0ria per a la utilitzaci\u00f3 de les opcions i serveis de la p\u00e0gina web<\/td>\n<td><span data-path-to-node=\"11,9,3,0\">en 6 mesos<\/span><\/td>\n<\/tr>\n<tr>\n<td><span data-path-to-node=\"11,10,0,0\">Google<\/span><\/td>\n<td><span data-path-to-node=\"11,10,1,0\">SEARCH_SAMESITE<\/span><\/td>\n<td>SameSite evita que el navegador envi\u00ef aquesta galeta juntament amb les sol\u00b7licituds entre llocs. L&#8217;objectiu<br \/>\nprincipal \u00e9s mitigar el risc de fuga d&#8217;informaci\u00f3 d&#8217;origen creuat. Tamb\u00e9 proporciona certa protecci\u00f3 contra atacs de falsificaci\u00f3 de sol\u00b7licituds entre llocs.<\/td>\n<td><span data-path-to-node=\"11,10,3,0\">en 6 mesos<\/span><\/td>\n<\/tr>\n<tr>\n<td><span data-path-to-node=\"11,11,0,0\">toldosros.com<\/span><\/td>\n<td><span data-path-to-node=\"11,11,1,0\">cookieyes-consent<\/span><\/td>\n<td>Cookie necess\u00e0ria per a la utilitzaci\u00f3 de les opcions i serveis de la p\u00e0gina web<\/td>\n<td><span data-path-to-node=\"11,11,3,0\">en un any<\/span><\/td>\n<\/tr>\n<tr>\n<td><span data-path-to-node=\"11,12,0,0\">toldosros.com<\/span><\/td>\n<td><span data-path-to-node=\"11,12,1,0\">porto_active_lang<\/span><\/td>\n<td>Cookie necess\u00e0ria per a la utilitzaci\u00f3 de les opcions i serveis de la p\u00e0gina web<\/td>\n<td><span data-path-to-node=\"11,12,3,0\">en 3 hores<\/span><\/td>\n<\/tr>\n<tr>\n<td><span data-path-to-node=\"11,13,0,0\">toldosros.com<\/span><\/td>\n<td><span data-path-to-node=\"11,13,1,0\">wp- wpml_current_language<\/span><\/td>\n<td>Cookie necess\u00e0ria per a la utilitzaci\u00f3 de les opcions i serveis de la p\u00e0gina web<\/td>\n<td><span data-path-to-node=\"11,13,3,0\">Sessi\u00f3<\/span><\/td>\n<\/tr>\n<\/tbody>\n<\/table>\n<h3 data-path-to-node=\"12\"><\/h3>\n<h3 data-path-to-node=\"12\">COOKIES ANAL\u00cdTIQUES I PUBLICIT\u00c0RIES (DE TERCERS)<\/h3>\n<table data-path-to-node=\"13\">\n<thead>\n<tr>\n<td><strong>Propietat<\/strong><\/td>\n<td><strong>Cookie<\/strong><\/td>\n<td><strong>Finalitat<\/strong><\/td>\n<td><strong>Termini<\/strong><\/td>\n<\/tr>\n<\/thead>\n<tbody>\n<tr>\n<td><span data-path-to-node=\"13,1,0,0\">Google<\/span><\/td>\n<td><span data-path-to-node=\"13,1,1,0\">Secure-3PAPISID<\/span><\/td>\n<td><span data-path-to-node=\"13,1,2,0\">Aquestes cookies s&#8217;utilitzen per lliurar anuncis m\u00e9s rellevants per a vost\u00e8 i els seus interessos.<\/span><\/td>\n<td><span data-path-to-node=\"13,1,3,0\">en un any<\/span><\/td>\n<\/tr>\n<tr>\n<td>Google<\/td>\n<td>Secure-3PSID<\/td>\n<td>Aquestes cookies s&#8217;utilitzen per lliurar anuncis m\u00e9s rellevants per a vost\u00e8 i els seus interessos.<\/td>\n<td>en un any<\/td>\n<\/tr>\n<\/tbody>\n<\/table>\n<h3><\/h3>\n<h3>PUBLICIT\u00c0RIES<\/h3>\n<table>\n<thead>\n<tr>\n<td><strong>Propietat<\/strong><\/td>\n<td><strong>Cookie<\/strong><\/td>\n<td><strong>Finalitat<\/strong><\/td>\n<td><strong>Termini<\/strong><\/td>\n<\/tr>\n<\/thead>\n<tbody>\n<tr>\n<td><span data-path-to-node=\"13,1,0,0\">Google<\/span><\/td>\n<td><span data-path-to-node=\"13,3,1,0\">APISID<\/span><\/td>\n<td>Descarregar certes eines de Google i guardar certes prefer\u00e8ncies, per exemple, el nombre de resultats de la recerca per full o l&#8217;activaci\u00f3 de l&#8217;filtre SafeSearch. Ajusta els anuncis que apareixen a la cerca de Google.<\/td>\n<td><span data-path-to-node=\"13,1,3,0\">en un any<\/span><\/td>\n<\/tr>\n<tr>\n<td><span data-path-to-node=\"13,2,0,0\">Google<\/span><\/td>\n<td>HSID<\/td>\n<td>Aquestes galetes s&#8217;utilitzen per recollir estad\u00edstiques de la p\u00e0gina web i rastrejar les taxes de conversi\u00f3 i la personalitzaci\u00f3 d&#8217;anuncis de Google.<\/td>\n<td>&nbsp;<span data-path-to-node=\"13,5,3,0\">en 7 mesos<\/span><\/td>\n<\/tr>\n<tr>\n<td><span data-path-to-node=\"13,3,0,0\">Google<\/span><\/td>\n<td><span data-path-to-node=\"13,6,1,0\">OTZ<\/span><\/td>\n<td>An\u00e0lisi agregat dels visitants de el lloc.<\/td>\n<td><span data-path-to-node=\"13,6,3,0\">en 23 dies<\/span><\/td>\n<\/tr>\n<tr>\n<td><span data-path-to-node=\"13,4,0,0\">Google<\/span><\/td>\n<td><span data-path-to-node=\"13,7,1,0\">SAPISID<\/span><\/td>\n<td>Descarregar certes eines de Google i guardar certes prefer\u00e8ncies, per exemple, el nombre de resultats de la recerca per full o l&#8217;activaci\u00f3 del filtre SafeSearch. Ajusta els anuncis que apareixen a la cerca de Google.<\/td>\n<td><span data-path-to-node=\"13,4,3,0\">en un any<\/span><\/td>\n<\/tr>\n<tr>\n<td><span data-path-to-node=\"13,5,0,0\">Google<\/span><\/td>\n<td><span data-path-to-node=\"13,8,1,0\">SID<\/span><\/td>\n<td>Descarregar certes eines de Google i guardar certes prefer\u00e8ncies, per exemple, el nombre de resultats de la recerca per full o l&#8217;activaci\u00f3 del filtre SafeSearch. Ajusta els anuncis que apareixen a la cerca de Google.<\/td>\n<td><span data-path-to-node=\"13,4,3,0\">en un any<\/span><\/td>\n<\/tr>\n<tr>\n<td><span data-path-to-node=\"13,6,0,0\">Google<\/span><\/td>\n<td>SIDCC<\/td>\n<td>Descarregar certes eines de Google i guardar certes prefer\u00e8ncies, per exemple, el nombre de resultats de la recerca per full o l&#8217;activaci\u00f3 del filtre SafeSearch. Ajusta els anuncis que apareixen a la cerca de Google.<\/td>\n<td><span data-path-to-node=\"13,4,3,0\">en un any<\/span><\/td>\n<\/tr>\n<tr>\n<td><span data-path-to-node=\"13,7,0,0\">Google<\/span><\/td>\n<td>SSID<\/td>\n<td>Baixa determinades eines de Google i desa determinades prefer\u00e8ncies, per exemple, el nombre de resultats de cerca per p\u00e0gina o l\u2019activaci\u00f3 del filtre SafeSearch. Ajusta els anuncis que apareixen a la Cerca de Google.<\/td>\n<td><span data-path-to-node=\"13,4,3,0\">en un any<\/span><\/td>\n<\/tr>\n<\/tbody>\n<\/table>\n<p>&nbsp;<\/p>\n<h3><strong>COOKIES DE TERCERS<\/strong><\/h3>\n<p>Els serveis de tercers s\u00f3n aliens al control de l\u2019editor. Els prove\u00efdors poden modificar en qualsevol moment les seves condicions de servei, finalitat i \u00fas de les cookies, etc.<\/p>\n<p>Prove\u00efdors externs d\u2019aquest lloc web:<\/p>\n<p><span data-path-to-node=\"13,5,0,0\">Google<\/span><span data-path-to-node=\"13,8,1,0\">SID<\/span>Descarregar certes eines de Google i guardar certes prefer\u00e8ncies, per exemple, el nombre de resultats de la recerca per full o l&#8217;activaci\u00f3 del filtre SafeSearch. Ajusta els anuncis que apareixen a la cerca de Google.<\/p>\n<div>\n<table>\n<tbody>\n<tr>\n<td>Google<\/td>\n<td>https:\/\/privacy.google.com\/take-control.html<\/td>\n<\/tr>\n<tr>\n<td>Google<\/td>\n<td>https:\/\/safety.google\/privacy\/privacy-controls\/<\/td>\n<\/tr>\n<\/tbody>\n<\/table>\n<\/div>\n<p>&nbsp;<\/p>\n<h3><strong>PANELL DE CONFIGURACI\u00d3 DE COOKIES<\/strong><\/h3>\n<p>Des d\u2019aquest panell pot configurar les cookies que el lloc web pot instal\u00b7lar en el seu navegador, excepte les cookies t\u00e8cniques o funcionals que s\u00f3n necess\u00e0ries per a la navegaci\u00f3 i la utilitzaci\u00f3 de les diferents opcions o serveis que s\u2019ofereixen.<\/p>\n<p>&nbsp;<\/p>\n<h3><strong>COM GESTIONAR LES COOKIES DES DEL NAVEGADOR<\/strong><\/h3>\n<table>\n<tbody>\n<tr>\n<td>Eliminar les cookies del dispositiu<\/td>\n<td>Les cookies que ja es troben en un dispositiu es poden eliminar esborrant l\u2019historial del navegador, de manera que se suprimeixen les cookies de tots els<br \/>\nllocs web visitats. No obstant aix\u00f2, tamb\u00e9 es pot perdre part de la informaci\u00f3 desada (per exemple, les dades d\u2019inici de sessi\u00f3 o les prefer\u00e8ncies de lloc web).<\/td>\n<\/tr>\n<tr>\n<td>Gestionar les cookies espec\u00edfiques del lloc<\/td>\n<td>Per tenir un control m\u00e9s prec\u00eds de les cookies espec\u00edfiques de cada lloc, els usuaris poden ajustar la seva configuraci\u00f3 de privacitat i cookies al navegador.<\/td>\n<\/tr>\n<tr>\n<td>Bloquejar les cookies<\/td>\n<td>Encara que la majoria dels navegadors moderns es poden configurar per evitar que s\u2019instal\u00b7lin cookies en els dispositius, aix\u00f2 pot obligar a ajustar manualment determinades prefer\u00e8ncies cada vegada que es visiti un lloc o p\u00e0gina. A m\u00e9s, alguns serveis i caracter\u00edstiques poden no funcionar correctament (per exemple, els inicis de sessi\u00f3 amb perfil).<\/td>\n<\/tr>\n<\/tbody>\n<\/table>\n<p>&nbsp;<\/p>\n<h3><strong>COM ELIMINAR LES COOKIES DELS NAVEGADORS M\u00c9S COMUNS<\/strong><\/h3>\n<table>\n<tbody>\n<tr>\n<td>Chrome<\/td>\n<td>http:\/\/support.google.com\/chrome\/answer\/95647?hl=es<\/td>\n<\/tr>\n<tr>\n<td>Edge<\/td>\n<td>https:\/\/support.microsoft.com\/es-es\/microsoft-edge\/eliminar-las-cookies-en-microsoft-edge-63947406-40ac-c3b8-57b9-2a946a29ae09<\/td>\n<\/tr>\n<tr>\n<td>Explorer<\/td>\n<td>https:\/\/support.microsoft.com\/es-es\/help\/278835\/how-to-delete-cookie-files-in-internet-explorer<\/td>\n<\/tr>\n<tr>\n<td>Firefox<\/td>\n<td>https:\/\/www.mozilla.org\/es-ES\/privacy\/websites\/#cookies<\/td>\n<\/tr>\n<tr>\n<td>Safari<\/td>\n<td>https:\/\/support.apple.com\/es-es\/guide\/safari\/sfri11471\/mac<\/td>\n<\/tr>\n<tr>\n<td>Opera<\/td>\n<td>https:\/\/help.opera.com\/en\/latest\/security-and-privacy\/#clearBrowsingData<\/td>\n<\/tr>\n<\/tbody>\n<\/table>\n<p>[\/vc_column_text][vc_empty_space height=&#8221;50px&#8221;][\/vc_column][\/vc_row]<\/p>\n<\/div>","protected":false},"excerpt":{"rendered":"<p>[vc_row][vc_column][vc_empty_space height=&#8221;50px&#8221;][vc_column_text css=&#8221;&#8221; css_params=&#8221;&#8221;] I. POL\u00cdTICA DE COOKIES INFORMACI\u00d3 SOBRE COOKIES D\u2019acord amb la Llei 34\/2002, de 11 de juliol, de serveis de la societat de la informaci\u00f3 i de comer\u00e7 electr\u00f2nic (LSSI), en relaci\u00f3 amb el Reglament (UE) 2016\/679 de el Parlament Europeu i de Consell, de 27 de abril de 2016, General de [&hellip;]<\/p>\n","protected":false},"author":5,"featured_media":0,"parent":0,"menu_order":0,"comment_status":"closed","ping_status":"closed","template":"","meta":{"_seopress_robots_primary_cat":"","_seopress_titles_title":"","_seopress_titles_desc":"","_seopress_robots_index":"","_seopress_analysis_target_kw":"","_joinchat":[],"footnotes":""},"class_list":["post-4000","page","type-page","status-publish","hentry"],"_links":{"self":[{"href":"https:\/\/toldosros.com\/ca\/wp-json\/wp\/v2\/pages\/4000","targetHints":{"allow":["GET"]}}],"collection":[{"href":"https:\/\/toldosros.com\/ca\/wp-json\/wp\/v2\/pages"}],"about":[{"href":"https:\/\/toldosros.com\/ca\/wp-json\/wp\/v2\/types\/page"}],"author":[{"embeddable":true,"href":"https:\/\/toldosros.com\/ca\/wp-json\/wp\/v2\/users\/5"}],"replies":[{"embeddable":true,"href":"https:\/\/toldosros.com\/ca\/wp-json\/wp\/v2\/comments?post=4000"}],"version-history":[{"count":2,"href":"https:\/\/toldosros.com\/ca\/wp-json\/wp\/v2\/pages\/4000\/revisions"}],"predecessor-version":[{"id":4006,"href":"https:\/\/toldosros.com\/ca\/wp-json\/wp\/v2\/pages\/4000\/revisions\/4006"}],"wp:attachment":[{"href":"https:\/\/toldosros.com\/ca\/wp-json\/wp\/v2\/media?parent=4000"}],"curies":[{"name":"wp","href":"https:\/\/api.w.org\/{rel}","templated":true}]}}