{"id":2937,"date":"2024-02-21T11:46:01","date_gmt":"2024-02-21T10:46:01","guid":{"rendered":"https:\/\/staging.microlabhard.com\/toldosros\/retolacio-de-tendals\/"},"modified":"2024-04-29T10:17:45","modified_gmt":"2024-04-29T09:17:45","slug":"retolacio-de-tendals","status":"publish","type":"page","link":"https:\/\/toldosros.com\/ca\/retolacio-de-tendals\/","title":{"rendered":"Retolaci\u00f3 de tendals"},"content":{"rendered":"<div class=\"wpb-content-wrapper\"><p>[vc_section full_width=&#8221;stretch_row&#8221; css=&#8221;.vc_custom_1706881377847{padding-top: 60px !important;padding-bottom: 20px !important;}&#8221; conditional_render=&#8221;%5B%7B%22value_role%22%3A%22administrator%22%7D%5D&#8221; el_id=&#8221;serveis&#8221;][vc_row][vc_column][vc_custom_heading text=&#8221;Els comer\u00e7os en general, ja siguin oficines, restaurants, bars, etc, guanyen en visibilitat quan a m\u00e9s de col\u00b7locar un tendal a la porta o finestra, hi retolen el logo o el nom de la seva empresa.&#8221; font_container=&#8221;tag:h3|font_size:1.3em|text_align:left&#8221; use_theme_fonts=&#8221;yes&#8221; font_weight=&#8221;100&#8243; css=&#8221;.vc_custom_1708512134624{margin-bottom: 25px !important;}&#8221;][vc_custom_heading text=&#8221;RETOLACI\u00d3 DE TENDALS EN <b>TOLDOS ROS?<\/b>&#8221; font_container=&#8221;tag:h2|font_size:2em|text_align:left&#8221; use_theme_fonts=&#8221;yes&#8221; font_weight=&#8221;500&#8243; letter_spacing=&#8221;-2px&#8221; css=&#8221;.vc_custom_1708512156408{margin-bottom: 0px !important;}&#8221;][vc_custom_heading text=&#8221;A <strong>Toldos ROS<\/strong> volem que els nostres clients quedin satisfets quan compten amb nosaltres per a un projecte, per aix\u00f2 oferim retolacions personalitzades amb el logotip i\/o nom de l&apos;empresa.&#8221; font_container=&#8221;tag:p|text_align:left&#8221; use_theme_fonts=&#8221;yes&#8221; css=&#8221;.vc_custom_1708512309376{margin-bottom: 10px !important;}&#8221;][vc_custom_heading text=&#8221;Tots els tendals es poden retolar, el preu variar\u00e0 en funci\u00f3 de la mida i els colors que tingui el logotip de la vostra empresa o comer\u00e7.&#8221; font_container=&#8221;tag:p|text_align:left&#8221; use_theme_fonts=&#8221;yes&#8221; css=&#8221;.vc_custom_1708512341163{margin-bottom: 10px !important;}&#8221;][vc_empty_space height=&#8221;35px&#8221;]<div class=\"porto-gallery has-ccols ccols-1 has-ccols-spacing ccols-sm-2 ccols-md-3 ccols-lg-4 wpb_custom_8a741eebac2e10eb6b29f3f790a15f6b porto-carousel owl-carousel align-items-center lightbox porto-ig-overlay-icon\" data-plugin-options=\"{&quot;autoplay&quot;:true,&quot;autoplayHoverPause&quot;:true,&quot;autoplayTimeout&quot;:2000,&quot;items&quot;:4,&quot;xl&quot;:4,&quot;lg&quot;:4,&quot;md&quot;:3,&quot;sm&quot;:2,&quot;xs&quot;:1,&quot;nav&quot;:&quot;&quot;,&quot;dots&quot;:&quot;yes&quot;,&quot;margin&quot;:10}\" data-lightbox-options=\"{&quot;delegate&quot;:&quot;a&quot;,&quot;mainClass&quot;:&quot;mfp-with-zoom&quot;,&quot;zoom&quot;:{&quot;enabled&quot;:true,&quot;duration&quot;:300},&quot;gallery&quot;:{&quot;enabled&quot;:true},&quot;type&quot;:&quot;image&quot;}\"><a class=\"hover-overlay\" href=\"https:\/\/toldosros.com\/wp-content\/uploads\/2024\/02\/rotulacion_de_toldos_002.jpg\"><figure><img loading=\"lazy\" decoding=\"async\" width=\"560\" height=\"560\" src=\"https:\/\/toldosros.com\/wp-content\/uploads\/2024\/02\/rotulacion_de_toldos_002-560x560.jpg\" class=\"attachment-portfolio-grid-two size-portfolio-grid-two\" alt=\"\" srcset=\"https:\/\/toldosros.com\/wp-content\/uploads\/2024\/02\/rotulacion_de_toldos_002-560x560.jpg 560w, https:\/\/toldosros.com\/wp-content\/uploads\/2024\/02\/rotulacion_de_toldos_002-367x367.jpg 367w\" sizes=\"auto, (max-width: 560px) 100vw, 560px\" \/><div class=\"fill\"><i class=\"centered-icon fa fa-plus\"><\/i><\/div><\/figure><\/a><a class=\"hover-overlay\" href=\"https:\/\/toldosros.com\/wp-content\/uploads\/2024\/02\/rotulacion_de_toldos_003.jpg\"><figure><img loading=\"lazy\" decoding=\"async\" width=\"560\" height=\"560\" src=\"https:\/\/toldosros.com\/wp-content\/uploads\/2024\/02\/rotulacion_de_toldos_003-560x560.jpg\" class=\"attachment-portfolio-grid-two size-portfolio-grid-two\" alt=\"\" srcset=\"https:\/\/toldosros.com\/wp-content\/uploads\/2024\/02\/rotulacion_de_toldos_003-560x560.jpg 560w, https:\/\/toldosros.com\/wp-content\/uploads\/2024\/02\/rotulacion_de_toldos_003-367x367.jpg 367w\" sizes=\"auto, (max-width: 560px) 100vw, 560px\" \/><div class=\"fill\"><i class=\"centered-icon fa fa-plus\"><\/i><\/div><\/figure><\/a><a class=\"hover-overlay\" href=\"https:\/\/toldosros.com\/wp-content\/uploads\/2024\/02\/rotulacion_de_toldos_004-scaled.jpg\"><figure><img loading=\"lazy\" decoding=\"async\" width=\"560\" height=\"560\" src=\"https:\/\/toldosros.com\/wp-content\/uploads\/2024\/02\/rotulacion_de_toldos_004-560x560.jpg\" class=\"attachment-portfolio-grid-two size-portfolio-grid-two\" alt=\"\" srcset=\"https:\/\/toldosros.com\/wp-content\/uploads\/2024\/02\/rotulacion_de_toldos_004-560x560.jpg 560w, https:\/\/toldosros.com\/wp-content\/uploads\/2024\/02\/rotulacion_de_toldos_004-367x367.jpg 367w\" sizes=\"auto, (max-width: 560px) 100vw, 560px\" \/><div class=\"fill\"><i class=\"centered-icon fa fa-plus\"><\/i><\/div><\/figure><\/a><a class=\"hover-overlay\" href=\"https:\/\/toldosros.com\/wp-content\/uploads\/2024\/02\/rotulacion_de_toldos_005-scaled.jpg\"><figure><img loading=\"lazy\" decoding=\"async\" width=\"560\" height=\"560\" src=\"https:\/\/toldosros.com\/wp-content\/uploads\/2024\/02\/rotulacion_de_toldos_005-560x560.jpg\" class=\"attachment-portfolio-grid-two size-portfolio-grid-two\" alt=\"\" srcset=\"https:\/\/toldosros.com\/wp-content\/uploads\/2024\/02\/rotulacion_de_toldos_005-560x560.jpg 560w, https:\/\/toldosros.com\/wp-content\/uploads\/2024\/02\/rotulacion_de_toldos_005-367x367.jpg 367w\" sizes=\"auto, (max-width: 560px) 100vw, 560px\" \/><div class=\"fill\"><i class=\"centered-icon fa fa-plus\"><\/i><\/div><\/figure><\/a><a class=\"hover-overlay\" href=\"https:\/\/toldosros.com\/wp-content\/uploads\/2024\/02\/rotulacion_de_toldos_006.jpg\"><figure><img loading=\"lazy\" decoding=\"async\" width=\"560\" height=\"560\" src=\"https:\/\/toldosros.com\/wp-content\/uploads\/2024\/02\/rotulacion_de_toldos_006-560x560.jpg\" class=\"attachment-portfolio-grid-two size-portfolio-grid-two\" alt=\"\" srcset=\"https:\/\/toldosros.com\/wp-content\/uploads\/2024\/02\/rotulacion_de_toldos_006-560x560.jpg 560w, https:\/\/toldosros.com\/wp-content\/uploads\/2024\/02\/rotulacion_de_toldos_006-367x367.jpg 367w\" sizes=\"auto, (max-width: 560px) 100vw, 560px\" \/><div class=\"fill\"><i class=\"centered-icon fa fa-plus\"><\/i><\/div><\/figure><\/a><a class=\"hover-overlay\" href=\"https:\/\/toldosros.com\/wp-content\/uploads\/2024\/02\/rotulacion_de_toldos_007.jpg\"><figure><img loading=\"lazy\" decoding=\"async\" width=\"560\" height=\"560\" src=\"https:\/\/toldosros.com\/wp-content\/uploads\/2024\/02\/rotulacion_de_toldos_007-560x560.jpg\" class=\"attachment-portfolio-grid-two size-portfolio-grid-two\" alt=\"\" srcset=\"https:\/\/toldosros.com\/wp-content\/uploads\/2024\/02\/rotulacion_de_toldos_007-560x560.jpg 560w, https:\/\/toldosros.com\/wp-content\/uploads\/2024\/02\/rotulacion_de_toldos_007-367x367.jpg 367w\" sizes=\"auto, (max-width: 560px) 100vw, 560px\" \/><div class=\"fill\"><i class=\"centered-icon fa fa-plus\"><\/i><\/div><\/figure><\/a><a class=\"hover-overlay\" href=\"https:\/\/toldosros.com\/wp-content\/uploads\/2024\/02\/rotulacion_de_toldos_008.jpg\"><figure><img loading=\"lazy\" decoding=\"async\" width=\"560\" height=\"560\" src=\"https:\/\/toldosros.com\/wp-content\/uploads\/2024\/02\/rotulacion_de_toldos_008-560x560.jpg\" class=\"attachment-portfolio-grid-two size-portfolio-grid-two\" alt=\"\" srcset=\"https:\/\/toldosros.com\/wp-content\/uploads\/2024\/02\/rotulacion_de_toldos_008-560x560.jpg 560w, https:\/\/toldosros.com\/wp-content\/uploads\/2024\/02\/rotulacion_de_toldos_008-367x367.jpg 367w\" sizes=\"auto, (max-width: 560px) 100vw, 560px\" \/><div class=\"fill\"><i class=\"centered-icon fa fa-plus\"><\/i><\/div><\/figure><\/a><\/div>[\/vc_column][\/vc_row][\/vc_section]<\/p>\n<p>[vc_row][vc_column]<div class=\"porto-block\" data-id=\"2941\"><style>.vc_custom_1709223234132{margin-top: 50px !important;margin-bottom: 50px !important;padding-top: 50px !important;padding-right: 30px !important;padding-bottom: 50px !important;padding-left: 30px !important;background-image: url(https:\/\/toldosros.com\/wp-content\/uploads\/2023\/04\/05_toldosros_slider.jpg?id=1999) !important;background-position: center !important;background-repeat: no-repeat !important;background-size: cover !important;}.vc_custom_1709223098302{padding-top: 30px !important;padding-bottom: 30px !important;}.vc_custom_1709224149439{margin-bottom: 0px !important;}.vc_custom_1709223472744{margin-bottom: 30px !important;}.vc_custom_1709223370899{margin-bottom: 0px !important;}<\/style>[vc_section top_divider_type=\"big-half-circle\" bottom_divider_type=\"big-half-circle\" top_divider_flip=\"true\" top_divider_invert=\"true\" css=\".vc_custom_1709223234132{margin-top: 50px !important;margin-bottom: 50px !important;padding-top: 50px !important;padding-right: 30px !important;padding-bottom: 50px !important;padding-left: 30px !important;background-image: url(https:\/\/toldosros.com\/wp-content\/uploads\/2023\/04\/05_toldosros_slider.jpg?id=1999) !important;background-position: center !important;background-repeat: no-repeat !important;background-size: cover !important;}\" conditional_render=\"%5B%7B%22value_role%22%3A%22administrator%22%7D%5D\" top_divider_color=\"#ffffff\" bottom_divider_color=\"#ffffff\" el_id=\"pressupost\" top_divider_height=\"40px\" bottom_divider_height=\"40px\"][vc_row full_width=\"stretch_row\" content_placement=\"middle\" conditional_render=\"%5B%7B%22value_role%22%3A%22administrator%22%7D%5D\" css=\".vc_custom_1709223098302{padding-top: 30px !important;padding-bottom: 30px !important;}\" el_class=\"mlh_ctapresupuesto\"][vc_column][vc_custom_heading text=\"Contacti amb <b>Tendals ROS<\/b> per informar-se<br>\no resoldre qualsevol dubte\" font_container=\"tag:h2|font_size:1.7em|text_align:center|color:%23ffffff|line_height:1.2\" use_theme_fonts=\"yes\" font_weight=\"700\" letter_spacing=\"-2px\" css=\".vc_custom_1709224149439{margin-bottom: 0px !important;}\"][vc_custom_heading text=\"Truqui&apos;ns al <b>934 551 353<\/b> i sol\u00b7liciti el teu pressupost sense comprom\u00eds\" font_container=\"tag:h3|font_size:1.3em|text_align:center|color:%23ffffff\" use_theme_fonts=\"yes\" font_weight=\"100\" css=\".vc_custom_1709223472744{margin-bottom: 30px !important;}\"][vc_btn title=\"Contactar\" align=\"center\" css=\".vc_custom_1709223370899{margin-bottom: 0px !important;}\" link=\"url:https%3A%2F%2Ftoldosros.com%2Fca%2Fcontacta-amb-nosaltres%2F|title:Contacte|\" el_class=\"mlh_btn\"][\/vc_column][\/vc_row][\/vc_section]<\/div>[\/vc_column][\/vc_row]<\/p>\n<\/div>","protected":false},"excerpt":{"rendered":"<p>[vc_section full_width=&#8221;stretch_row&#8221; css=&#8221;.vc_custom_1706881377847{padding-top: 60px !important;padding-bottom: 20px !important;}&#8221; conditional_render=&#8221;%5B%7B%22value_role%22%3A%22administrator%22%7D%5D&#8221; el_id=&#8221;serveis&#8221;][vc_row][vc_column][vc_custom_heading text=&#8221;Els comer\u00e7os en general, ja siguin oficines, restaurants, bars, etc, guanyen en visibilitat quan a m\u00e9s de col\u00b7locar un tendal a la porta o finestra, hi retolen el logo o el nom de la seva empresa.&#8221; font_container=&#8221;tag:h3|font_size:1.3em|text_align:left&#8221; use_theme_fonts=&#8221;yes&#8221; font_weight=&#8221;100&#8243; css=&#8221;.vc_custom_1708512134624{margin-bottom: 25px !important;}&#8221;][vc_custom_heading text=&#8221;RETOLACI\u00d3 DE TENDALS EN [&hellip;]<\/p>\n","protected":false},"author":5,"featured_media":0,"parent":0,"menu_order":0,"comment_status":"closed","ping_status":"closed","template":"","meta":{"_seopress_robots_primary_cat":"","_seopress_titles_title":"%%sitetitle%% %%sep%% %%tagline%%","_seopress_titles_desc":"Transforma els teus tendals en cartells cridaners amb el nostre complet servei de retolaci\u00f3 de tendals, adaptat a les teves necessitats i prefer\u00e8ncies espec\u00edfiques.","_seopress_robots_index":"","_joinchat":[],"footnotes":""},"class_list":["post-2937","page","type-page","status-publish","hentry"],"_links":{"self":[{"href":"https:\/\/toldosros.com\/ca\/wp-json\/wp\/v2\/pages\/2937","targetHints":{"allow":["GET"]}}],"collection":[{"href":"https:\/\/toldosros.com\/ca\/wp-json\/wp\/v2\/pages"}],"about":[{"href":"https:\/\/toldosros.com\/ca\/wp-json\/wp\/v2\/types\/page"}],"author":[{"embeddable":true,"href":"https:\/\/toldosros.com\/ca\/wp-json\/wp\/v2\/users\/5"}],"replies":[{"embeddable":true,"href":"https:\/\/toldosros.com\/ca\/wp-json\/wp\/v2\/comments?post=2937"}],"version-history":[{"count":2,"href":"https:\/\/toldosros.com\/ca\/wp-json\/wp\/v2\/pages\/2937\/revisions"}],"predecessor-version":[{"id":3845,"href":"https:\/\/toldosros.com\/ca\/wp-json\/wp\/v2\/pages\/2937\/revisions\/3845"}],"wp:attachment":[{"href":"https:\/\/toldosros.com\/ca\/wp-json\/wp\/v2\/media?parent=2937"}],"curies":[{"name":"wp","href":"https:\/\/api.w.org\/{rel}","templated":true}]}}