{"id":2916,"date":"2024-02-02T14:46:50","date_gmt":"2024-02-02T13:46:50","guid":{"rendered":"https:\/\/staging.microlabhard.com\/toldosros\/canvi-de-lones\/"},"modified":"2024-04-29T10:03:19","modified_gmt":"2024-04-29T09:03:19","slug":"canvi-de-lones","status":"publish","type":"page","link":"https:\/\/toldosros.com\/ca\/canvi-de-lones\/","title":{"rendered":"Canvi de Lones"},"content":{"rendered":"<div class=\"wpb-content-wrapper\"><p>[vc_section full_width=&#8221;stretch_row&#8221; css=&#8221;.vc_custom_1706881377847{padding-top: 60px !important;padding-bottom: 20px !important;}&#8221; conditional_render=&#8221;%5B%7B%22value_role%22%3A%22administrator%22%7D%5D&#8221; el_id=&#8221;serveis&#8221;][vc_row][vc_column][vc_custom_heading text=&#8221;Amb els anys les lones es fan malb\u00e9 encara que l&apos;estructura del tendal encara est\u00e0 b\u00e9, canviant nom\u00e9s el teixit, aconseguir\u00e0 que torni a lluir com el primer dia.&#8221; font_container=&#8221;tag:h3|font_size:1.3em|text_align:left&#8221; use_theme_fonts=&#8221;yes&#8221; font_weight=&#8221;100&#8243; css=&#8221;.vc_custom_1706881416770{margin-bottom: 25px !important;}&#8221;][vc_custom_heading text=&#8221;QU\u00c8 FAR\u00c0 <b>TOLDOS ROS?<\/b>&#8221; font_container=&#8221;tag:h2|font_size:2em|text_align:left&#8221; use_theme_fonts=&#8221;yes&#8221; font_weight=&#8221;500&#8243; letter_spacing=&#8221;-2px&#8221; css=&#8221;.vc_custom_1706881456684{margin-bottom: 0px !important;}&#8221;][vc_custom_heading text=&#8221;El nostre comercial passar\u00e0 pel seu domicili sense cap cost ni comprom\u00eds per part seva, prendr\u00e0 mides del seu tendal, vost\u00e8 triar\u00e0 la lona i el color que m\u00e9s li agradi i si est\u00e0 conforme amb el pressupost, en pocs dies estar\u00e0 confeccionat.&#8221; font_container=&#8221;tag:p|text_align:left&#8221; use_theme_fonts=&#8221;yes&#8221; css=&#8221;.vc_custom_1706881463539{margin-bottom: 10px !important;}&#8221;][vc_custom_heading text=&#8221;El canvi de lona, \u00e9s una instal\u00b7laci\u00f3 que a excepci\u00f3 de tendals corredissos, es realitza en mitja hora. Disposem d&apos;un extens mostrari de teixits, lones de fibra acr\u00edlica, teixits t\u00e8cnics, PVC&#8230;&#8221; font_container=&#8221;tag:p|text_align:left&#8221; use_theme_fonts=&#8221;yes&#8221; css=&#8221;.vc_custom_1706881474356{margin-bottom: 10px !important;}&#8221;][vc_empty_space height=&#8221;35px&#8221;][vc_custom_heading text=&#8221;LONES ACR\u00cdLIQUES FANTASIA&#8221; font_container=&#8221;tag:h2|font_size:2em|text_align:left&#8221; use_theme_fonts=&#8221;yes&#8221; font_weight=&#8221;500&#8243; letter_spacing=&#8221;-2px&#8221; css=&#8221;.vc_custom_1706881588367{margin-bottom: 25px !important;}&#8221;]<div class=\"porto-gallery has-ccols ccols-1 has-ccols-spacing ccols-sm-2 ccols-md-3 ccols-lg-4 wpb_custom_8a741eebac2e10eb6b29f3f790a15f6b porto-carousel owl-carousel align-items-center lightbox porto-ig-overlay-icon\" data-plugin-options=\"{&quot;autoplay&quot;:true,&quot;autoplayHoverPause&quot;:true,&quot;autoplayTimeout&quot;:2000,&quot;items&quot;:4,&quot;xl&quot;:4,&quot;lg&quot;:4,&quot;md&quot;:3,&quot;sm&quot;:2,&quot;xs&quot;:1,&quot;nav&quot;:&quot;&quot;,&quot;dots&quot;:&quot;yes&quot;,&quot;margin&quot;:10}\" data-lightbox-options=\"{&quot;delegate&quot;:&quot;a&quot;,&quot;mainClass&quot;:&quot;mfp-with-zoom&quot;,&quot;zoom&quot;:{&quot;enabled&quot;:true,&quot;duration&quot;:300},&quot;gallery&quot;:{&quot;enabled&quot;:true},&quot;type&quot;:&quot;image&quot;}\"><a class=\"hover-overlay\" href=\"https:\/\/toldosros.com\/wp-content\/uploads\/2024\/02\/lonas_acrilicas_fantasia_070.jpg\"><figure><img loading=\"lazy\" decoding=\"async\" width=\"435\" height=\"263\" src=\"https:\/\/toldosros.com\/wp-content\/uploads\/2024\/02\/lonas_acrilicas_fantasia_070.jpg\" class=\"attachment-portfolio-grid-two size-portfolio-grid-two\" alt=\"\" srcset=\"https:\/\/toldosros.com\/wp-content\/uploads\/2024\/02\/lonas_acrilicas_fantasia_070.jpg 435w, https:\/\/toldosros.com\/wp-content\/uploads\/2024\/02\/lonas_acrilicas_fantasia_070-400x242.jpg 400w, https:\/\/toldosros.com\/wp-content\/uploads\/2024\/02\/lonas_acrilicas_fantasia_070-367x222.jpg 367w\" sizes=\"auto, (max-width: 435px) 100vw, 435px\" \/><div class=\"fill\"><i class=\"centered-icon fa fa-plus\"><\/i><\/div><\/figure><\/a><a class=\"hover-overlay\" href=\"https:\/\/toldosros.com\/wp-content\/uploads\/2024\/02\/lonas_acrilicas_fantasia_075.jpg\"><figure><img loading=\"lazy\" decoding=\"async\" width=\"435\" height=\"263\" src=\"https:\/\/toldosros.com\/wp-content\/uploads\/2024\/02\/lonas_acrilicas_fantasia_075.jpg\" class=\"attachment-portfolio-grid-two size-portfolio-grid-two\" alt=\"\" srcset=\"https:\/\/toldosros.com\/wp-content\/uploads\/2024\/02\/lonas_acrilicas_fantasia_075.jpg 435w, https:\/\/toldosros.com\/wp-content\/uploads\/2024\/02\/lonas_acrilicas_fantasia_075-400x242.jpg 400w, https:\/\/toldosros.com\/wp-content\/uploads\/2024\/02\/lonas_acrilicas_fantasia_075-367x222.jpg 367w\" sizes=\"auto, (max-width: 435px) 100vw, 435px\" \/><div class=\"fill\"><i class=\"centered-icon fa fa-plus\"><\/i><\/div><\/figure><\/a><a class=\"hover-overlay\" href=\"https:\/\/toldosros.com\/wp-content\/uploads\/2024\/02\/lonas_acrilicas_fantasia_080.jpg\"><figure><img loading=\"lazy\" decoding=\"async\" width=\"435\" height=\"263\" src=\"https:\/\/toldosros.com\/wp-content\/uploads\/2024\/02\/lonas_acrilicas_fantasia_080.jpg\" class=\"attachment-portfolio-grid-two size-portfolio-grid-two\" alt=\"\" srcset=\"https:\/\/toldosros.com\/wp-content\/uploads\/2024\/02\/lonas_acrilicas_fantasia_080.jpg 435w, https:\/\/toldosros.com\/wp-content\/uploads\/2024\/02\/lonas_acrilicas_fantasia_080-400x242.jpg 400w, https:\/\/toldosros.com\/wp-content\/uploads\/2024\/02\/lonas_acrilicas_fantasia_080-367x222.jpg 367w\" sizes=\"auto, (max-width: 435px) 100vw, 435px\" \/><div class=\"fill\"><i class=\"centered-icon fa fa-plus\"><\/i><\/div><\/figure><\/a><a class=\"hover-overlay\" href=\"https:\/\/toldosros.com\/wp-content\/uploads\/2024\/02\/lonas_acrilicas_fantasia_085.jpg\"><figure><img loading=\"lazy\" decoding=\"async\" width=\"435\" height=\"263\" src=\"https:\/\/toldosros.com\/wp-content\/uploads\/2024\/02\/lonas_acrilicas_fantasia_085.jpg\" class=\"attachment-portfolio-grid-two size-portfolio-grid-two\" alt=\"\" srcset=\"https:\/\/toldosros.com\/wp-content\/uploads\/2024\/02\/lonas_acrilicas_fantasia_085.jpg 435w, https:\/\/toldosros.com\/wp-content\/uploads\/2024\/02\/lonas_acrilicas_fantasia_085-400x242.jpg 400w, https:\/\/toldosros.com\/wp-content\/uploads\/2024\/02\/lonas_acrilicas_fantasia_085-367x222.jpg 367w\" sizes=\"auto, (max-width: 435px) 100vw, 435px\" \/><div class=\"fill\"><i class=\"centered-icon fa fa-plus\"><\/i><\/div><\/figure><\/a><a class=\"hover-overlay\" href=\"https:\/\/toldosros.com\/wp-content\/uploads\/2024\/02\/lonas_acrilicas_fantasia_090.jpg\"><figure><img loading=\"lazy\" decoding=\"async\" width=\"435\" height=\"263\" src=\"https:\/\/toldosros.com\/wp-content\/uploads\/2024\/02\/lonas_acrilicas_fantasia_090.jpg\" class=\"attachment-portfolio-grid-two size-portfolio-grid-two\" alt=\"\" srcset=\"https:\/\/toldosros.com\/wp-content\/uploads\/2024\/02\/lonas_acrilicas_fantasia_090.jpg 435w, https:\/\/toldosros.com\/wp-content\/uploads\/2024\/02\/lonas_acrilicas_fantasia_090-400x242.jpg 400w, https:\/\/toldosros.com\/wp-content\/uploads\/2024\/02\/lonas_acrilicas_fantasia_090-367x222.jpg 367w\" sizes=\"auto, (max-width: 435px) 100vw, 435px\" \/><div class=\"fill\"><i class=\"centered-icon fa fa-plus\"><\/i><\/div><\/figure><\/a><a class=\"hover-overlay\" href=\"https:\/\/toldosros.com\/wp-content\/uploads\/2024\/02\/lonas_acrilicas_fantasia_095.jpg\"><figure><img loading=\"lazy\" decoding=\"async\" width=\"435\" height=\"263\" src=\"https:\/\/toldosros.com\/wp-content\/uploads\/2024\/02\/lonas_acrilicas_fantasia_095.jpg\" class=\"attachment-portfolio-grid-two size-portfolio-grid-two\" alt=\"\" srcset=\"https:\/\/toldosros.com\/wp-content\/uploads\/2024\/02\/lonas_acrilicas_fantasia_095.jpg 435w, https:\/\/toldosros.com\/wp-content\/uploads\/2024\/02\/lonas_acrilicas_fantasia_095-400x242.jpg 400w, https:\/\/toldosros.com\/wp-content\/uploads\/2024\/02\/lonas_acrilicas_fantasia_095-367x222.jpg 367w\" sizes=\"auto, (max-width: 435px) 100vw, 435px\" \/><div class=\"fill\"><i class=\"centered-icon fa fa-plus\"><\/i><\/div><\/figure><\/a><a class=\"hover-overlay\" href=\"https:\/\/toldosros.com\/wp-content\/uploads\/2024\/02\/lonas_acrilicas_fantasia_100.jpg\"><figure><img loading=\"lazy\" decoding=\"async\" width=\"435\" height=\"263\" src=\"https:\/\/toldosros.com\/wp-content\/uploads\/2024\/02\/lonas_acrilicas_fantasia_100.jpg\" class=\"attachment-portfolio-grid-two size-portfolio-grid-two\" alt=\"\" srcset=\"https:\/\/toldosros.com\/wp-content\/uploads\/2024\/02\/lonas_acrilicas_fantasia_100.jpg 435w, https:\/\/toldosros.com\/wp-content\/uploads\/2024\/02\/lonas_acrilicas_fantasia_100-400x242.jpg 400w, https:\/\/toldosros.com\/wp-content\/uploads\/2024\/02\/lonas_acrilicas_fantasia_100-367x222.jpg 367w\" sizes=\"auto, (max-width: 435px) 100vw, 435px\" \/><div class=\"fill\"><i class=\"centered-icon fa fa-plus\"><\/i><\/div><\/figure><\/a><a class=\"hover-overlay\" href=\"https:\/\/toldosros.com\/wp-content\/uploads\/2024\/02\/lonas_acrilicas_fantasia_105.jpg\"><figure><img loading=\"lazy\" decoding=\"async\" width=\"435\" height=\"263\" src=\"https:\/\/toldosros.com\/wp-content\/uploads\/2024\/02\/lonas_acrilicas_fantasia_105.jpg\" class=\"attachment-portfolio-grid-two size-portfolio-grid-two\" alt=\"\" srcset=\"https:\/\/toldosros.com\/wp-content\/uploads\/2024\/02\/lonas_acrilicas_fantasia_105.jpg 435w, https:\/\/toldosros.com\/wp-content\/uploads\/2024\/02\/lonas_acrilicas_fantasia_105-400x242.jpg 400w, https:\/\/toldosros.com\/wp-content\/uploads\/2024\/02\/lonas_acrilicas_fantasia_105-367x222.jpg 367w\" sizes=\"auto, (max-width: 435px) 100vw, 435px\" \/><div class=\"fill\"><i class=\"centered-icon fa fa-plus\"><\/i><\/div><\/figure><\/a><a class=\"hover-overlay\" href=\"https:\/\/toldosros.com\/wp-content\/uploads\/2024\/02\/lonas_acrilicas_fantasia_005.jpg\"><figure><img loading=\"lazy\" decoding=\"async\" width=\"435\" height=\"263\" src=\"https:\/\/toldosros.com\/wp-content\/uploads\/2024\/02\/lonas_acrilicas_fantasia_005.jpg\" class=\"attachment-portfolio-grid-two size-portfolio-grid-two\" alt=\"\" srcset=\"https:\/\/toldosros.com\/wp-content\/uploads\/2024\/02\/lonas_acrilicas_fantasia_005.jpg 435w, https:\/\/toldosros.com\/wp-content\/uploads\/2024\/02\/lonas_acrilicas_fantasia_005-400x242.jpg 400w, https:\/\/toldosros.com\/wp-content\/uploads\/2024\/02\/lonas_acrilicas_fantasia_005-367x222.jpg 367w\" sizes=\"auto, (max-width: 435px) 100vw, 435px\" \/><div class=\"fill\"><i class=\"centered-icon fa fa-plus\"><\/i><\/div><\/figure><\/a><a class=\"hover-overlay\" href=\"https:\/\/toldosros.com\/wp-content\/uploads\/2024\/02\/lonas_acrilicas_fantasia_010.jpg\"><figure><img loading=\"lazy\" decoding=\"async\" width=\"435\" height=\"263\" src=\"https:\/\/toldosros.com\/wp-content\/uploads\/2024\/02\/lonas_acrilicas_fantasia_010.jpg\" class=\"attachment-portfolio-grid-two size-portfolio-grid-two\" alt=\"\" srcset=\"https:\/\/toldosros.com\/wp-content\/uploads\/2024\/02\/lonas_acrilicas_fantasia_010.jpg 435w, https:\/\/toldosros.com\/wp-content\/uploads\/2024\/02\/lonas_acrilicas_fantasia_010-400x242.jpg 400w, https:\/\/toldosros.com\/wp-content\/uploads\/2024\/02\/lonas_acrilicas_fantasia_010-367x222.jpg 367w\" sizes=\"auto, (max-width: 435px) 100vw, 435px\" \/><div class=\"fill\"><i class=\"centered-icon fa fa-plus\"><\/i><\/div><\/figure><\/a><a class=\"hover-overlay\" href=\"https:\/\/toldosros.com\/wp-content\/uploads\/2024\/02\/lonas_acrilicas_fantasia_015.jpg\"><figure><img loading=\"lazy\" decoding=\"async\" width=\"435\" height=\"263\" src=\"https:\/\/toldosros.com\/wp-content\/uploads\/2024\/02\/lonas_acrilicas_fantasia_015.jpg\" class=\"attachment-portfolio-grid-two size-portfolio-grid-two\" alt=\"\" srcset=\"https:\/\/toldosros.com\/wp-content\/uploads\/2024\/02\/lonas_acrilicas_fantasia_015.jpg 435w, https:\/\/toldosros.com\/wp-content\/uploads\/2024\/02\/lonas_acrilicas_fantasia_015-400x242.jpg 400w, https:\/\/toldosros.com\/wp-content\/uploads\/2024\/02\/lonas_acrilicas_fantasia_015-367x222.jpg 367w\" sizes=\"auto, (max-width: 435px) 100vw, 435px\" \/><div class=\"fill\"><i class=\"centered-icon fa fa-plus\"><\/i><\/div><\/figure><\/a><a class=\"hover-overlay\" href=\"https:\/\/toldosros.com\/wp-content\/uploads\/2024\/02\/lonas_acrilicas_fantasia_020.jpg\"><figure><img loading=\"lazy\" decoding=\"async\" width=\"435\" height=\"263\" src=\"https:\/\/toldosros.com\/wp-content\/uploads\/2024\/02\/lonas_acrilicas_fantasia_020.jpg\" class=\"attachment-portfolio-grid-two size-portfolio-grid-two\" alt=\"\" srcset=\"https:\/\/toldosros.com\/wp-content\/uploads\/2024\/02\/lonas_acrilicas_fantasia_020.jpg 435w, https:\/\/toldosros.com\/wp-content\/uploads\/2024\/02\/lonas_acrilicas_fantasia_020-400x242.jpg 400w, https:\/\/toldosros.com\/wp-content\/uploads\/2024\/02\/lonas_acrilicas_fantasia_020-367x222.jpg 367w\" sizes=\"auto, (max-width: 435px) 100vw, 435px\" \/><div class=\"fill\"><i class=\"centered-icon fa fa-plus\"><\/i><\/div><\/figure><\/a><a class=\"hover-overlay\" href=\"https:\/\/toldosros.com\/wp-content\/uploads\/2024\/02\/lonas_acrilicas_fantasia_025.jpg\"><figure><img loading=\"lazy\" decoding=\"async\" width=\"435\" height=\"263\" src=\"https:\/\/toldosros.com\/wp-content\/uploads\/2024\/02\/lonas_acrilicas_fantasia_025.jpg\" class=\"attachment-portfolio-grid-two size-portfolio-grid-two\" alt=\"\" srcset=\"https:\/\/toldosros.com\/wp-content\/uploads\/2024\/02\/lonas_acrilicas_fantasia_025.jpg 435w, https:\/\/toldosros.com\/wp-content\/uploads\/2024\/02\/lonas_acrilicas_fantasia_025-400x242.jpg 400w, https:\/\/toldosros.com\/wp-content\/uploads\/2024\/02\/lonas_acrilicas_fantasia_025-367x222.jpg 367w\" sizes=\"auto, (max-width: 435px) 100vw, 435px\" \/><div class=\"fill\"><i class=\"centered-icon fa fa-plus\"><\/i><\/div><\/figure><\/a><a class=\"hover-overlay\" href=\"https:\/\/toldosros.com\/wp-content\/uploads\/2024\/02\/lonas_acrilicas_fantasia_030.jpg\"><figure><img loading=\"lazy\" decoding=\"async\" width=\"435\" height=\"263\" src=\"https:\/\/toldosros.com\/wp-content\/uploads\/2024\/02\/lonas_acrilicas_fantasia_030.jpg\" class=\"attachment-portfolio-grid-two size-portfolio-grid-two\" alt=\"\" srcset=\"https:\/\/toldosros.com\/wp-content\/uploads\/2024\/02\/lonas_acrilicas_fantasia_030.jpg 435w, https:\/\/toldosros.com\/wp-content\/uploads\/2024\/02\/lonas_acrilicas_fantasia_030-400x242.jpg 400w, https:\/\/toldosros.com\/wp-content\/uploads\/2024\/02\/lonas_acrilicas_fantasia_030-367x222.jpg 367w\" sizes=\"auto, (max-width: 435px) 100vw, 435px\" \/><div class=\"fill\"><i class=\"centered-icon fa fa-plus\"><\/i><\/div><\/figure><\/a><a class=\"hover-overlay\" href=\"https:\/\/toldosros.com\/wp-content\/uploads\/2024\/02\/lonas_acrilicas_fantasia_035.jpg\"><figure><img loading=\"lazy\" decoding=\"async\" width=\"435\" height=\"263\" src=\"https:\/\/toldosros.com\/wp-content\/uploads\/2024\/02\/lonas_acrilicas_fantasia_035.jpg\" class=\"attachment-portfolio-grid-two size-portfolio-grid-two\" alt=\"\" srcset=\"https:\/\/toldosros.com\/wp-content\/uploads\/2024\/02\/lonas_acrilicas_fantasia_035.jpg 435w, https:\/\/toldosros.com\/wp-content\/uploads\/2024\/02\/lonas_acrilicas_fantasia_035-400x242.jpg 400w, https:\/\/toldosros.com\/wp-content\/uploads\/2024\/02\/lonas_acrilicas_fantasia_035-367x222.jpg 367w\" sizes=\"auto, (max-width: 435px) 100vw, 435px\" \/><div class=\"fill\"><i class=\"centered-icon fa fa-plus\"><\/i><\/div><\/figure><\/a><a class=\"hover-overlay\" href=\"https:\/\/toldosros.com\/wp-content\/uploads\/2024\/02\/lonas_acrilicas_fantasia_040.jpg\"><figure><img loading=\"lazy\" decoding=\"async\" width=\"435\" height=\"263\" src=\"https:\/\/toldosros.com\/wp-content\/uploads\/2024\/02\/lonas_acrilicas_fantasia_040.jpg\" class=\"attachment-portfolio-grid-two size-portfolio-grid-two\" alt=\"\" srcset=\"https:\/\/toldosros.com\/wp-content\/uploads\/2024\/02\/lonas_acrilicas_fantasia_040.jpg 435w, https:\/\/toldosros.com\/wp-content\/uploads\/2024\/02\/lonas_acrilicas_fantasia_040-400x242.jpg 400w, https:\/\/toldosros.com\/wp-content\/uploads\/2024\/02\/lonas_acrilicas_fantasia_040-367x222.jpg 367w\" sizes=\"auto, (max-width: 435px) 100vw, 435px\" \/><div class=\"fill\"><i class=\"centered-icon fa fa-plus\"><\/i><\/div><\/figure><\/a><a class=\"hover-overlay\" href=\"https:\/\/toldosros.com\/wp-content\/uploads\/2024\/02\/lonas_acrilicas_fantasia_045.jpg\"><figure><img loading=\"lazy\" decoding=\"async\" width=\"435\" height=\"263\" src=\"https:\/\/toldosros.com\/wp-content\/uploads\/2024\/02\/lonas_acrilicas_fantasia_045.jpg\" class=\"attachment-portfolio-grid-two size-portfolio-grid-two\" alt=\"\" srcset=\"https:\/\/toldosros.com\/wp-content\/uploads\/2024\/02\/lonas_acrilicas_fantasia_045.jpg 435w, https:\/\/toldosros.com\/wp-content\/uploads\/2024\/02\/lonas_acrilicas_fantasia_045-400x242.jpg 400w, https:\/\/toldosros.com\/wp-content\/uploads\/2024\/02\/lonas_acrilicas_fantasia_045-367x222.jpg 367w\" sizes=\"auto, (max-width: 435px) 100vw, 435px\" \/><div class=\"fill\"><i class=\"centered-icon fa fa-plus\"><\/i><\/div><\/figure><\/a><a class=\"hover-overlay\" href=\"https:\/\/toldosros.com\/wp-content\/uploads\/2024\/02\/lonas_acrilicas_fantasia_050.jpg\"><figure><img loading=\"lazy\" decoding=\"async\" width=\"435\" height=\"263\" src=\"https:\/\/toldosros.com\/wp-content\/uploads\/2024\/02\/lonas_acrilicas_fantasia_050.jpg\" class=\"attachment-portfolio-grid-two size-portfolio-grid-two\" alt=\"\" srcset=\"https:\/\/toldosros.com\/wp-content\/uploads\/2024\/02\/lonas_acrilicas_fantasia_050.jpg 435w, https:\/\/toldosros.com\/wp-content\/uploads\/2024\/02\/lonas_acrilicas_fantasia_050-400x242.jpg 400w, https:\/\/toldosros.com\/wp-content\/uploads\/2024\/02\/lonas_acrilicas_fantasia_050-367x222.jpg 367w\" sizes=\"auto, (max-width: 435px) 100vw, 435px\" \/><div class=\"fill\"><i class=\"centered-icon fa fa-plus\"><\/i><\/div><\/figure><\/a><a class=\"hover-overlay\" href=\"https:\/\/toldosros.com\/wp-content\/uploads\/2024\/02\/lonas_acrilicas_fantasia_055.jpg\"><figure><img loading=\"lazy\" decoding=\"async\" width=\"435\" height=\"263\" src=\"https:\/\/toldosros.com\/wp-content\/uploads\/2024\/02\/lonas_acrilicas_fantasia_055.jpg\" class=\"attachment-portfolio-grid-two size-portfolio-grid-two\" alt=\"\" srcset=\"https:\/\/toldosros.com\/wp-content\/uploads\/2024\/02\/lonas_acrilicas_fantasia_055.jpg 435w, https:\/\/toldosros.com\/wp-content\/uploads\/2024\/02\/lonas_acrilicas_fantasia_055-400x242.jpg 400w, https:\/\/toldosros.com\/wp-content\/uploads\/2024\/02\/lonas_acrilicas_fantasia_055-367x222.jpg 367w\" sizes=\"auto, (max-width: 435px) 100vw, 435px\" \/><div class=\"fill\"><i class=\"centered-icon fa fa-plus\"><\/i><\/div><\/figure><\/a><a class=\"hover-overlay\" href=\"https:\/\/toldosros.com\/wp-content\/uploads\/2024\/02\/lonas_acrilicas_fantasia_060.jpg\"><figure><img loading=\"lazy\" decoding=\"async\" width=\"435\" height=\"263\" src=\"https:\/\/toldosros.com\/wp-content\/uploads\/2024\/02\/lonas_acrilicas_fantasia_060.jpg\" class=\"attachment-portfolio-grid-two size-portfolio-grid-two\" alt=\"\" srcset=\"https:\/\/toldosros.com\/wp-content\/uploads\/2024\/02\/lonas_acrilicas_fantasia_060.jpg 435w, https:\/\/toldosros.com\/wp-content\/uploads\/2024\/02\/lonas_acrilicas_fantasia_060-400x242.jpg 400w, https:\/\/toldosros.com\/wp-content\/uploads\/2024\/02\/lonas_acrilicas_fantasia_060-367x222.jpg 367w\" sizes=\"auto, (max-width: 435px) 100vw, 435px\" \/><div class=\"fill\"><i class=\"centered-icon fa fa-plus\"><\/i><\/div><\/figure><\/a><a class=\"hover-overlay\" href=\"https:\/\/toldosros.com\/wp-content\/uploads\/2024\/02\/lonas_acrilicas_fantasia_065.jpg\"><figure><img loading=\"lazy\" decoding=\"async\" width=\"435\" height=\"263\" src=\"https:\/\/toldosros.com\/wp-content\/uploads\/2024\/02\/lonas_acrilicas_fantasia_065.jpg\" class=\"attachment-portfolio-grid-two size-portfolio-grid-two\" alt=\"\" srcset=\"https:\/\/toldosros.com\/wp-content\/uploads\/2024\/02\/lonas_acrilicas_fantasia_065.jpg 435w, https:\/\/toldosros.com\/wp-content\/uploads\/2024\/02\/lonas_acrilicas_fantasia_065-400x242.jpg 400w, https:\/\/toldosros.com\/wp-content\/uploads\/2024\/02\/lonas_acrilicas_fantasia_065-367x222.jpg 367w\" sizes=\"auto, (max-width: 435px) 100vw, 435px\" \/><div class=\"fill\"><i class=\"centered-icon fa fa-plus\"><\/i><\/div><\/figure><\/a><\/div>[\/vc_column][\/vc_row][\/vc_section][vc_section css=&#8221;.vc_custom_1709216157235{padding-top: 30px !important;padding-right: 30px !important;padding-bottom: 30px !important;padding-left: 30px !important;background-color: #eaeff3 !important;background-position: center !important;background-repeat: no-repeat !important;background-size: cover !important;}&#8221; conditional_render=&#8221;%5B%7B%22value_role%22%3A%22administrator%22%7D%5D&#8221;][vc_row full_width=&#8221;stretch_row&#8221; content_placement=&#8221;middle&#8221; conditional_render=&#8221;%5B%7B%22value_role%22%3A%22administrator%22%7D%5D&#8221; el_class=&#8221;mlh_ctapresupuesto&#8221;][vc_column width=&#8221;2\/3&#8243;][vc_custom_heading text=&#8221;Descarregueu el cat\u00e0leg complet de les nostres <b>lones acr\u00edliques fantasia<\/b>&#8221; font_container=&#8221;tag:h2|font_size:1.8em|text_align:left|line_height:1.2&#8243; use_theme_fonts=&#8221;yes&#8221; font_weight=&#8221;700&#8243; letter_spacing=&#8221;-2px&#8221; css=&#8221;.vc_custom_1709224109050{margin-bottom: 0px !important;}&#8221;][vc_custom_heading text=&#8221;M\u00e9s de 100 lones per escollir.&#8221; font_container=&#8221;tag:h3|font_size:1.3em|text_align:left&#8221; use_theme_fonts=&#8221;yes&#8221; font_weight=&#8221;100&#8243; css=&#8221;.vc_custom_1709216122365{margin-bottom: 0px !important;}&#8221;][\/vc_column][vc_column width=&#8221;1\/3&#8243;][vc_btn title=&#8221;Descarregar PDF&#8221; align=&#8221;center&#8221; css=&#8221;.vc_custom_1709215829184{margin-bottom: 0px !important;}&#8221; link=&#8221;url:https%3A%2F%2Ftoldosros.com%2Fwp-content%2Fuploads%2F2024%2F02%2Flonas_acrilicas_fantasia_compressed.pdf|title:Lones%20Acr%C3%ADliques%20Fantasia|target:_blank|&#8221; el_class=&#8221;mlh_btn&#8221;][\/vc_column][\/vc_row][\/vc_section][vc_row][vc_column]<div class=\"porto-block\" data-id=\"2941\"><style>.vc_custom_1709223234132{margin-top: 50px !important;margin-bottom: 50px !important;padding-top: 50px !important;padding-right: 30px !important;padding-bottom: 50px !important;padding-left: 30px !important;background-image: url(https:\/\/toldosros.com\/wp-content\/uploads\/2023\/04\/05_toldosros_slider.jpg?id=1999) !important;background-position: center !important;background-repeat: no-repeat !important;background-size: cover !important;}.vc_custom_1709223098302{padding-top: 30px !important;padding-bottom: 30px !important;}.vc_custom_1709224149439{margin-bottom: 0px !important;}.vc_custom_1709223472744{margin-bottom: 30px !important;}.vc_custom_1709223370899{margin-bottom: 0px !important;}<\/style>[vc_section top_divider_type=\"big-half-circle\" bottom_divider_type=\"big-half-circle\" top_divider_flip=\"true\" top_divider_invert=\"true\" css=\".vc_custom_1709223234132{margin-top: 50px !important;margin-bottom: 50px !important;padding-top: 50px !important;padding-right: 30px !important;padding-bottom: 50px !important;padding-left: 30px !important;background-image: url(https:\/\/toldosros.com\/wp-content\/uploads\/2023\/04\/05_toldosros_slider.jpg?id=1999) !important;background-position: center !important;background-repeat: no-repeat !important;background-size: cover !important;}\" conditional_render=\"%5B%7B%22value_role%22%3A%22administrator%22%7D%5D\" top_divider_color=\"#ffffff\" bottom_divider_color=\"#ffffff\" el_id=\"pressupost\" top_divider_height=\"40px\" bottom_divider_height=\"40px\"][vc_row full_width=\"stretch_row\" content_placement=\"middle\" conditional_render=\"%5B%7B%22value_role%22%3A%22administrator%22%7D%5D\" css=\".vc_custom_1709223098302{padding-top: 30px !important;padding-bottom: 30px !important;}\" el_class=\"mlh_ctapresupuesto\"][vc_column][vc_custom_heading text=\"Contacti amb <b>Tendals ROS<\/b> per informar-se<br>\no resoldre qualsevol dubte\" font_container=\"tag:h2|font_size:1.7em|text_align:center|color:%23ffffff|line_height:1.2\" use_theme_fonts=\"yes\" font_weight=\"700\" letter_spacing=\"-2px\" css=\".vc_custom_1709224149439{margin-bottom: 0px !important;}\"][vc_custom_heading text=\"Truqui&apos;ns al <b>934 551 353<\/b> i sol\u00b7liciti el teu pressupost sense comprom\u00eds\" font_container=\"tag:h3|font_size:1.3em|text_align:center|color:%23ffffff\" use_theme_fonts=\"yes\" font_weight=\"100\" css=\".vc_custom_1709223472744{margin-bottom: 30px !important;}\"][vc_btn title=\"Contactar\" align=\"center\" css=\".vc_custom_1709223370899{margin-bottom: 0px !important;}\" link=\"url:https%3A%2F%2Ftoldosros.com%2Fca%2Fcontacta-amb-nosaltres%2F|title:Contacte|\" el_class=\"mlh_btn\"][\/vc_column][\/vc_row][\/vc_section]<\/div>[\/vc_column][\/vc_row]<\/p>\n<\/div>","protected":false},"excerpt":{"rendered":"<p>[vc_section full_width=&#8221;stretch_row&#8221; css=&#8221;.vc_custom_1706881377847{padding-top: 60px !important;padding-bottom: 20px !important;}&#8221; conditional_render=&#8221;%5B%7B%22value_role%22%3A%22administrator%22%7D%5D&#8221; el_id=&#8221;serveis&#8221;][vc_row][vc_column][vc_custom_heading text=&#8221;Amb els anys les lones es fan malb\u00e9 encara que l&apos;estructura del tendal encara est\u00e0 b\u00e9, canviant nom\u00e9s el teixit, aconseguir\u00e0 que torni a lluir com el primer dia.&#8221; font_container=&#8221;tag:h3|font_size:1.3em|text_align:left&#8221; use_theme_fonts=&#8221;yes&#8221; font_weight=&#8221;100&#8243; css=&#8221;.vc_custom_1706881416770{margin-bottom: 25px !important;}&#8221;][vc_custom_heading text=&#8221;QU\u00c8 FAR\u00c0 TOLDOS ROS?&#8221; font_container=&#8221;tag:h2|font_size:2em|text_align:left&#8221; use_theme_fonts=&#8221;yes&#8221; font_weight=&#8221;500&#8243; letter_spacing=&#8221;-2px&#8221; css=&#8221;.vc_custom_1706881456684{margin-bottom: 0px !important;}&#8221;][vc_custom_heading [&hellip;]<\/p>\n","protected":false},"author":1,"featured_media":0,"parent":0,"menu_order":0,"comment_status":"closed","ping_status":"closed","template":"","meta":{"_seopress_robots_primary_cat":"","_seopress_titles_title":"%%sitetitle%% %%sep%% %%tagline%%","_seopress_titles_desc":"D\u00f3na-li un nou aire als teus tendals destenyits, desgastats o danyats amb el nostre complet servei de reempla\u00e7ament de lona per a tendals.","_seopress_robots_index":"","_joinchat":[],"footnotes":""},"class_list":["post-2916","page","type-page","status-publish","hentry"],"_links":{"self":[{"href":"https:\/\/toldosros.com\/ca\/wp-json\/wp\/v2\/pages\/2916","targetHints":{"allow":["GET"]}}],"collection":[{"href":"https:\/\/toldosros.com\/ca\/wp-json\/wp\/v2\/pages"}],"about":[{"href":"https:\/\/toldosros.com\/ca\/wp-json\/wp\/v2\/types\/page"}],"author":[{"embeddable":true,"href":"https:\/\/toldosros.com\/ca\/wp-json\/wp\/v2\/users\/1"}],"replies":[{"embeddable":true,"href":"https:\/\/toldosros.com\/ca\/wp-json\/wp\/v2\/comments?post=2916"}],"version-history":[{"count":2,"href":"https:\/\/toldosros.com\/ca\/wp-json\/wp\/v2\/pages\/2916\/revisions"}],"predecessor-version":[{"id":3837,"href":"https:\/\/toldosros.com\/ca\/wp-json\/wp\/v2\/pages\/2916\/revisions\/3837"}],"wp:attachment":[{"href":"https:\/\/toldosros.com\/ca\/wp-json\/wp\/v2\/media?parent=2916"}],"curies":[{"name":"wp","href":"https:\/\/api.w.org\/{rel}","templated":true}]}}