{"id":2891,"date":"2024-02-02T08:51:55","date_gmt":"2024-02-02T07:51:55","guid":{"rendered":"https:\/\/staging.microlabhard.com\/toldosros\/contacta-amb-nosaltres\/"},"modified":"2026-04-21T15:27:42","modified_gmt":"2026-04-21T14:27:42","slug":"contacta-amb-nosaltres","status":"publish","type":"page","link":"https:\/\/toldosros.com\/ca\/contacta-amb-nosaltres\/","title":{"rendered":"Contacta amb nosaltres"},"content":{"rendered":"<div class=\"wpb-content-wrapper\"><p>[vc_section full_width=&#8221;stretch_row&#8221; css=&#8221;.vc_custom_1706861023338{padding-top: 60px !important;padding-bottom: 60px !important;}&#8221; conditional_render=&#8221;%5B%7B%22value_role%22%3A%22administrator%22%7D%5D&#8221; el_id=&#8221;contacte&#8221;][vc_row][vc_column width=&#8221;1\/2&#8243;][vc_custom_heading text=&#8221;FORMULARI DE <b>CONTACTE<\/b>&#8221; font_container=&#8221;tag:h2|font_size:2em|text_align:left&#8221; use_theme_fonts=&#8221;yes&#8221; font_weight=&#8221;500&#8243; letter_spacing=&#8221;-2px&#8221; css=&#8221;.vc_custom_1706860009437{margin-bottom: 0px !important;}&#8221;][vc_empty_space height=&#8221;35px&#8221;]<div class=\"porto-animation\" >\n<div class=\"wpcf7 no-js\" id=\"wpcf7-f83-o1\" lang=\"es-ES\" dir=\"ltr\" data-wpcf7-id=\"83\">\n<div class=\"screen-reader-response\"><p role=\"status\" aria-live=\"polite\" aria-atomic=\"true\"><\/p> <ul><\/ul><\/div>\n<form action=\"\/ca\/wp-json\/wp\/v2\/pages\/2891#wpcf7-f83-o1\" method=\"post\" class=\"wpcf7-form init\" aria-label=\"Formulario de contacto\" novalidate=\"novalidate\" data-status=\"init\">\n<fieldset class=\"hidden-fields-container\"><input type=\"hidden\" name=\"_wpcf7\" value=\"83\" \/><input type=\"hidden\" name=\"_wpcf7_version\" value=\"6.1.5\" \/><input type=\"hidden\" name=\"_wpcf7_locale\" value=\"es_ES\" \/><input type=\"hidden\" name=\"_wpcf7_unit_tag\" value=\"wpcf7-f83-o1\" \/><input type=\"hidden\" name=\"_wpcf7_container_post\" value=\"0\" \/><input type=\"hidden\" name=\"_wpcf7_posted_data_hash\" value=\"\" \/><input type=\"hidden\" name=\"_wpcf7_recaptcha_response\" value=\"\" \/>\n<\/fieldset>\n<div class=\"left\"><span class=\"wpcf7-form-control-wrap\" data-name=\"your-name\"><input size=\"40\" maxlength=\"400\" class=\"wpcf7-form-control wpcf7-text wpcf7-validates-as-required\" aria-required=\"true\" aria-invalid=\"false\" placeholder=\"Nombre *\" value=\"\" type=\"text\" name=\"your-name\" \/><\/span><\/div>\n<div class=\"right\"><span class=\"wpcf7-form-control-wrap\" data-name=\"your-email\"><input size=\"40\" maxlength=\"400\" class=\"wpcf7-form-control wpcf7-email wpcf7-validates-as-required wpcf7-text wpcf7-validates-as-email\" aria-required=\"true\" aria-invalid=\"false\" placeholder=\"Correo electr\u00f3nico *\" value=\"\" type=\"email\" name=\"your-email\" \/><\/span><\/div>\n\n<div class=\"left\"><span class=\"wpcf7-form-control-wrap\" data-name=\"your-phone\"><input size=\"40\" maxlength=\"400\" class=\"wpcf7-form-control wpcf7-text wpcf7-validates-as-required\" aria-required=\"true\" aria-invalid=\"false\" placeholder=\"Tel\u00e9fono *\" value=\"\" type=\"text\" name=\"your-phone\" \/><\/span><\/div>\n<div class=\"right\"><span class=\"wpcf7-form-control-wrap\" data-name=\"your-direction\"><input size=\"40\" maxlength=\"400\" class=\"wpcf7-form-control wpcf7-text\" aria-invalid=\"false\" placeholder=\"Direcci\u00f3n\" value=\"\" type=\"text\" name=\"your-direction\" \/><\/span><\/div>\n\n<div class=\"left\"><span class=\"wpcf7-form-control-wrap\" data-name=\"your-cp\"><input size=\"40\" maxlength=\"400\" class=\"wpcf7-form-control wpcf7-text\" aria-invalid=\"false\" placeholder=\"CP\" value=\"\" type=\"text\" name=\"your-cp\" \/><\/span><\/div>\n<div class=\"right\"><span class=\"wpcf7-form-control-wrap\" data-name=\"your-city\"><input size=\"40\" maxlength=\"400\" class=\"wpcf7-form-control wpcf7-text\" aria-invalid=\"false\" placeholder=\"Ciudad\" value=\"\" type=\"text\" name=\"your-city\" \/><\/span><\/div>\n\n<span class=\"wpcf7-form-control-wrap\" data-name=\"your-message\"><textarea cols=\"40\" rows=\"10\" maxlength=\"2000\" class=\"wpcf7-form-control wpcf7-textarea wpcf7-validates-as-required\" aria-required=\"true\" aria-invalid=\"false\" placeholder=\"Mensaje *\" name=\"your-message\"><\/textarea><\/span>\n\n<div class=\"MLH_Form\"><strong>Protecci\u00f3n de datos personales.<\/strong> Utilizaremos sus datos para responder consultas y realizar an\u00e1lisis estad\u00edsticos. Para m\u00e1s informaci\u00f3n sobre el tratamiento y sus derechos, consulte la <a href='https:\/\/toldosros.com\/politica-de-privacidad-y-aviso-legal\/' rel='nofollow' target=\"_blank\">Pol\u00edtica de Privacidad<\/a>.<\/div>\n\n<input class=\"wpcf7-form-control wpcf7-submit has-spinner\" type=\"submit\" value=\"Enviar\" \/><div class=\"wpcf7-response-output\" aria-hidden=\"true\"><\/div>\n<\/form>\n<\/div>\n<\/div>[\/vc_column][vc_column width=&#8221;1\/2&#8243;][vc_custom_heading text=&#8221;LA NOSTRA <b>BOTIGA<\/b>&#8221; font_container=&#8221;tag:h2|font_size:1.6em|text_align:left&#8221; use_theme_fonts=&#8221;yes&#8221; font_weight=&#8221;500&#8243; letter_spacing=&#8221;-2px&#8221; css=&#8221;.vc_custom_1706864985116{margin-bottom: 20px !important;}&#8221; el_class=&#8221;offset-lg-2&#8243;]<a aria-label=\"Adre\u00e7a:\" class=\"porto-sicon-box-link\" href=\"https:\/\/maps.app.goo.gl\/C7TggiqiePcNFTJf6\" target='_blank' title='Localizaci\u00f3n Google Maps'><div class=\"porto-sicon-box  vc_custom_1708520391420 offset-lg-2  wpb_custom_19d42f8035222ebb8e5ddda5b5a6ab57 hover-icon-left left-icon\"><div class=\"porto-sicon-left\"><div class=\"porto-just-icon-wrapper porto-sicon-img  porto-icon-9f5d1cfb45d27d96b50bf473aebba227\" style=\"font-size: 48px;\"><img loading=\"lazy\" decoding=\"async\" class=\"img-icon\" alt=\"\" src=\"https:\/\/toldosros.com\/wp-content\/uploads\/2024\/02\/ubicacion.png\" width=\"700\" height=\"700\" \/><\/div><\/div><div class=\"porto-sicon-body\"><div class=\"porto-sicon-header\" style=\"margin-bottom:0px;\"><h3 class=\"porto-sicon-title\" style=\"margin-bottom:0px;\">Adre\u00e7a:<\/h3><p>Paseo Maragall, 72, local 3 esquina Trinxant, 08041 - Barcelona<\/p><\/div> <!-- header --><\/div><\/div><!-- porto-sicon-box --><\/a><div class=\"porto-sicon-box  vc_custom_1708524137364 offset-lg-2  wpb_custom_19d42f8035222ebb8e5ddda5b5a6ab57 hover-icon-left left-icon\"><div class=\"porto-sicon-left\"><div class=\"porto-just-icon-wrapper porto-sicon-img  porto-icon-9f5d1cfb45d27d96b50bf473aebba227\" style=\"font-size: 48px;\"><img loading=\"lazy\" decoding=\"async\" class=\"img-icon\" alt=\"\" src=\"https:\/\/toldosros.com\/wp-content\/uploads\/2024\/02\/telefono.png\" width=\"700\" height=\"700\" \/><\/div><\/div><div class=\"porto-sicon-body\"><div class=\"porto-sicon-header\" style=\"margin-bottom:0px;\"><h3 class=\"porto-sicon-title\" style=\"margin-bottom:0px;\">Tel\u00e8fon:<\/h3><\/div> <!-- header --><div class=\"porto-sicon-description\" style=\"\"><a href=\"tel:+34934551353\">934 551 353<\/a> &#8211; <a href=\"tel:%20+34934593064\">934 593 064<\/a><\/div> <!-- description --><\/div><\/div><!-- porto-sicon-box --><a aria-label=\"M\u00f2bil:\" class=\"porto-sicon-box-link\" href=\"tel:%20+34628310054\" title='M\u00f3vil'><div class=\"porto-sicon-box  vc_custom_1708524274823 offset-lg-2  wpb_custom_19d42f8035222ebb8e5ddda5b5a6ab57 hover-icon-left left-icon\"><div class=\"porto-sicon-left\"><div class=\"porto-just-icon-wrapper porto-sicon-img  porto-icon-9f5d1cfb45d27d96b50bf473aebba227\" style=\"font-size: 48px;\"><img loading=\"lazy\" decoding=\"async\" class=\"img-icon\" alt=\"\" src=\"https:\/\/toldosros.com\/wp-content\/uploads\/2024\/02\/movil.png\" width=\"700\" height=\"700\" \/><\/div><\/div><div class=\"porto-sicon-body\"><div class=\"porto-sicon-header\" style=\"margin-bottom:0px;\"><h3 class=\"porto-sicon-title\" style=\"margin-bottom:0px;\">M\u00f2bil:<\/h3><p>628 310 054<\/p><\/div> <!-- header --><\/div><\/div><!-- porto-sicon-box --><\/a><a aria-label=\"Email:\" class=\"porto-sicon-box-link\" href=\"mailto:%20comercial@toldosros.com\" target='_blank' title='Email'><div class=\"porto-sicon-box  vc_custom_1764778653389 offset-lg-2  wpb_custom_19d42f8035222ebb8e5ddda5b5a6ab57 hover-icon-left left-icon\"><div class=\"porto-sicon-left\"><div class=\"porto-just-icon-wrapper porto-sicon-img  porto-icon-9f5d1cfb45d27d96b50bf473aebba227\" style=\"font-size: 48px;\"><img loading=\"lazy\" decoding=\"async\" class=\"img-icon\" alt=\"\" src=\"https:\/\/toldosros.com\/wp-content\/uploads\/2024\/02\/email.png\" width=\"700\" height=\"700\" \/><\/div><\/div><div class=\"porto-sicon-body\"><div class=\"porto-sicon-header\" style=\"margin-bottom:0px;\"><h3 class=\"porto-sicon-title\" style=\"margin-bottom:0px;\">Email:<\/h3><p>comercial@toldosros.com<\/p><\/div> <!-- header --><\/div><\/div><!-- porto-sicon-box --><\/a>[vc_empty_space height=&#8221;35px&#8221;][vc_custom_heading text=&#8221;EL NOSTRE <b>HORARI<\/b>&#8221; font_container=&#8221;tag:h2|font_size:1.6em|text_align:left&#8221; use_theme_fonts=&#8221;yes&#8221; font_weight=&#8221;500&#8243; letter_spacing=&#8221;-2px&#8221; css=&#8221;.vc_custom_1706864992604{margin-bottom: 20px !important;}&#8221; el_class=&#8221;offset-lg-2&#8243;]<div class=\"porto-sicon-box  vc_custom_1776781627119 offset-lg-2  wpb_custom_a4f4fa7c55c8782298a0373c9e43d126 style_1 default-icon\"><div class=\"porto-sicon-default\"><div class=\"porto-just-icon-wrapper porto-icon none\" style=\"color:#a91c22;font-size:17px;\"><i class=\"porto-icon-clock-1\"><\/i><\/div><\/div><div class=\"porto-sicon-header\" style=\"margin-bottom:0px;\"><h3 class=\"porto-sicon-title\" style=\"margin-bottom:0px;\"><b>Matins<\/b> - 9:00 a 13:30<\/h3><\/div> <!-- header --><\/div><!-- porto-sicon-box --><div class=\"porto-sicon-box  vc_custom_1776781352220 offset-lg-2  wpb_custom_a4f4fa7c55c8782298a0373c9e43d126 style_1 default-icon\"><div class=\"porto-sicon-default\"><div class=\"porto-just-icon-wrapper porto-icon none\" style=\"color:#a91c22;font-size:17px;\"><i class=\"porto-icon-clock-1\"><\/i><\/div><\/div><div class=\"porto-sicon-header\" style=\"margin-bottom:0px;\"><h3 class=\"porto-sicon-title\" style=\"margin-bottom:0px;\">Horari de botiga a la tarda de 16h a 18h, exclusivament sota cita pr\u00e8via. Si us plau, truqueu o reservi de venir.<\/h3><\/div> <!-- header --><\/div><!-- porto-sicon-box -->[vc_empty_space height=&#8221;35px&#8221;][vc_custom_heading text=&#8221;SEGUEIX-NOS A <b>XARXES!<\/b>&#8221; font_container=&#8221;tag:h2|font_size:1.6em|text_align:left&#8221; use_theme_fonts=&#8221;yes&#8221; font_weight=&#8221;500&#8243; letter_spacing=&#8221;-2px&#8221; css=&#8221;.vc_custom_1706865079965{margin-bottom: 20px !important;}&#8221; el_class=&#8221;offset-lg-2&#8243;]<div class=\"share-links wpb_custom_393eb7178b5581719d1f087c376e5f01 offset-lg-2\">\t\t<a target=\"_blank\"  rel=\"nofollow noopener noreferrer\" class=\"share-facebook\" href=\"https:\/\/www.facebook.com\/Toldos-ROS_Tendals-394284100719158\/\" aria-label=\"Facebook\" title=\"Facebook\"><\/a>\r\n\t\t\t\t<a target=\"_blank\"  rel=\"nofollow noopener noreferrer\" class=\"share-pinterest\" href=\"https:\/\/es.pinterest.com\/toldosros\/\" aria-label=\"Pinterest\" title=\"Pinterest\"><\/a>\r\n\t\t\t\t<a target=\"_blank\"  rel=\"nofollow noopener noreferrer\" class=\"share-instagram\" href=\"https:\/\/www.instagram.com\/toldosros\/\" aria-label=\"Instagram\" title=\"Instagram\"><\/a>\r\n\t\t\t\t<a target=\"_blank\"  rel=\"nofollow noopener noreferrer\" class=\"share-linkedin\" href=\"https:\/\/www.linkedin.com\/company\/toldos-ros\/\" aria-label=\"LinkedIn\" title=\"LinkedIn\"><\/a>\r\n\t\t\t\t<a target=\"_blank\"  rel=\"nofollow noopener noreferrer\" class=\"share-flickr\" href=\"https:\/\/www.flickr.com\/photos\/toldosros\/\" aria-label=\"Flickr\" title=\"Flickr\"><\/a>\r\n\t\t\t\t<a target=\"_blank\"  rel=\"nofollow noopener noreferrer\" class=\"share-tiktok\" href=\"https:\/\/www.tiktok.com\/@toldosros\/\" aria-label=\"Tiktok\" title=\"Tiktok\"><\/a>\r\n\t\t<\/div>[\/vc_column][\/vc_row][\/vc_section][vc_row][vc_column][\/vc_column][\/vc_row]<\/p>\n<\/div>","protected":false},"excerpt":{"rendered":"<p>[vc_section full_width=&#8221;stretch_row&#8221; css=&#8221;.vc_custom_1706861023338{padding-top: 60px !important;padding-bottom: 60px !important;}&#8221; conditional_render=&#8221;%5B%7B%22value_role%22%3A%22administrator%22%7D%5D&#8221; el_id=&#8221;contacte&#8221;][vc_row][vc_column width=&#8221;1\/2&#8243;][vc_custom_heading text=&#8221;FORMULARI DE CONTACTE&#8221; font_container=&#8221;tag:h2|font_size:2em|text_align:left&#8221; use_theme_fonts=&#8221;yes&#8221; font_weight=&#8221;500&#8243; letter_spacing=&#8221;-2px&#8221; css=&#8221;.vc_custom_1706860009437{margin-bottom: 0px !important;}&#8221;][vc_empty_space height=&#8221;35px&#8221;][\/vc_column][vc_column width=&#8221;1\/2&#8243;][vc_custom_heading text=&#8221;LA NOSTRA BOTIGA&#8221; font_container=&#8221;tag:h2|font_size:1.6em|text_align:left&#8221; use_theme_fonts=&#8221;yes&#8221; font_weight=&#8221;500&#8243; letter_spacing=&#8221;-2px&#8221; css=&#8221;.vc_custom_1706864985116{margin-bottom: 20px !important;}&#8221; el_class=&#8221;offset-lg-2&#8243;][vc_empty_space height=&#8221;35px&#8221;][vc_custom_heading text=&#8221;EL NOSTRE HORARI&#8221; font_container=&#8221;tag:h2|font_size:1.6em|text_align:left&#8221; use_theme_fonts=&#8221;yes&#8221; font_weight=&#8221;500&#8243; letter_spacing=&#8221;-2px&#8221; css=&#8221;.vc_custom_1706864992604{margin-bottom: 20px !important;}&#8221; el_class=&#8221;offset-lg-2&#8243;][vc_empty_space height=&#8221;35px&#8221;][vc_custom_heading text=&#8221;SEGUEIX-NOS A XARXES!&#8221; font_container=&#8221;tag:h2|font_size:1.6em|text_align:left&#8221; use_theme_fonts=&#8221;yes&#8221; font_weight=&#8221;500&#8243; letter_spacing=&#8221;-2px&#8221; css=&#8221;.vc_custom_1706865079965{margin-bottom: 20px [&hellip;]<\/p>\n","protected":false},"author":1,"featured_media":0,"parent":0,"menu_order":0,"comment_status":"closed","ping_status":"closed","template":"","meta":{"_seopress_robots_primary_cat":"","_seopress_titles_title":"%%post_title%% %%sep%% %%sitetitle%%","_seopress_titles_desc":"Vine a veure'ns de dilluns a divendres de 9:00 a 13:30 i de 16:00 a 19:30, per correu a info@toldosros.com o trucant al 628 310 054","_seopress_robots_index":"","_joinchat":[],"footnotes":""},"class_list":["post-2891","page","type-page","status-publish","hentry"],"_links":{"self":[{"href":"https:\/\/toldosros.com\/ca\/wp-json\/wp\/v2\/pages\/2891","targetHints":{"allow":["GET"]}}],"collection":[{"href":"https:\/\/toldosros.com\/ca\/wp-json\/wp\/v2\/pages"}],"about":[{"href":"https:\/\/toldosros.com\/ca\/wp-json\/wp\/v2\/types\/page"}],"author":[{"embeddable":true,"href":"https:\/\/toldosros.com\/ca\/wp-json\/wp\/v2\/users\/1"}],"replies":[{"embeddable":true,"href":"https:\/\/toldosros.com\/ca\/wp-json\/wp\/v2\/comments?post=2891"}],"version-history":[{"count":5,"href":"https:\/\/toldosros.com\/ca\/wp-json\/wp\/v2\/pages\/2891\/revisions"}],"predecessor-version":[{"id":4026,"href":"https:\/\/toldosros.com\/ca\/wp-json\/wp\/v2\/pages\/2891\/revisions\/4026"}],"wp:attachment":[{"href":"https:\/\/toldosros.com\/ca\/wp-json\/wp\/v2\/media?parent=2891"}],"curies":[{"name":"wp","href":"https:\/\/api.w.org\/{rel}","templated":true}]}}