{"id":2888,"date":"2024-02-01T16:02:44","date_gmt":"2024-02-01T15:02:44","guid":{"rendered":"https:\/\/staging.microlabhard.com\/toldosros\/la-nostra-empresa\/"},"modified":"2024-03-13T17:08:37","modified_gmt":"2024-03-13T16:08:37","slug":"la-nostra-empresa","status":"publish","type":"page","link":"https:\/\/toldosros.com\/ca\/la-nostra-empresa\/","title":{"rendered":"La nostra empresa"},"content":{"rendered":"<div class=\"wpb-content-wrapper\"><p>[vc_section full_width=&#8221;stretch_row&#8221; css=&#8221;.vc_custom_1706799893948{padding-top: 60px !important;padding-bottom: 20px !important;}&#8221; conditional_render=&#8221;%5B%7B%22value_role%22%3A%22administrator%22%7D%5D&#8221; el_id=&#8221;empresa&#8221;][vc_row][vc_column][vc_custom_heading text=&#8221;TENDALS A <b>BARCELONA<\/b>&#8221; font_container=&#8221;tag:h2|font_size:2em|text_align:left&#8221; use_theme_fonts=&#8221;yes&#8221; font_weight=&#8221;500&#8243; letter_spacing=&#8221;-2px&#8221; css=&#8221;.vc_custom_1706799839690{margin-bottom: 0px !important;}&#8221;][vc_custom_heading text=&#8221;Ja s\u00f3n m\u00e9s de 90 anys dedicats al m\u00f3n de la protecci\u00f3 solar, m\u00e9s de 90 anys aportant confort i qualitat de vida amb el disseny i fabricaci\u00f3 dels nostres propis models de tendals.&#8221; font_container=&#8221;tag:h3|font_size:1.3em|text_align:left&#8221; use_theme_fonts=&#8221;yes&#8221; font_weight=&#8221;100&#8243; css=&#8221;.vc_custom_1706799845703{margin-bottom: 25px !important;}&#8221;][\/vc_column][\/vc_row][vc_row content_placement=&#8221;middle&#8221; conditional_render=&#8221;%5B%7B%22value_role%22%3A%22administrator%22%7D%5D&#8221;][vc_column width=&#8221;2\/3&#8243;][vc_custom_heading text=&#8221;Aix\u00ed, exercint un control complet sobre el proc\u00e9s de fabricaci\u00f3 de tendals, garantim l&apos;excel\u00b7lent qualitat dels nostres productes.&#8221; font_container=&#8221;tag:p|text_align:left&#8221; use_theme_fonts=&#8221;yes&#8221; css=&#8221;.vc_custom_1706799851426{margin-bottom: 10px !important;}&#8221;][vc_custom_heading text=&#8221;Una qualitat fruit d&apos;utilitzaci\u00f3 de tecnologia de darrera generaci\u00f3 i de la ferma aposta per la investigaci\u00f3 i el desenvolupament. A Toldos Ros fem un constant esfor\u00e7 per proporcionar solucions avan\u00e7ades i avan\u00e7ar-nos aix\u00ed, a les necessitats de tots els clients.&#8221; font_container=&#8221;tag:p|text_align:left&#8221; use_theme_fonts=&#8221;yes&#8221; css=&#8221;.vc_custom_1706799857001{margin-bottom: 10px !important;}&#8221;][vc_custom_heading text=&#8221;Som professionals a la instal\u00b7laci\u00f3 de tendals a Barcelona.<br \/>\nVenda de tendals diversos models: tel\u00f3 &#8211; stor, punt recte, bra\u00e7 invisible, cofre, corredors marins, p\u00e8rgoles, veranda i cortines. Sol\u00b7liciti pressupost sense comprom\u00eds i rebi els nostres preus de tendals i servei d&apos;instal\u00b7laci\u00f3 de tendals.&#8221; font_container=&#8221;tag:p|text_align:left&#8221; use_theme_fonts=&#8221;yes&#8221; css=&#8221;.vc_custom_1706800936819{margin-bottom: 15px !important;}&#8221;][\/vc_column][vc_column width=&#8221;1\/3&#8243; conditional_render=&#8221;%5B%7B%22value_role%22%3A%22administrator%22%7D%5D&#8221;][vc_single_image image=&#8221;1792&#8243; img_size=&#8221;full&#8221; alignment=&#8221;center&#8221; css=&#8221;.vc_custom_1706799791438{margin-bottom: 15px !important;}&#8221;][\/vc_column][\/vc_row][\/vc_section][vc_section full_width=&#8221;stretch_row&#8221; top_divider_type=&#8221;big-half-circle&#8221; bottom_divider_type=&#8221;big-half-circle&#8221; top_divider_flip=&#8221;true&#8221; top_divider_invert=&#8221;true&#8221; css=&#8221;.vc_custom_1706801005781{padding-top: 0px !important;padding-bottom: 0px !important;background-position: center !important;background-repeat: no-repeat !important;background-size: cover !important;}&#8221; conditional_render=&#8221;%5B%7B%22value_role%22%3A%22administrator%22%7D%5D&#8221; el_id=&#8221;cta&#8221; top_divider_color=&#8221;#ffffff&#8221; bottom_divider_color=&#8221;#ffffff&#8221;][vc_row full_width=&#8221;stretch_row&#8221; conditional_render=&#8221;%5B%7B%22value_role%22%3A%22administrator%22%7D%5D&#8221; el_class=&#8221;mlh_ctapresupuesto&#8221; css=&#8221;.vc_custom_1706801000747{padding-top: 0px !important;padding-bottom: 0px !important;}&#8221;][vc_column]<div class=\"porto-block\" data-id=\"2944\"><style>.vc_custom_1706787042944{padding-top: 80px !important;padding-bottom: 80px !important;background-image: url(https:\/\/toldosros.com\/wp-content\/uploads\/2024\/01\/Gran-Hotel-Havana.jpg?id=1196) !important;background-position: center !important;background-repeat: no-repeat !important;background-size: cover !important;}.vc_custom_1706787034738{padding-top: 50px !important;padding-bottom: 50px !important;}.vc_custom_1706789211229{margin-bottom: 0px !important;}.vc_custom_1706785656812{margin-bottom: 25px !important;}.vc_custom_1706879099048{margin-bottom: 0px !important;}<\/style>[vc_section full_width=\"stretch_row\" top_divider_type=\"big-half-circle\" bottom_divider_type=\"big-half-circle\" top_divider_flip=\"true\" top_divider_invert=\"true\" css=\".vc_custom_1706787042944{padding-top: 80px !important;padding-bottom: 80px !important;background-image: url(https:\/\/toldosros.com\/wp-content\/uploads\/2024\/01\/Gran-Hotel-Havana.jpg?id=1196) !important;background-position: center !important;background-repeat: no-repeat !important;background-size: cover !important;}\" conditional_render=\"%5B%7B%22value_role%22%3A%22administrator%22%7D%5D\" el_id=\"pressupost\" top_divider_color=\"#ffffff\" bottom_divider_color=\"#eaeff3\"][vc_row full_width=\"stretch_row\" conditional_render=\"%5B%7B%22value_role%22%3A%22administrator%22%7D%5D\" css=\".vc_custom_1706787034738{padding-top: 50px !important;padding-bottom: 50px !important;}\" el_class=\"mlh_ctapresupuesto\"][vc_column][vc_custom_heading text=\"Truqui&apos;ns i sol\u00b7liciti pressupost sense comprom\u00eds\" font_container=\"tag:h2|font_size:2em|text_align:center|color:%23ffffff\" use_theme_fonts=\"yes\" font_weight=\"700\" letter_spacing=\"-2px\" css=\".vc_custom_1706789211229{margin-bottom: 0px !important;}\"][vc_custom_heading text=\"Ara financem les compres sense interessos!\" font_container=\"tag:h3|font_size:1.3em|text_align:center|color:%23ffffff\" use_theme_fonts=\"yes\" font_weight=\"100\" css=\".vc_custom_1706785656812{margin-bottom: 25px !important;}\"][vc_btn title=\"Contacta ara!\" align=\"center\" css=\".vc_custom_1706879099048{margin-bottom: 0px !important;}\" link=\"url:https%3A%2F%2Ftoldosros.com%2Fca%2Fcontacta-amb-nosaltres%2F|title:Contacta%20amb%20nosaltres|\" el_class=\"mlh_btn\"][\/vc_column][\/vc_row][\/vc_section]<\/div>[\/vc_column][\/vc_row][\/vc_section][vc_section full_width=&#8221;stretch_row&#8221; css=&#8221;.vc_custom_1706798991259{padding-top: 50px !important;padding-bottom: 50px !important;}&#8221; conditional_render=&#8221;%5B%7B%22value_role%22%3A%22administrator%22%7D%5D&#8221; el_id=&#8221;galeria&#8221;][vc_row][vc_column]<div class=\"porto-gallery has-ccols ccols-1 has-ccols-spacing ccols-sm-2 ccols-md-3 ccols-lg-4 wpb_custom_5eb1d6fb25eb2c65aef8e1b381c727ee porto-carousel owl-carousel align-items-center lightbox porto-ig-overlay-icon\" data-plugin-options=\"{&quot;autoplay&quot;:true,&quot;autoplayHoverPause&quot;:true,&quot;autoplayTimeout&quot;:2000,&quot;items&quot;:4,&quot;xl&quot;:4,&quot;lg&quot;:4,&quot;md&quot;:3,&quot;sm&quot;:2,&quot;xs&quot;:1,&quot;nav&quot;:&quot;&quot;,&quot;dots&quot;:false,&quot;margin&quot;:10}\" data-lightbox-options=\"{&quot;delegate&quot;:&quot;a&quot;,&quot;mainClass&quot;:&quot;mfp-with-zoom&quot;,&quot;zoom&quot;:{&quot;enabled&quot;:true,&quot;duration&quot;:300},&quot;gallery&quot;:{&quot;enabled&quot;:true},&quot;type&quot;:&quot;image&quot;}\"><a class=\"hover-overlay\" href=\"https:\/\/toldosros.com\/wp-content\/uploads\/2024\/02\/la-tienda-2.png\"><figure><img loading=\"lazy\" decoding=\"async\" width=\"560\" height=\"560\" src=\"https:\/\/toldosros.com\/wp-content\/uploads\/2024\/02\/la-tienda-2-560x560.png\" class=\"attachment-portfolio-grid-two size-portfolio-grid-two\" alt=\"\" srcset=\"https:\/\/toldosros.com\/wp-content\/uploads\/2024\/02\/la-tienda-2-560x560.png 560w, https:\/\/toldosros.com\/wp-content\/uploads\/2024\/02\/la-tienda-2-400x400.png 400w, https:\/\/toldosros.com\/wp-content\/uploads\/2024\/02\/la-tienda-2-367x367.png 367w\" sizes=\"auto, (max-width: 560px) 100vw, 560px\" \/><div class=\"fill\"><i class=\"centered-icon fa fa-plus\"><\/i><\/div><\/figure><\/a><a class=\"hover-overlay\" href=\"https:\/\/toldosros.com\/wp-content\/uploads\/2024\/02\/projects02.jpg\"><figure><img loading=\"lazy\" decoding=\"async\" width=\"560\" height=\"560\" src=\"https:\/\/toldosros.com\/wp-content\/uploads\/2024\/02\/projects02-560x560.jpg\" class=\"attachment-portfolio-grid-two size-portfolio-grid-two\" alt=\"\" srcset=\"https:\/\/toldosros.com\/wp-content\/uploads\/2024\/02\/projects02-560x560.jpg 560w, https:\/\/toldosros.com\/wp-content\/uploads\/2024\/02\/projects02-367x367.jpg 367w\" sizes=\"auto, (max-width: 560px) 100vw, 560px\" \/><div class=\"fill\"><i class=\"centered-icon fa fa-plus\"><\/i><\/div><\/figure><\/a><a class=\"hover-overlay\" href=\"https:\/\/toldosros.com\/wp-content\/uploads\/2024\/02\/projects03.png\"><figure><img loading=\"lazy\" decoding=\"async\" width=\"560\" height=\"560\" src=\"https:\/\/toldosros.com\/wp-content\/uploads\/2024\/02\/projects03-560x560.png\" class=\"attachment-portfolio-grid-two size-portfolio-grid-two\" alt=\"\" srcset=\"https:\/\/toldosros.com\/wp-content\/uploads\/2024\/02\/projects03-560x560.png 560w, https:\/\/toldosros.com\/wp-content\/uploads\/2024\/02\/projects03-400x400.png 400w, https:\/\/toldosros.com\/wp-content\/uploads\/2024\/02\/projects03-367x367.png 367w\" sizes=\"auto, (max-width: 560px) 100vw, 560px\" \/><div class=\"fill\"><i class=\"centered-icon fa fa-plus\"><\/i><\/div><\/figure><\/a><a class=\"hover-overlay\" href=\"https:\/\/toldosros.com\/wp-content\/uploads\/2024\/01\/Balcon-particular-en-Barcelona-8.jpg\"><figure><img loading=\"lazy\" decoding=\"async\" width=\"560\" height=\"560\" src=\"https:\/\/toldosros.com\/wp-content\/uploads\/2024\/01\/Balcon-particular-en-Barcelona-8-560x560.jpg\" class=\"attachment-portfolio-grid-two size-portfolio-grid-two\" alt=\"\" srcset=\"https:\/\/toldosros.com\/wp-content\/uploads\/2024\/01\/Balcon-particular-en-Barcelona-8-560x560.jpg 560w, https:\/\/toldosros.com\/wp-content\/uploads\/2024\/01\/Balcon-particular-en-Barcelona-8-367x367.jpg 367w\" sizes=\"auto, (max-width: 560px) 100vw, 560px\" \/><div class=\"fill\"><i class=\"centered-icon fa fa-plus\"><\/i><\/div><\/figure><\/a><a class=\"hover-overlay\" href=\"https:\/\/toldosros.com\/wp-content\/uploads\/2024\/02\/projects05.png\"><figure><img loading=\"lazy\" decoding=\"async\" width=\"560\" height=\"560\" src=\"https:\/\/toldosros.com\/wp-content\/uploads\/2024\/02\/projects05-560x560.png\" class=\"attachment-portfolio-grid-two size-portfolio-grid-two\" alt=\"\" srcset=\"https:\/\/toldosros.com\/wp-content\/uploads\/2024\/02\/projects05-560x560.png 560w, https:\/\/toldosros.com\/wp-content\/uploads\/2024\/02\/projects05-400x400.png 400w, https:\/\/toldosros.com\/wp-content\/uploads\/2024\/02\/projects05-367x367.png 367w\" sizes=\"auto, (max-width: 560px) 100vw, 560px\" \/><div class=\"fill\"><i class=\"centered-icon fa fa-plus\"><\/i><\/div><\/figure><\/a><a class=\"hover-overlay\" href=\"https:\/\/toldosros.com\/wp-content\/uploads\/2024\/02\/projects06.png\"><figure><img loading=\"lazy\" decoding=\"async\" width=\"560\" height=\"560\" src=\"https:\/\/toldosros.com\/wp-content\/uploads\/2024\/02\/projects06-560x560.png\" class=\"attachment-portfolio-grid-two size-portfolio-grid-two\" alt=\"\" srcset=\"https:\/\/toldosros.com\/wp-content\/uploads\/2024\/02\/projects06-560x560.png 560w, https:\/\/toldosros.com\/wp-content\/uploads\/2024\/02\/projects06-400x400.png 400w, https:\/\/toldosros.com\/wp-content\/uploads\/2024\/02\/projects06-367x367.png 367w\" sizes=\"auto, (max-width: 560px) 100vw, 560px\" \/><div class=\"fill\"><i class=\"centered-icon fa fa-plus\"><\/i><\/div><\/figure><\/a><a class=\"hover-overlay\" href=\"https:\/\/toldosros.com\/wp-content\/uploads\/2024\/01\/Terraza-particular-en-Barcelona.jpg\"><figure><img loading=\"lazy\" decoding=\"async\" width=\"560\" height=\"560\" src=\"https:\/\/toldosros.com\/wp-content\/uploads\/2024\/01\/Terraza-particular-en-Barcelona-560x560.jpg\" class=\"attachment-portfolio-grid-two size-portfolio-grid-two\" alt=\"\" srcset=\"https:\/\/toldosros.com\/wp-content\/uploads\/2024\/01\/Terraza-particular-en-Barcelona-560x560.jpg 560w, https:\/\/toldosros.com\/wp-content\/uploads\/2024\/01\/Terraza-particular-en-Barcelona-367x367.jpg 367w\" sizes=\"auto, (max-width: 560px) 100vw, 560px\" \/><div class=\"fill\"><i class=\"centered-icon fa fa-plus\"><\/i><\/div><\/figure><\/a><\/div>[\/vc_column][\/vc_row][\/vc_section]<\/p>\n<\/div>","protected":false},"excerpt":{"rendered":"<p>[vc_section full_width=&#8221;stretch_row&#8221; css=&#8221;.vc_custom_1706799893948{padding-top: 60px !important;padding-bottom: 20px !important;}&#8221; conditional_render=&#8221;%5B%7B%22value_role%22%3A%22administrator%22%7D%5D&#8221; el_id=&#8221;empresa&#8221;][vc_row][vc_column][vc_custom_heading text=&#8221;TENDALS A BARCELONA&#8221; font_container=&#8221;tag:h2|font_size:2em|text_align:left&#8221; use_theme_fonts=&#8221;yes&#8221; font_weight=&#8221;500&#8243; letter_spacing=&#8221;-2px&#8221; css=&#8221;.vc_custom_1706799839690{margin-bottom: 0px !important;}&#8221;][vc_custom_heading text=&#8221;Ja s\u00f3n m\u00e9s de 90 anys dedicats al m\u00f3n de la protecci\u00f3 solar, m\u00e9s de 90 anys aportant confort i qualitat de vida amb el disseny i fabricaci\u00f3 dels nostres propis models de tendals.&#8221; font_container=&#8221;tag:h3|font_size:1.3em|text_align:left&#8221; use_theme_fonts=&#8221;yes&#8221; [&hellip;]<\/p>\n","protected":false},"author":1,"featured_media":0,"parent":0,"menu_order":0,"comment_status":"closed","ping_status":"closed","template":"","meta":{"_seopress_robots_primary_cat":"","_seopress_titles_title":"Tendals ROS - Venda i instal\u00b7laci\u00f3 de tendals a Barcelona.","_seopress_titles_desc":"M\u00e9s de 90 anys oferint confort i qualitat amb els nostres propis models de tendals a Barcelona. Tecnologia de primera i solucions avan\u00e7ades. Pressupost sense comprom\u00eds.","_seopress_robots_index":"","_joinchat":[],"footnotes":""},"class_list":["post-2888","page","type-page","status-publish","hentry"],"_links":{"self":[{"href":"https:\/\/toldosros.com\/ca\/wp-json\/wp\/v2\/pages\/2888","targetHints":{"allow":["GET"]}}],"collection":[{"href":"https:\/\/toldosros.com\/ca\/wp-json\/wp\/v2\/pages"}],"about":[{"href":"https:\/\/toldosros.com\/ca\/wp-json\/wp\/v2\/types\/page"}],"author":[{"embeddable":true,"href":"https:\/\/toldosros.com\/ca\/wp-json\/wp\/v2\/users\/1"}],"replies":[{"embeddable":true,"href":"https:\/\/toldosros.com\/ca\/wp-json\/wp\/v2\/comments?post=2888"}],"version-history":[{"count":2,"href":"https:\/\/toldosros.com\/ca\/wp-json\/wp\/v2\/pages\/2888\/revisions"}],"predecessor-version":[{"id":2890,"href":"https:\/\/toldosros.com\/ca\/wp-json\/wp\/v2\/pages\/2888\/revisions\/2890"}],"wp:attachment":[{"href":"https:\/\/toldosros.com\/ca\/wp-json\/wp\/v2\/media?parent=2888"}],"curies":[{"name":"wp","href":"https:\/\/api.w.org\/{rel}","templated":true}]}}